{"id":8351,"date":"2016-08-02T11:44:08","date_gmt":"2016-08-02T09:44:08","guid":{"rendered":"http:\/\/www.boschapi.com\/comprar\/?lang=fr"},"modified":"2018-02-12T12:42:27","modified_gmt":"2018-02-12T11:42:27","slug":"achat-vente-maisons-appartements-lescala","status":"publish","type":"page","link":"https:\/\/www.boschapi.com\/fr\/achat-vente-maisons-appartements-lescala\/","title":{"rendered":"Ventes"},"content":{"rendered":"<p>Achat vente de maisons appartements \u00e0 L&rsquo;Escala, Costa Brava. Trouvez votre villa, studio ou appart chez Bosch API, votre agent immobilier \u00e0 L&rsquo;Escala<\/p>\n","protected":false},"excerpt":{"rendered":"<p>Achat vente de maisons appartements \u00e0 L&rsquo;Escala, Costa Brava. Trouvez votre villa, studio ou appart chez Bosch API, votre agent immobilier \u00e0 L&rsquo;Escala<\/p>\n","protected":false},"author":1,"featured_media":0,"parent":0,"menu_order":0,"comment_status":"closed","ping_status":"closed","template":"page-compra.php","meta":[],"acf":[],"yoast_head":"<!-- This site is optimized with the Yoast SEO plugin v20.1 - https:\/\/yoast.com\/wordpress\/plugins\/seo\/ -->\n<title>Achat vente de maisons, appartements \u00e0 l&#039;Escala | Bosch API<\/title>\n<meta name=\"description\" content=\"Achat vente de maisons appartements \u00e0 L&#039;Escala, Costa Brava. Trouvez votre villa, studio ou appart chez Bosch API, votre agent immobilier \u00e0 L&#039;Escala\" \/>\n<meta name=\"robots\" content=\"index, follow, max-snippet:-1, max-image-preview:large, max-video-preview:-1\" \/>\n<link rel=\"canonical\" href=\"https:\/\/www.boschapi.com\/fr\/achat-vente-maisons-appartements-lescala\/\" \/>\n<meta property=\"og:locale\" content=\"fr_FR\" \/>\n<meta property=\"og:type\" content=\"article\" \/>\n<meta property=\"og:title\" content=\"Achat vente de maisons, appartements \u00e0 l&#039;Escala | Bosch API\" \/>\n<meta property=\"og:description\" content=\"Achat vente de maisons appartements \u00e0 L&#039;Escala, Costa Brava. Trouvez votre villa, studio ou appart chez Bosch API, votre agent immobilier \u00e0 L&#039;Escala\" \/>\n<meta property=\"og:url\" content=\"https:\/\/www.boschapi.com\/fr\/achat-vente-maisons-appartements-lescala\/\" \/>\n<meta property=\"og:site_name\" content=\"Bosch API\" \/>\n<meta property=\"article:modified_time\" content=\"2018-02-12T11:42:27+00:00\" \/>\n<meta name=\"twitter:card\" content=\"summary_large_image\" \/>\n<script type=\"application\/ld+json\" class=\"yoast-schema-graph\">{\"@context\":\"https:\/\/schema.org\",\"@graph\":[{\"@type\":\"WebPage\",\"@id\":\"https:\/\/www.boschapi.com\/fr\/achat-vente-maisons-appartements-lescala\/\",\"url\":\"https:\/\/www.boschapi.com\/fr\/achat-vente-maisons-appartements-lescala\/\",\"name\":\"Achat vente de maisons, appartements \u00e0 l'Escala | Bosch API\",\"isPartOf\":{\"@id\":\"https:\/\/www.boschapi.com\/fr\/#website\"},\"datePublished\":\"2016-08-02T09:44:08+00:00\",\"dateModified\":\"2018-02-12T11:42:27+00:00\",\"description\":\"Achat vente de maisons appartements \u00e0 L'Escala, Costa Brava. Trouvez votre villa, studio ou appart chez Bosch API, votre agent immobilier \u00e0 L'Escala\",\"breadcrumb\":{\"@id\":\"https:\/\/www.boschapi.com\/fr\/achat-vente-maisons-appartements-lescala\/#breadcrumb\"},\"inLanguage\":\"fr-FR\",\"potentialAction\":[{\"@type\":\"ReadAction\",\"target\":[\"https:\/\/www.boschapi.com\/fr\/achat-vente-maisons-appartements-lescala\/\"]}]},{\"@type\":\"BreadcrumbList\",\"@id\":\"https:\/\/www.boschapi.com\/fr\/achat-vente-maisons-appartements-lescala\/#breadcrumb\",\"itemListElement\":[{\"@type\":\"ListItem\",\"position\":1,\"name\":\"Inici\",\"item\":\"https:\/\/www.boschapi.com\/fr\/\"},{\"@type\":\"ListItem\",\"position\":2,\"name\":\"Ventes\"}]},{\"@type\":\"WebSite\",\"@id\":\"https:\/\/www.boschapi.com\/fr\/#website\",\"url\":\"https:\/\/www.boschapi.com\/fr\/\",\"name\":\"Bosch API\",\"description\":\"Compra venda i lloguer de cases i apartaments a l&#039;Escala\",\"potentialAction\":[{\"@type\":\"SearchAction\",\"target\":{\"@type\":\"EntryPoint\",\"urlTemplate\":\"https:\/\/www.boschapi.com\/fr\/?s={search_term_string}\"},\"query-input\":\"required name=search_term_string\"}],\"inLanguage\":\"fr-FR\"}]}<\/script>\n<!-- \/ Yoast SEO plugin. -->","yoast_head_json":{"title":"Achat vente de maisons, appartements \u00e0 l'Escala | Bosch API","description":"Achat vente de maisons appartements \u00e0 L'Escala, Costa Brava. Trouvez votre villa, studio ou appart chez Bosch API, votre agent immobilier \u00e0 L'Escala","robots":{"index":"index","follow":"follow","max-snippet":"max-snippet:-1","max-image-preview":"max-image-preview:large","max-video-preview":"max-video-preview:-1"},"canonical":"https:\/\/www.boschapi.com\/fr\/achat-vente-maisons-appartements-lescala\/","og_locale":"fr_FR","og_type":"article","og_title":"Achat vente de maisons, appartements \u00e0 l'Escala | Bosch API","og_description":"Achat vente de maisons appartements \u00e0 L'Escala, Costa Brava. Trouvez votre villa, studio ou appart chez Bosch API, votre agent immobilier \u00e0 L'Escala","og_url":"https:\/\/www.boschapi.com\/fr\/achat-vente-maisons-appartements-lescala\/","og_site_name":"Bosch API","article_modified_time":"2018-02-12T11:42:27+00:00","twitter_card":"summary_large_image","schema":{"@context":"https:\/\/schema.org","@graph":[{"@type":"WebPage","@id":"https:\/\/www.boschapi.com\/fr\/achat-vente-maisons-appartements-lescala\/","url":"https:\/\/www.boschapi.com\/fr\/achat-vente-maisons-appartements-lescala\/","name":"Achat vente de maisons, appartements \u00e0 l'Escala | Bosch API","isPartOf":{"@id":"https:\/\/www.boschapi.com\/fr\/#website"},"datePublished":"2016-08-02T09:44:08+00:00","dateModified":"2018-02-12T11:42:27+00:00","description":"Achat vente de maisons appartements \u00e0 L'Escala, Costa Brava. Trouvez votre villa, studio ou appart chez Bosch API, votre agent immobilier \u00e0 L'Escala","breadcrumb":{"@id":"https:\/\/www.boschapi.com\/fr\/achat-vente-maisons-appartements-lescala\/#breadcrumb"},"inLanguage":"fr-FR","potentialAction":[{"@type":"ReadAction","target":["https:\/\/www.boschapi.com\/fr\/achat-vente-maisons-appartements-lescala\/"]}]},{"@type":"BreadcrumbList","@id":"https:\/\/www.boschapi.com\/fr\/achat-vente-maisons-appartements-lescala\/#breadcrumb","itemListElement":[{"@type":"ListItem","position":1,"name":"Inici","item":"https:\/\/www.boschapi.com\/fr\/"},{"@type":"ListItem","position":2,"name":"Ventes"}]},{"@type":"WebSite","@id":"https:\/\/www.boschapi.com\/fr\/#website","url":"https:\/\/www.boschapi.com\/fr\/","name":"Bosch API","description":"Compra venda i lloguer de cases i apartaments a l&#039;Escala","potentialAction":[{"@type":"SearchAction","target":{"@type":"EntryPoint","urlTemplate":"https:\/\/www.boschapi.com\/fr\/?s={search_term_string}"},"query-input":"required name=search_term_string"}],"inLanguage":"fr-FR"}]}},"_links":{"self":[{"href":"https:\/\/www.boschapi.com\/fr\/wp-json\/wp\/v2\/pages\/8351"}],"collection":[{"href":"https:\/\/www.boschapi.com\/fr\/wp-json\/wp\/v2\/pages"}],"about":[{"href":"https:\/\/www.boschapi.com\/fr\/wp-json\/wp\/v2\/types\/page"}],"author":[{"embeddable":true,"href":"https:\/\/www.boschapi.com\/fr\/wp-json\/wp\/v2\/users\/1"}],"replies":[{"embeddable":true,"href":"https:\/\/www.boschapi.com\/fr\/wp-json\/wp\/v2\/comments?post=8351"}],"version-history":[{"count":2,"href":"https:\/\/www.boschapi.com\/fr\/wp-json\/wp\/v2\/pages\/8351\/revisions"}],"predecessor-version":[{"id":14504,"href":"https:\/\/www.boschapi.com\/fr\/wp-json\/wp\/v2\/pages\/8351\/revisions\/14504"}],"wp:attachment":[{"href":"https:\/\/www.boschapi.com\/fr\/wp-json\/wp\/v2\/media?parent=8351"}],"curies":[{"name":"wp","href":"https:\/\/api.w.org\/{rel}","templated":true}]}}