{"id":8331,"date":"2016-07-29T10:36:19","date_gmt":"2016-07-29T10:36:19","guid":{"rendered":"http:\/\/www.boschapi.com\/bosch-lempresa\/?lang=fr"},"modified":"2017-02-24T18:00:25","modified_gmt":"2017-02-24T17:00:25","slug":"agence-immobiliere","status":"publish","type":"page","link":"https:\/\/www.boschapi.com\/fr\/agence-immobiliere\/","title":{"rendered":"Bosch, l&rsquo;entreprise"},"content":{"rendered":"<h1>Agence immobili\u00e8re Bosch API est aussi constructeur, API agent de la propri\u00e9t\u00e9 immobili\u00e8re, agent d&rsquo;assurances, et designer et planificateur de projets, \u00e0 l&rsquo;Escala-Costa Brava.<\/h1>\n<h2>En 1967, il est n\u00e9 \u00e0 L&rsquo;Escala une des agences immobili\u00e8res et promoteurs qui a mieux su se tenir dans le march\u00e9 de l&rsquo;immobilier sur la Costa Brava. API Bosch est une entreprise familiale qui a commenc\u00e9 ses d\u00e9veloppements immobiliers il y a trente ans et, depuis la, elle a \u00e9t\u00e9 \u00e0 votre service offrant des services de bonne qualit\u00e9.<\/h2>\n<h2>Au cours de ces quarante-cinq ans, beaucoup de choses ont chang\u00e9: nous avons vu arriver les crises financi\u00e8res et les nouvelles g\u00e9n\u00e9rations de la famille ont rejoint l&rsquo;entreprise.<\/h2>\n<h2>L&rsquo;entreprise a grandi et elle a incorpor\u00e9 des nouveaux services comme le bureau technique et la location touristique et \u00e0 l&rsquo;ann\u00e9e.<\/h2>\n<p>Agence immobili\u00e8re Bosch API en temps de crise, a \u00e9t\u00e9 sur le march\u00e9 tandis que d&rsquo;autres ont disparu et abandonn\u00e9s \u00e0 leurs clients.<\/p>\n<p>En p\u00e9riode d&rsquo;euphorie, <strong>Bosch API<\/strong> a su r\u00e9sister aux gains rapides et faciles, avec la conviction qu&rsquo;il ya d&rsquo;autres choses plus pr\u00e9cieuses pour laisser \u00e0 nos enfants. Et en tout temps, nos clients sont devenus nos amis.<\/p>\n<p><img decoding=\"async\" loading=\"lazy\" class=\"alignnone size-large wp-image-169\" src=\"http:\/\/www.boschapi.com\/wp-content\/uploads\/2016\/07\/web_dia-1024x813.jpg\" alt=\"web_dia\" width=\"1024\" height=\"813\" srcset=\"https:\/\/www.boschapi.com\/wp-content\/uploads\/2016\/07\/web_dia-1024x813.jpg 1024w, https:\/\/www.boschapi.com\/wp-content\/uploads\/2016\/07\/web_dia-150x119.jpg 150w, https:\/\/www.boschapi.com\/wp-content\/uploads\/2016\/07\/web_dia-277x220.jpg 277w, https:\/\/www.boschapi.com\/wp-content\/uploads\/2016\/07\/web_dia-768x610.jpg 768w, https:\/\/www.boschapi.com\/wp-content\/uploads\/2016\/07\/web_dia-300x238.jpg 300w, https:\/\/www.boschapi.com\/wp-content\/uploads\/2016\/07\/web_dia.jpg 1647w\" sizes=\"(max-width: 1024px) 100vw, 1024px\" \/><\/p>\n<p>Nous ne sommes pas ceux qui ont construit le plus ni fait plus d&rsquo;argent, parce que nous sommes une entreprise familiale. S\u00fbrement on n&rsquo;est non plus ceux qui ont construit le plus haut, parce que nous croyons que les foyers devraient \u00eatre faits sur mesure humaine et doivent respecter leur environnement naturel.<\/p>\n","protected":false},"excerpt":{"rendered":"<p>Agence immobili\u00e8re Bosch API est aussi constructeur, API agent de la propri\u00e9t\u00e9 immobili\u00e8re, agent d&rsquo;assurances, et designer et planificateur de projets, \u00e0 l&rsquo;Escala-Costa Brava. En 1967, il est n\u00e9 \u00e0 L&rsquo;Escala une des agences immobili\u00e8res et promoteurs qui a mieux su se tenir dans le march\u00e9 de l&rsquo;immobilier sur la Costa Brava. API Bosch est [&hellip;]<\/p>\n","protected":false},"author":1,"featured_media":0,"parent":0,"menu_order":0,"comment_status":"closed","ping_status":"closed","template":"page-empresa.php","meta":[],"acf":[],"yoast_head":"<!-- This site is optimized with the Yoast SEO plugin v20.1 - https:\/\/yoast.com\/wordpress\/plugins\/seo\/ -->\n<title>Agence immobili\u00e8re, constructeur \u00e0 l&#039;Escala | Bosch API<\/title>\n<meta name=\"description\" content=\"Agence immobili\u00e8re Bosch API, constructeur, syndic de copropri\u00e9t\u00e9s, agent d&#039;assurances et designer et planificateur de projets \u00e0 L&#039;Escala, Costa Brava.\" \/>\n<meta name=\"robots\" content=\"index, follow, max-snippet:-1, max-image-preview:large, max-video-preview:-1\" \/>\n<link rel=\"canonical\" href=\"https:\/\/www.boschapi.com\/fr\/agence-immobiliere\/\" \/>\n<meta property=\"og:locale\" content=\"fr_FR\" \/>\n<meta property=\"og:type\" content=\"article\" \/>\n<meta property=\"og:title\" content=\"Agence immobili\u00e8re, constructeur \u00e0 l&#039;Escala | Bosch API\" \/>\n<meta property=\"og:description\" content=\"Agence immobili\u00e8re Bosch API, constructeur, syndic de copropri\u00e9t\u00e9s, agent d&#039;assurances et designer et planificateur de projets \u00e0 L&#039;Escala, Costa Brava.\" \/>\n<meta property=\"og:url\" content=\"https:\/\/www.boschapi.com\/fr\/agence-immobiliere\/\" \/>\n<meta property=\"og:site_name\" content=\"Bosch API\" \/>\n<meta property=\"article:modified_time\" content=\"2017-02-24T17:00:25+00:00\" \/>\n<meta property=\"og:image\" content=\"http:\/\/www.boschapi.com\/wp-content\/uploads\/2016\/07\/web_dia-1024x813.jpg\" \/>\n<meta name=\"twitter:card\" content=\"summary_large_image\" \/>\n<meta name=\"twitter:label1\" content=\"Dur\u00e9e de lecture estim\u00e9e\" \/>\n\t<meta name=\"twitter:data1\" content=\"1 minute\" \/>\n<script type=\"application\/ld+json\" class=\"yoast-schema-graph\">{\"@context\":\"https:\/\/schema.org\",\"@graph\":[{\"@type\":\"WebPage\",\"@id\":\"https:\/\/www.boschapi.com\/fr\/agence-immobiliere\/\",\"url\":\"https:\/\/www.boschapi.com\/fr\/agence-immobiliere\/\",\"name\":\"Agence immobili\u00e8re, constructeur \u00e0 l'Escala | Bosch API\",\"isPartOf\":{\"@id\":\"https:\/\/www.boschapi.com\/fr\/#website\"},\"datePublished\":\"2016-07-29T10:36:19+00:00\",\"dateModified\":\"2017-02-24T17:00:25+00:00\",\"description\":\"Agence immobili\u00e8re Bosch API, constructeur, syndic de copropri\u00e9t\u00e9s, agent d'assurances et designer et planificateur de projets \u00e0 L'Escala, Costa Brava.\",\"breadcrumb\":{\"@id\":\"https:\/\/www.boschapi.com\/fr\/agence-immobiliere\/#breadcrumb\"},\"inLanguage\":\"fr-FR\",\"potentialAction\":[{\"@type\":\"ReadAction\",\"target\":[\"https:\/\/www.boschapi.com\/fr\/agence-immobiliere\/\"]}]},{\"@type\":\"BreadcrumbList\",\"@id\":\"https:\/\/www.boschapi.com\/fr\/agence-immobiliere\/#breadcrumb\",\"itemListElement\":[{\"@type\":\"ListItem\",\"position\":1,\"name\":\"Inici\",\"item\":\"https:\/\/www.boschapi.com\/fr\/\"},{\"@type\":\"ListItem\",\"position\":2,\"name\":\"Bosch, l&rsquo;entreprise\"}]},{\"@type\":\"WebSite\",\"@id\":\"https:\/\/www.boschapi.com\/fr\/#website\",\"url\":\"https:\/\/www.boschapi.com\/fr\/\",\"name\":\"Bosch API\",\"description\":\"Compra venda i lloguer de cases i apartaments a l&#039;Escala\",\"potentialAction\":[{\"@type\":\"SearchAction\",\"target\":{\"@type\":\"EntryPoint\",\"urlTemplate\":\"https:\/\/www.boschapi.com\/fr\/?s={search_term_string}\"},\"query-input\":\"required name=search_term_string\"}],\"inLanguage\":\"fr-FR\"}]}<\/script>\n<!-- \/ Yoast SEO plugin. -->","yoast_head_json":{"title":"Agence immobili\u00e8re, constructeur \u00e0 l'Escala | Bosch API","description":"Agence immobili\u00e8re Bosch API, constructeur, syndic de copropri\u00e9t\u00e9s, agent d'assurances et designer et planificateur de projets \u00e0 L'Escala, Costa Brava.","robots":{"index":"index","follow":"follow","max-snippet":"max-snippet:-1","max-image-preview":"max-image-preview:large","max-video-preview":"max-video-preview:-1"},"canonical":"https:\/\/www.boschapi.com\/fr\/agence-immobiliere\/","og_locale":"fr_FR","og_type":"article","og_title":"Agence immobili\u00e8re, constructeur \u00e0 l'Escala | Bosch API","og_description":"Agence immobili\u00e8re Bosch API, constructeur, syndic de copropri\u00e9t\u00e9s, agent d'assurances et designer et planificateur de projets \u00e0 L'Escala, Costa Brava.","og_url":"https:\/\/www.boschapi.com\/fr\/agence-immobiliere\/","og_site_name":"Bosch API","article_modified_time":"2017-02-24T17:00:25+00:00","og_image":[{"url":"http:\/\/www.boschapi.com\/wp-content\/uploads\/2016\/07\/web_dia-1024x813.jpg"}],"twitter_card":"summary_large_image","twitter_misc":{"Dur\u00e9e de lecture estim\u00e9e":"1 minute"},"schema":{"@context":"https:\/\/schema.org","@graph":[{"@type":"WebPage","@id":"https:\/\/www.boschapi.com\/fr\/agence-immobiliere\/","url":"https:\/\/www.boschapi.com\/fr\/agence-immobiliere\/","name":"Agence immobili\u00e8re, constructeur \u00e0 l'Escala | Bosch API","isPartOf":{"@id":"https:\/\/www.boschapi.com\/fr\/#website"},"datePublished":"2016-07-29T10:36:19+00:00","dateModified":"2017-02-24T17:00:25+00:00","description":"Agence immobili\u00e8re Bosch API, constructeur, syndic de copropri\u00e9t\u00e9s, agent d'assurances et designer et planificateur de projets \u00e0 L'Escala, Costa Brava.","breadcrumb":{"@id":"https:\/\/www.boschapi.com\/fr\/agence-immobiliere\/#breadcrumb"},"inLanguage":"fr-FR","potentialAction":[{"@type":"ReadAction","target":["https:\/\/www.boschapi.com\/fr\/agence-immobiliere\/"]}]},{"@type":"BreadcrumbList","@id":"https:\/\/www.boschapi.com\/fr\/agence-immobiliere\/#breadcrumb","itemListElement":[{"@type":"ListItem","position":1,"name":"Inici","item":"https:\/\/www.boschapi.com\/fr\/"},{"@type":"ListItem","position":2,"name":"Bosch, l&rsquo;entreprise"}]},{"@type":"WebSite","@id":"https:\/\/www.boschapi.com\/fr\/#website","url":"https:\/\/www.boschapi.com\/fr\/","name":"Bosch API","description":"Compra venda i lloguer de cases i apartaments a l&#039;Escala","potentialAction":[{"@type":"SearchAction","target":{"@type":"EntryPoint","urlTemplate":"https:\/\/www.boschapi.com\/fr\/?s={search_term_string}"},"query-input":"required name=search_term_string"}],"inLanguage":"fr-FR"}]}},"_links":{"self":[{"href":"https:\/\/www.boschapi.com\/fr\/wp-json\/wp\/v2\/pages\/8331"}],"collection":[{"href":"https:\/\/www.boschapi.com\/fr\/wp-json\/wp\/v2\/pages"}],"about":[{"href":"https:\/\/www.boschapi.com\/fr\/wp-json\/wp\/v2\/types\/page"}],"author":[{"embeddable":true,"href":"https:\/\/www.boschapi.com\/fr\/wp-json\/wp\/v2\/users\/1"}],"replies":[{"embeddable":true,"href":"https:\/\/www.boschapi.com\/fr\/wp-json\/wp\/v2\/comments?post=8331"}],"version-history":[{"count":5,"href":"https:\/\/www.boschapi.com\/fr\/wp-json\/wp\/v2\/pages\/8331\/revisions"}],"predecessor-version":[{"id":14510,"href":"https:\/\/www.boschapi.com\/fr\/wp-json\/wp\/v2\/pages\/8331\/revisions\/14510"}],"wp:attachment":[{"href":"https:\/\/www.boschapi.com\/fr\/wp-json\/wp\/v2\/media?parent=8331"}],"curies":[{"name":"wp","href":"https:\/\/api.w.org\/{rel}","templated":true}]}}