{"id":8308,"date":"2016-08-03T07:24:45","date_gmt":"2016-08-03T05:24:45","guid":{"rendered":"http:\/\/www.boschapi.com\/avis-legal-informacio\/?lang=fr"},"modified":"2021-06-21T16:26:27","modified_gmt":"2021-06-21T14:26:27","slug":"avis-legal-information","status":"publish","type":"page","link":"https:\/\/www.boschapi.com\/fr\/avis-legal-information\/","title":{"rendered":"Avis l\u00e9gal &#8211; Information"},"content":{"rendered":"<p>Bienvenue sur le site Web https:\/\/boschapi.com<\/p>\n<p>Voici les conditions d&rsquo;utilisation de ce site Web. La navigation sur ce site Web vous conf\u00e8re le r\u00f4le d&rsquo;UTILISATEUR de ce site Web et, par cons\u00e9quent, vous acceptez les clauses d\u00e9taill\u00e9es dans ce document.<\/p>\n<p><strong>IDENTIFICATION<\/strong><\/p>\n<p>Conform\u00e9ment aux dispositions de l&rsquo;article 10 de la loi 34\/2002 du 11 juillet sur les services de la soci\u00e9t\u00e9 de l&rsquo;information et le commerce \u00e9lectronique, il est signal\u00e9 que https:\/\/boschap\u00ed.com est un domaine g\u00e9r\u00e9 par deux soci\u00e9t\u00e9s\u00a0:<\/p>\n<p>DOLEXTUR SL, avec si\u00e8ge social \u00e0 C \/ Enric Serra, 2, 17130 L&rsquo;Escala, T\u00e9l: 972 77 15 05, email: info@boschapi.com, CIF: B17136573, figure inscrite au registre du commerce de Girona, tome 744, livre 69, 2e section, folio 166, page 1565, 1re inscription.<\/p>\n<p>FINQUES EMPORD\u00c0, SL, ayant son si\u00e8ge social \u00e0 Av. Riells 71B 17130 L&rsquo;Escala Tlf : 678340152, email : femporda@boschapi.com, CIF : B55301873, figure inscrite au registre du commerce de Girona, tome 3167, folio 60, feuille GI -62355.<\/p>\n<p>Les deux soci\u00e9t\u00e9s ci-apr\u00e8s d\u00e9nomm\u00e9es LES PROPRI\u00c9TAIRES.<\/p>\n<p><strong>R\u00c8GLES D&rsquo;UTILISATION<\/strong><\/p>\n<p>L&rsquo;UTILISATEUR s&rsquo;engage \u00e0 faire un usage correct et licite du site Web ainsi que des contenus et services, conform\u00e9ment \u00e0 la l\u00e9gislation applicable \u00e0 tout moment, aux bonnes m\u0153urs et aux bonnes m\u0153urs g\u00e9n\u00e9ralement accept\u00e9es et \u00e0 l&rsquo;ordre public.<\/p>\n<p>Il est interdit, de votre part, d&rsquo;effectuer toute action pouvant entra\u00eener des modifications du contenu de ce site Web ou son dysfonctionnement, y compris l&rsquo;introduction de virus ou similaires.<\/p>\n<p><strong>PROPRI\u00c9T\u00c9 INTELLECTUELLE<\/strong><\/p>\n<p>Les pages du site Web et les informations ou \u00e9l\u00e9ments qu&rsquo;il contient, notamment les textes, documents, photographies, dessins, repr\u00e9sentations graphiques, bases de donn\u00e9es, vid\u00e9os ainsi que les logos, marques, noms commerciaux, ou autres signes distinctifs, sont prot\u00e9g\u00e9s par des droits de propri\u00e9t\u00e9 intellectuelle ou industrielle, dont LES PROPRI\u00c9TAIRES sont les propri\u00e9taires ou avec des licences l\u00e9gitimes.<\/p>\n<p>Il vous est interdit, de votre part, d&rsquo;effectuer toute action pouvant entra\u00eener des alt\u00e9rations du contenu de ce site Web ou son dysfonctionnement, y compris l&rsquo;introduction de virus ou similaires.<\/p>\n<p><strong>RESPONSABILIT\u00c9<\/strong><\/p>\n<p>Notre intention est d&rsquo;offrir un site Web qui offre un fonctionnement continu et de la plus haute qualit\u00e9.<\/p>\n<p>Dans tous les cas, nous vous informons que nous ne pouvons garantir un acc\u00e8s continu et que les pages peuvent \u00eatre entrav\u00e9es ou interrompues par des facteurs ou des circonstances ind\u00e9pendantes de notre volont\u00e9.<\/p>\n<p>LES PROPRI\u00c9TAIRES ne sont pas responsables des informations et autres contenus int\u00e9gr\u00e9s dans des espaces ou des sites Web de tiers accessibles via des liens ou links.<\/p>\n<p>LES PROPRI\u00c9TAIRES ne sont pas responsables des dommages pouvant r\u00e9sulter, entre autres, de :<\/p>\n<ul>\n<li>Interf\u00e9rences, interruptions, pannes, omissions, pannes t\u00e9l\u00e9phoniques, retards, blocages ou d\u00e9connexions dans le fonctionnement du syst\u00e8me \u00e9lectronique, caus\u00e9s par des d\u00e9faillances, des surcharges et des erreurs dans les lignes et r\u00e9seaux de t\u00e9l\u00e9communications<\/li>\n<li>Interf\u00e9rence ill\u00e9gitime par l&rsquo;utilisation de programmes malveillants de toute nature et par tout moyen de communication.<\/li>\n<li>Utilisation inappropri\u00e9e ou inappropri\u00e9e du site Web.<\/li>\n<li>Erreurs produites par un dysfonctionnement du navigateur ou par l&rsquo;utilisation de versions obsol\u00e8tes de celui-ci.<\/li>\n<\/ul>\n<p>Des dommages et int\u00e9r\u00eats pourront \u00eatre r\u00e9clam\u00e9s \u00e0 l&rsquo;UTILISATEUR en cas de dommages caus\u00e9s par une utilisation ill\u00e9gale ou inappropri\u00e9e de ce site Web.<\/p>\n<p>De m\u00eame, l&rsquo;UTILISATEUR sera responsable de tout dommage r\u00e9sultant de son utilisation de \u00ab\u00a0robots\u00a0\u00bb, \u00ab\u00a0araign\u00e9es\u00a0\u00bb, &#8230; ou d&rsquo;outils similaires utilis\u00e9s afin de collecter ou d&rsquo;extraire des donn\u00e9es ou de toute autre action de sa part qui impose une charge d\u00e9raisonnable \u00e0 le fonctionnement du site Web.<\/p>\n<p><strong>L\u00c9GISLATION<\/strong><\/p>\n<p>Pour la r\u00e9solution de tout conflit pouvant survenir lors de la visite de notre site Web, nous vous conseillons de contacter LES PROPRI\u00c9TAIRES directement via les coordonn\u00e9es que nous vous proposons en exposant votre cas, afin de parvenir \u00e0 un accord amiable entre les Deux parties.<\/p>\n<p>Dans le cas contraire, la loi applicable en cas de litige ou de conflit d&rsquo;interpr\u00e9tation des termes qui composent cet avis juridique, ainsi que toute question li\u00e9e aux services et produits de ce portail, sera la loi espagnole.<\/p>\n<p>Si vous le souhaitez, la Commission europ\u00e9enne met \u00e0 votre disposition une plateforme de r\u00e8glement des litiges en ligne disponible au lien suivant : http:\/\/ec.europa.eu\/consumers\/odr\/<\/p>\n<p>LES PROPRI\u00c9TAIRES et l&rsquo;UTILISATEUR acceptent de se soumettre aux juges et tribunaux du domicile de l&rsquo;UTILISATEUR, \u00e0 condition que l&rsquo;UTILISATEUR soit situ\u00e9 sur le territoire espagnol et agisse en tant que consommateur.<\/p>\n","protected":false},"excerpt":{"rendered":"<p>Bienvenue sur le site Web https:\/\/boschapi.com Voici les conditions d&rsquo;utilisation de ce site Web. La navigation sur ce site Web vous conf\u00e8re le r\u00f4le d&rsquo;UTILISATEUR de ce site Web et, par cons\u00e9quent, vous acceptez les clauses d\u00e9taill\u00e9es dans ce document. IDENTIFICATION Conform\u00e9ment aux dispositions de l&rsquo;article 10 de la loi 34\/2002 du 11 juillet sur [&hellip;]<\/p>\n","protected":false},"author":1,"featured_media":0,"parent":0,"menu_order":0,"comment_status":"closed","ping_status":"closed","template":"","meta":[],"acf":[],"yoast_head":"<!-- This site is optimized with the Yoast SEO plugin v20.1 - https:\/\/yoast.com\/wordpress\/plugins\/seo\/ -->\n<title>Avis l\u00e9gal - Information | Bosch API<\/title>\n<meta name=\"description\" content=\"Bienvenue sur le site Web https:\/\/boschapi.com Voici les conditions d&#039;utilisation de ce site Web. La navigation sur ce site Web vous conf\u00e8re le r\u00f4le\" \/>\n<meta name=\"robots\" content=\"index, follow, max-snippet:-1, max-image-preview:large, max-video-preview:-1\" \/>\n<link rel=\"canonical\" href=\"https:\/\/www.boschapi.com\/fr\/avis-legal-information\/\" \/>\n<meta property=\"og:locale\" content=\"fr_FR\" \/>\n<meta property=\"og:type\" content=\"article\" \/>\n<meta property=\"og:title\" content=\"Avis l\u00e9gal - Information | Bosch API\" \/>\n<meta property=\"og:description\" content=\"Bienvenue sur le site Web https:\/\/boschapi.com Voici les conditions d&#039;utilisation de ce site Web. La navigation sur ce site Web vous conf\u00e8re le r\u00f4le\" \/>\n<meta property=\"og:url\" content=\"https:\/\/www.boschapi.com\/fr\/avis-legal-information\/\" \/>\n<meta property=\"og:site_name\" content=\"Bosch API\" \/>\n<meta property=\"article:modified_time\" content=\"2021-06-21T14:26:27+00:00\" \/>\n<meta name=\"twitter:card\" content=\"summary_large_image\" \/>\n<meta name=\"twitter:label1\" content=\"Dur\u00e9e de lecture estim\u00e9e\" \/>\n\t<meta name=\"twitter:data1\" content=\"4 minutes\" \/>\n<script type=\"application\/ld+json\" class=\"yoast-schema-graph\">{\"@context\":\"https:\/\/schema.org\",\"@graph\":[{\"@type\":\"WebPage\",\"@id\":\"https:\/\/www.boschapi.com\/fr\/avis-legal-information\/\",\"url\":\"https:\/\/www.boschapi.com\/fr\/avis-legal-information\/\",\"name\":\"Avis l\u00e9gal - Information | Bosch API\",\"isPartOf\":{\"@id\":\"https:\/\/www.boschapi.com\/fr\/#website\"},\"datePublished\":\"2016-08-03T05:24:45+00:00\",\"dateModified\":\"2021-06-21T14:26:27+00:00\",\"description\":\"Bienvenue sur le site Web https:\/\/boschapi.com Voici les conditions d'utilisation de ce site Web. La navigation sur ce site Web vous conf\u00e8re le r\u00f4le\",\"breadcrumb\":{\"@id\":\"https:\/\/www.boschapi.com\/fr\/avis-legal-information\/#breadcrumb\"},\"inLanguage\":\"fr-FR\",\"potentialAction\":[{\"@type\":\"ReadAction\",\"target\":[\"https:\/\/www.boschapi.com\/fr\/avis-legal-information\/\"]}]},{\"@type\":\"BreadcrumbList\",\"@id\":\"https:\/\/www.boschapi.com\/fr\/avis-legal-information\/#breadcrumb\",\"itemListElement\":[{\"@type\":\"ListItem\",\"position\":1,\"name\":\"Inici\",\"item\":\"https:\/\/www.boschapi.com\/fr\/\"},{\"@type\":\"ListItem\",\"position\":2,\"name\":\"Avis l\u00e9gal &#8211; Information\"}]},{\"@type\":\"WebSite\",\"@id\":\"https:\/\/www.boschapi.com\/fr\/#website\",\"url\":\"https:\/\/www.boschapi.com\/fr\/\",\"name\":\"Bosch API\",\"description\":\"Compra venda i lloguer de cases i apartaments a l&#039;Escala\",\"potentialAction\":[{\"@type\":\"SearchAction\",\"target\":{\"@type\":\"EntryPoint\",\"urlTemplate\":\"https:\/\/www.boschapi.com\/fr\/?s={search_term_string}\"},\"query-input\":\"required name=search_term_string\"}],\"inLanguage\":\"fr-FR\"}]}<\/script>\n<!-- \/ Yoast SEO plugin. -->","yoast_head_json":{"title":"Avis l\u00e9gal - Information | Bosch API","description":"Bienvenue sur le site Web https:\/\/boschapi.com Voici les conditions d'utilisation de ce site Web. La navigation sur ce site Web vous conf\u00e8re le r\u00f4le","robots":{"index":"index","follow":"follow","max-snippet":"max-snippet:-1","max-image-preview":"max-image-preview:large","max-video-preview":"max-video-preview:-1"},"canonical":"https:\/\/www.boschapi.com\/fr\/avis-legal-information\/","og_locale":"fr_FR","og_type":"article","og_title":"Avis l\u00e9gal - Information | Bosch API","og_description":"Bienvenue sur le site Web https:\/\/boschapi.com Voici les conditions d'utilisation de ce site Web. La navigation sur ce site Web vous conf\u00e8re le r\u00f4le","og_url":"https:\/\/www.boschapi.com\/fr\/avis-legal-information\/","og_site_name":"Bosch API","article_modified_time":"2021-06-21T14:26:27+00:00","twitter_card":"summary_large_image","twitter_misc":{"Dur\u00e9e de lecture estim\u00e9e":"4 minutes"},"schema":{"@context":"https:\/\/schema.org","@graph":[{"@type":"WebPage","@id":"https:\/\/www.boschapi.com\/fr\/avis-legal-information\/","url":"https:\/\/www.boschapi.com\/fr\/avis-legal-information\/","name":"Avis l\u00e9gal - Information | Bosch API","isPartOf":{"@id":"https:\/\/www.boschapi.com\/fr\/#website"},"datePublished":"2016-08-03T05:24:45+00:00","dateModified":"2021-06-21T14:26:27+00:00","description":"Bienvenue sur le site Web https:\/\/boschapi.com Voici les conditions d'utilisation de ce site Web. La navigation sur ce site Web vous conf\u00e8re le r\u00f4le","breadcrumb":{"@id":"https:\/\/www.boschapi.com\/fr\/avis-legal-information\/#breadcrumb"},"inLanguage":"fr-FR","potentialAction":[{"@type":"ReadAction","target":["https:\/\/www.boschapi.com\/fr\/avis-legal-information\/"]}]},{"@type":"BreadcrumbList","@id":"https:\/\/www.boschapi.com\/fr\/avis-legal-information\/#breadcrumb","itemListElement":[{"@type":"ListItem","position":1,"name":"Inici","item":"https:\/\/www.boschapi.com\/fr\/"},{"@type":"ListItem","position":2,"name":"Avis l\u00e9gal &#8211; Information"}]},{"@type":"WebSite","@id":"https:\/\/www.boschapi.com\/fr\/#website","url":"https:\/\/www.boschapi.com\/fr\/","name":"Bosch API","description":"Compra venda i lloguer de cases i apartaments a l&#039;Escala","potentialAction":[{"@type":"SearchAction","target":{"@type":"EntryPoint","urlTemplate":"https:\/\/www.boschapi.com\/fr\/?s={search_term_string}"},"query-input":"required name=search_term_string"}],"inLanguage":"fr-FR"}]}},"_links":{"self":[{"href":"https:\/\/www.boschapi.com\/fr\/wp-json\/wp\/v2\/pages\/8308"}],"collection":[{"href":"https:\/\/www.boschapi.com\/fr\/wp-json\/wp\/v2\/pages"}],"about":[{"href":"https:\/\/www.boschapi.com\/fr\/wp-json\/wp\/v2\/types\/page"}],"author":[{"embeddable":true,"href":"https:\/\/www.boschapi.com\/fr\/wp-json\/wp\/v2\/users\/1"}],"replies":[{"embeddable":true,"href":"https:\/\/www.boschapi.com\/fr\/wp-json\/wp\/v2\/comments?post=8308"}],"version-history":[{"count":4,"href":"https:\/\/www.boschapi.com\/fr\/wp-json\/wp\/v2\/pages\/8308\/revisions"}],"predecessor-version":[{"id":44921,"href":"https:\/\/www.boschapi.com\/fr\/wp-json\/wp\/v2\/pages\/8308\/revisions\/44921"}],"wp:attachment":[{"href":"https:\/\/www.boschapi.com\/fr\/wp-json\/wp\/v2\/media?parent=8308"}],"curies":[{"name":"wp","href":"https:\/\/api.w.org\/{rel}","templated":true}]}}