{"id":8231,"date":"2016-11-03T08:17:17","date_gmt":"2016-11-03T08:17:17","guid":{"rendered":"http:\/\/www.boschapi.com\/condicions-generals-lloguer\/?lang=fr"},"modified":"2016-12-22T08:07:43","modified_gmt":"2016-12-22T08:07:43","slug":"conditions-generales-de-location","status":"publish","type":"page","link":"https:\/\/www.boschapi.com\/fr\/conditions-generales-de-location\/","title":{"rendered":"Conditions generales de location"},"content":{"rendered":"<h1>Conditions generales de location<\/h1>\n<p><strong>R\u00c9SERVE ET PAYEMENT <\/strong><br \/>\nPour effectuer une r\u00e9servation de logement le client devra envoyer \u00e0 l\u2019Agence l\u2019option de r\u00e9servation sign\u00e9e et le 25% du prix total de la r\u00e9servation a titre des arrhes dans un d\u00e9lai maximum de 10 jours de la date de l\u2019option de r\u00e9servation. Cette r\u00e9serve sera d\u00e9finitive, sauf en cas de force majeure, lorsque l\u2019Agence, \u00e0 la r\u00e9ception des arrhes, aura envoy\u00e9 au client un re\u00e7u correspondant aux arrhes. Les 75% restant seront pay\u00e9s \u00e1 l\u2019arriv\u00e9e du client au moment de donner les cl\u00e9s et prendre possession du logement. Le payement avec ch\u00e8ques ne sont pas acceptes.<\/p>\n<p><strong>PRIX DE LOCATION <\/strong><br \/>\nDans le prix de location indiqu\u00e9 au client sont inclus: a) consommation normale de l\u2019eau, de gaz et \u00e9lectricit\u00e9. B) l\u2019\u00e9quipement complet du logement: batterie de cuisine, vaisselle, couverts, etc.<br \/>\nDans le prix de location ne sont pas compris les exc\u00e8s de consommation normale de gaz, de l\u2019\u00e9lectricit\u00e9, le chauffage, le linge, le nettoyage final et la taxe se s\u00e9jour.<br \/>\nLes prix sont donn\u00e9s par semaine.<br \/>\nL\u2019Agence se r\u00e9serve le droit d\u2019augmenter le prix indiqu\u00e9 dans ses tarifs, en cas de force majeure, ind\u00e9pendante de sa volont\u00e9. Dans le cas d\u2019une augmentation de prix, le client pourra soit, envoyer la diff\u00e9rence, soit annuler la r\u00e9servation. Dans ce dernier cas l\u2019Agence devra rembourser la somme re\u00e7ue, mais aucune indemnisation ne pourra lui \u00eatre r\u00e9clam\u00e9e.<\/p>\n<p><strong>ANNULATIONS <\/strong><br \/>\nDans le cas d\u2019une annulation d\u2019une r\u00e9servation d\u00e9j\u00e0 confirm\u00e9e l\u2019Agence pourra retenir, \u00e0 titre d\u2019indemnisation, les arrhes re\u00e7ues. Sera annul\u00e9e la r\u00e9servation de logement avec perte du prix total, si le client n\u2019occupe pas sa location dans les 48 heures apr\u00e8s la date d\u2019arriv\u00e9e signal\u00e9e et s\u2019il n\u2019a pas averti \u00e0 l\u2019Agence de son retard.<\/p>\n<p><strong>GARANTIE <\/strong><br \/>\nLe client \u00e0 son arriv\u00e9 et avant d\u2019occuper le logement devra d\u00e9poser une somme de 200\u20ac. Le jour de sont d\u00e9part et apr\u00e8s v\u00e9rification de sont logement cette somme lui sera rendue. Dans le cas o\u00f9 des d\u00e9g\u00e2ts auraient \u00e9t\u00e9 faits dans le logement, las somme estim\u00e9e pour ces d\u00e9g\u00e2ts serait d\u00e9duite de la somme d\u00e9pos\u00e9e,<\/p>\n<p><strong>ARRIV\u00c9E<\/strong><br \/>\nLe client a son arriv\u00e9e devra se rendre \u00e0 l\u2019Agence BOSCH API, situ\u00e9e dans la rue Palau, 4 de L\u2019Escala dont les heures d\u2019ouverture sont:<br \/>\nDe 09h a 13h et de 15h a 19 h<br \/>\nDe 10h a 12 h les dimanches et jours f\u00e9ri\u00e9s.<br \/>\nLes clients pourront prendre possession du logement \u00e0 partir de 16 heures le premier jour de location (et avant 20 heures). Le client devra v\u00e9rifier le bon \u00e9tat de son logement dans les 24 heures apr\u00e8s son arriv\u00e9e. Les r\u00e9clamations ne seraient pas accept\u00e9es pass\u00e9 ce d\u00e9lai.<br \/>\nLe client devra communiquer toute anomalie pouvant se produire et il devra accepter que les r\u00e9parations \u00e9ventuelles se fassent le plus rapidement possible.<br \/>\nLui sera demande pour occuper le logement et pour inscription sur le Registre des Occupants, la carte l\u2019identit\u00e9 ou le passeport \u00e0 toutes les personnes \u00e2g\u00e9es de plus de seize ans.<\/p>\n<p><strong>D\u00c9PART<\/strong><br \/>\nLe jour avant son d\u00e9part, le client devra communiquer \u00e0 l\u2019Agence l\u2019heure \u00e0 laquelle il d\u00e9sire partir et convenir un rendez-vous afin de v\u00e9rifier le bon \u00e9tat du logement (sans nouvelles le contr\u00f4le est fait le jour avant le d\u00e9part entre 18h. et 19 h.). Le logement doit \u00eatre libre et les cl\u00e9s \u00e0 l\u2019agence le jour indiqu\u00e9 dans le contrat avants 10 heures.<br \/>\nSi le client abandonne son logement, pour des raisons particuli\u00e8res avant la date de location pr\u00e9vue, il n\u2019aura droit a aucun remboursement.<\/p>\n<p><strong>RECLAMATIONS<\/strong><br \/>\nL\u2019agence examinera avec attention toutes les r\u00e9clamations suivant les indications fournies par le Minist\u00e8re d\u2019Information et Tourisme \u00e0 fin de solutionner au mieux tous les probl\u00e8mes justifi\u00e9s. L\u2019Agence n\u2019est pas responsable des vols, accidents qui peuvent affecter leurs clients pendant leur s\u00e9jour.<\/p>\n<p><strong>INTERDICTIONS POUR LES CLIENTS <\/strong><br \/>\nIl est interdit aux clients : (a) introduire des meubles dans le logement. (b) occuper le logement plus des personnes des qui sont indique dans la fiche de location. (c) sous-louer son logement. (d) introduire dans le logement des mat\u00e9riaux ou substances nocives et inflammables pouvant causer des d\u00e9g\u00e2ts aux voisins ou aux occupants de l\u2019immeuble. (e) avoir des activit\u00e9s en dehors des convenances normales de moralit\u00e9, d\u00e9cence ou ordre public. (f) l\u2019utilisation d\u2019appareils augmentant les consommations pr\u00e9vues.<br \/>\nLa non-application par les clients de ces interdictions donnerait le droit \u00e0 l\u2019Agence d\u2019annuler le contrat de location sans remboursement.<\/p>\n","protected":false},"excerpt":{"rendered":"<p>Conditions generales de location R\u00c9SERVE ET PAYEMENT Pour effectuer une r\u00e9servation de logement le client devra envoyer \u00e0 l\u2019Agence l\u2019option de r\u00e9servation sign\u00e9e et le 25% du prix total de la r\u00e9servation a titre des arrhes dans un d\u00e9lai maximum de 10 jours de la date de l\u2019option de r\u00e9servation. Cette r\u00e9serve sera d\u00e9finitive, sauf [&hellip;]<\/p>\n","protected":false},"author":1,"featured_media":0,"parent":0,"menu_order":0,"comment_status":"closed","ping_status":"closed","template":"","meta":[],"acf":[],"yoast_head":"<!-- This site is optimized with the Yoast SEO plugin v20.1 - https:\/\/yoast.com\/wordpress\/plugins\/seo\/ -->\n<title>Conditions generales de location | Bosch API<\/title>\n<meta name=\"description\" content=\"Conditions generales de location R\u00c9SERVE ET PAYEMENT Pour effectuer une r\u00e9servation de logement le client devra envoyer \u00e0 l\u2019Agence l\u2019option de r\u00e9servation\" \/>\n<meta name=\"robots\" content=\"index, follow, max-snippet:-1, max-image-preview:large, max-video-preview:-1\" \/>\n<link rel=\"canonical\" href=\"https:\/\/www.boschapi.com\/condicions-generals-lloguer\/\" \/>\n<meta property=\"og:locale\" content=\"fr_FR\" \/>\n<meta property=\"og:type\" content=\"article\" \/>\n<meta property=\"og:title\" content=\"Conditions generales de location | Bosch API\" \/>\n<meta property=\"og:description\" content=\"Conditions generales de location R\u00c9SERVE ET PAYEMENT Pour effectuer une r\u00e9servation de logement le client devra envoyer \u00e0 l\u2019Agence l\u2019option de r\u00e9servation\" \/>\n<meta property=\"og:url\" content=\"https:\/\/www.boschapi.com\/condicions-generals-lloguer\/\" \/>\n<meta property=\"og:site_name\" content=\"Bosch API\" \/>\n<meta property=\"article:modified_time\" content=\"2016-12-22T08:07:43+00:00\" \/>\n<meta name=\"twitter:card\" content=\"summary_large_image\" \/>\n<meta name=\"twitter:label1\" content=\"Dur\u00e9e de lecture estim\u00e9e\" \/>\n\t<meta name=\"twitter:data1\" content=\"4 minutes\" \/>\n<script type=\"application\/ld+json\" class=\"yoast-schema-graph\">{\"@context\":\"https:\/\/schema.org\",\"@graph\":[{\"@type\":\"WebPage\",\"@id\":\"https:\/\/www.boschapi.com\/condicions-generals-lloguer\/\",\"url\":\"https:\/\/www.boschapi.com\/condicions-generals-lloguer\/\",\"name\":\"Conditions generales de location | Bosch API\",\"isPartOf\":{\"@id\":\"https:\/\/www.boschapi.com\/fr\/#website\"},\"datePublished\":\"2016-11-03T08:17:17+00:00\",\"dateModified\":\"2016-12-22T08:07:43+00:00\",\"description\":\"Conditions generales de location R\u00c9SERVE ET PAYEMENT Pour effectuer une r\u00e9servation de logement le client devra envoyer \u00e0 l\u2019Agence l\u2019option de r\u00e9servation\",\"breadcrumb\":{\"@id\":\"https:\/\/www.boschapi.com\/condicions-generals-lloguer\/#breadcrumb\"},\"inLanguage\":\"fr-FR\",\"potentialAction\":[{\"@type\":\"ReadAction\",\"target\":[\"https:\/\/www.boschapi.com\/condicions-generals-lloguer\/\"]}]},{\"@type\":\"BreadcrumbList\",\"@id\":\"https:\/\/www.boschapi.com\/condicions-generals-lloguer\/#breadcrumb\",\"itemListElement\":[{\"@type\":\"ListItem\",\"position\":1,\"name\":\"Inici\",\"item\":\"https:\/\/www.boschapi.com\/fr\/\"},{\"@type\":\"ListItem\",\"position\":2,\"name\":\"Conditions generales de location\"}]},{\"@type\":\"WebSite\",\"@id\":\"https:\/\/www.boschapi.com\/fr\/#website\",\"url\":\"https:\/\/www.boschapi.com\/fr\/\",\"name\":\"Bosch API\",\"description\":\"Compra venda i lloguer de cases i apartaments a l&#039;Escala\",\"potentialAction\":[{\"@type\":\"SearchAction\",\"target\":{\"@type\":\"EntryPoint\",\"urlTemplate\":\"https:\/\/www.boschapi.com\/fr\/?s={search_term_string}\"},\"query-input\":\"required name=search_term_string\"}],\"inLanguage\":\"fr-FR\"}]}<\/script>\n<!-- \/ Yoast SEO plugin. -->","yoast_head_json":{"title":"Conditions generales de location | Bosch API","description":"Conditions generales de location R\u00c9SERVE ET PAYEMENT Pour effectuer une r\u00e9servation de logement le client devra envoyer \u00e0 l\u2019Agence l\u2019option de r\u00e9servation","robots":{"index":"index","follow":"follow","max-snippet":"max-snippet:-1","max-image-preview":"max-image-preview:large","max-video-preview":"max-video-preview:-1"},"canonical":"https:\/\/www.boschapi.com\/condicions-generals-lloguer\/","og_locale":"fr_FR","og_type":"article","og_title":"Conditions generales de location | Bosch API","og_description":"Conditions generales de location R\u00c9SERVE ET PAYEMENT Pour effectuer une r\u00e9servation de logement le client devra envoyer \u00e0 l\u2019Agence l\u2019option de r\u00e9servation","og_url":"https:\/\/www.boschapi.com\/condicions-generals-lloguer\/","og_site_name":"Bosch API","article_modified_time":"2016-12-22T08:07:43+00:00","twitter_card":"summary_large_image","twitter_misc":{"Dur\u00e9e de lecture estim\u00e9e":"4 minutes"},"schema":{"@context":"https:\/\/schema.org","@graph":[{"@type":"WebPage","@id":"https:\/\/www.boschapi.com\/condicions-generals-lloguer\/","url":"https:\/\/www.boschapi.com\/condicions-generals-lloguer\/","name":"Conditions generales de location | Bosch API","isPartOf":{"@id":"https:\/\/www.boschapi.com\/fr\/#website"},"datePublished":"2016-11-03T08:17:17+00:00","dateModified":"2016-12-22T08:07:43+00:00","description":"Conditions generales de location R\u00c9SERVE ET PAYEMENT Pour effectuer une r\u00e9servation de logement le client devra envoyer \u00e0 l\u2019Agence l\u2019option de r\u00e9servation","breadcrumb":{"@id":"https:\/\/www.boschapi.com\/condicions-generals-lloguer\/#breadcrumb"},"inLanguage":"fr-FR","potentialAction":[{"@type":"ReadAction","target":["https:\/\/www.boschapi.com\/condicions-generals-lloguer\/"]}]},{"@type":"BreadcrumbList","@id":"https:\/\/www.boschapi.com\/condicions-generals-lloguer\/#breadcrumb","itemListElement":[{"@type":"ListItem","position":1,"name":"Inici","item":"https:\/\/www.boschapi.com\/fr\/"},{"@type":"ListItem","position":2,"name":"Conditions generales de location"}]},{"@type":"WebSite","@id":"https:\/\/www.boschapi.com\/fr\/#website","url":"https:\/\/www.boschapi.com\/fr\/","name":"Bosch API","description":"Compra venda i lloguer de cases i apartaments a l&#039;Escala","potentialAction":[{"@type":"SearchAction","target":{"@type":"EntryPoint","urlTemplate":"https:\/\/www.boschapi.com\/fr\/?s={search_term_string}"},"query-input":"required name=search_term_string"}],"inLanguage":"fr-FR"}]}},"_links":{"self":[{"href":"https:\/\/www.boschapi.com\/fr\/wp-json\/wp\/v2\/pages\/8231"}],"collection":[{"href":"https:\/\/www.boschapi.com\/fr\/wp-json\/wp\/v2\/pages"}],"about":[{"href":"https:\/\/www.boschapi.com\/fr\/wp-json\/wp\/v2\/types\/page"}],"author":[{"embeddable":true,"href":"https:\/\/www.boschapi.com\/fr\/wp-json\/wp\/v2\/users\/1"}],"replies":[{"embeddable":true,"href":"https:\/\/www.boschapi.com\/fr\/wp-json\/wp\/v2\/comments?post=8231"}],"version-history":[{"count":3,"href":"https:\/\/www.boschapi.com\/fr\/wp-json\/wp\/v2\/pages\/8231\/revisions"}],"predecessor-version":[{"id":9073,"href":"https:\/\/www.boschapi.com\/fr\/wp-json\/wp\/v2\/pages\/8231\/revisions\/9073"}],"wp:attachment":[{"href":"https:\/\/www.boschapi.com\/fr\/wp-json\/wp\/v2\/media?parent=8231"}],"curies":[{"name":"wp","href":"https:\/\/api.w.org\/{rel}","templated":true}]}}