{"id":8182,"date":"2016-07-29T09:12:13","date_gmt":"2016-07-29T07:12:13","guid":{"rendered":"http:\/\/www.boschapi.com\/construccio\/?lang=fr"},"modified":"2018-02-27T17:19:04","modified_gmt":"2018-02-27T16:19:04","slug":"construction-a-lescala","status":"publish","type":"page","link":"https:\/\/www.boschapi.com\/fr\/construction-a-lescala\/","title":{"rendered":"Construction"},"content":{"rendered":"<h1>Construction \u00e0 l&rsquo;Escala. R\u00e9paration de maisons et immeubles d&rsquo;appartements, travaux priv\u00e9s et travaux publics.<\/h1>\n<p><span class=\"hps\">D\u00e8s le d\u00e9but<\/span> <span class=\"hps\">une grande partie de<\/span> <span class=\"hps\">notre activit\u00e9<\/span>\u00a0comme <strong>entreprise de\u00a0construction \u00e0 l&rsquo;Escala<\/strong>\u00a0<span class=\"hps\">a \u00e9t\u00e9<\/span> <span class=\"hps\">con\u00e7u pour donner<\/span> <span class=\"hps\">la possibilit\u00e9<\/span> <span class=\"hps\">\u00e0 nos anciens et nouveaux clients d&rsquo;effectuer des travaux de r\u00e9novation ou d&rsquo;extension chez eux, sans avoir besoin de chercher une nouvelle entreprise responsable. Nous avons un architecte sur place pour la r\u00e9daction de tout type de projet, et nous prenons la responsabilit\u00e9 des n\u00e9gociations industrielles et n\u00e9cessaires avec les entreprises, fournisseurs et les administrations comp\u00e9tentes, pour que les clients aient un interlocuteur unique: Bosch API.<\/span><\/p>\n<p><img decoding=\"async\" loading=\"lazy\" class=\"alignnone wp-image-121 size-full\" title=\"Construction BoschApi\" src=\"http:\/\/www.boschapi.com\/wp-content\/uploads\/2016\/07\/piscina.jpg\" alt=\"piscina\" width=\"510\" height=\"289\" srcset=\"https:\/\/www.boschapi.com\/wp-content\/uploads\/2016\/07\/piscina.jpg 510w, https:\/\/www.boschapi.com\/wp-content\/uploads\/2016\/07\/piscina-150x85.jpg 150w, https:\/\/www.boschapi.com\/wp-content\/uploads\/2016\/07\/piscina-316x179.jpg 316w, https:\/\/www.boschapi.com\/wp-content\/uploads\/2016\/07\/piscina-300x170.jpg 300w\" sizes=\"(max-width: 510px) 100vw, 510px\" \/><\/p>\n<p><strong>Bosch\u00a0API est une entreprise familiale de construction\u00a0\u00e0 l&rsquo;Escala<\/strong> qui a d\u00e9but\u00e9 sa carri\u00e8re il y a plus de quarante ans et qui sert et offre la meilleure qualit\u00e9 de construction depuis. Les grands changements dans l&rsquo;\u00e9volution du march\u00e9 ne nous ont jamais emp\u00each\u00e9s de maintenir un esprit ouvert et collaboratif avec une vocation claire de transformer nos clients en nos amis. Toutes ces ann\u00e9es d&rsquo;exp\u00e9rience sont une bonne lettre d&rsquo;introduction pour assurer le succ\u00e8s de cette philosophie et notre esprit de collaboration que nous mettons \u00e0 votre disposition en ce moment. L&rsquo;\u00e9quipe de professionnels que BOSCH a toujours su utiliser a fait que notre entreprise b\u00e9n\u00e9ficie non seulement d&rsquo;un cachet tr\u00e8s personnel, mais aussi d&rsquo;un prestige reconnu que nous vous invitons \u00e0 constater.<\/p>\n<p>&nbsp;<\/p>\n<h3>B\u00e2timent priv\u00e9 &#8211; NOUVEAU<\/h3>\n<p><strong><span id=\"result_box\" lang=\"fr\"><span class=\"hps\">Maison avec murs mitoyens a L&rsquo;Escala<\/span><\/span><\/strong><\/p>\n<p><a href=\"http:\/\/www.boschapi.com\/wp-content\/uploads\/2016\/07\/pilans_plantes.pdf\" target=\"_blank\">\u00c9tages<\/a><\/p>\n<p>&nbsp;<\/p>\n<h3>Construction priv\u00e9e &#8211; R\u00c9NOVATION<\/h3>\n<p><strong>Appartement dans la vieille ville de L&rsquo;Escala (Changement d&rsquo;utilisation de deux locaux commerciaux au logement)<\/strong><\/p>\n<p><a href=\"http:\/\/www.boschapi.com\/wp-content\/uploads\/2016\/07\/pelly_web.pdf\" target=\"_blank\">Les \u00e9tages<\/a><\/p>\n<p><img decoding=\"async\" loading=\"lazy\" class=\"alignnone wp-image-136 size-full\" title=\"Appartement dans la vieille ville de L'Escala (Changement d'utilisation de deux locaux commerciaux au logement)\" src=\"http:\/\/www.boschapi.com\/wp-content\/uploads\/2016\/07\/construccio1-1.jpg\" alt=\"construccio1\" width=\"510\" height=\"489\" srcset=\"https:\/\/www.boschapi.com\/wp-content\/uploads\/2016\/07\/construccio1-1.jpg 510w, https:\/\/www.boschapi.com\/wp-content\/uploads\/2016\/07\/construccio1-1-150x144.jpg 150w, https:\/\/www.boschapi.com\/wp-content\/uploads\/2016\/07\/construccio1-1-229x220.jpg 229w, https:\/\/www.boschapi.com\/wp-content\/uploads\/2016\/07\/construccio1-1-300x288.jpg 300w\" sizes=\"(max-width: 510px) 100vw, 510px\" \/><\/p>\n<p>&nbsp;<\/p>\n<h3>Agrandissement et r\u00e9novation de maisons individuelles\u00a0<span style=\"text-decoration: underline;\">(\u00e9limination des barri\u00e8res architecturales)<\/span><\/h3>\n<p><a href=\"http:\/\/www.boschapi.com\/wp-content\/uploads\/2016\/07\/escuin_ea.pdf\" target=\"_blank\">\u00c9tat initial de l&rsquo;\u00e9tage<\/a><br \/>\n<a href=\"http:\/\/www.boschapi.com\/wp-content\/uploads\/2016\/07\/escuin_proj.pdf\" target=\"_blank\">Projet d&rsquo;expansion de l&rsquo;\u00e9tage<\/a><br \/>\n<a href=\"http:\/\/www.boschapi.com\/wp-content\/uploads\/2016\/07\/escuin_seccio.pdf\" target=\"_blank\">Section<\/a><\/p>\n<p>&nbsp;<\/p>\n<h3>R\u00e9novation interieur integrale d&rsquo;appartement<\/h3>\n<p><strong>\u00c9tat inicial<\/strong><\/p>\n<p><img decoding=\"async\" loading=\"lazy\" class=\"alignnone wp-image-144 size-full\" title=\"Reforma interior integral d'apartament\" src=\"http:\/\/www.boschapi.com\/wp-content\/uploads\/2016\/07\/construccions-abans.jpg\" alt=\"construccions-abans\" width=\"510\" height=\"242\" srcset=\"https:\/\/www.boschapi.com\/wp-content\/uploads\/2016\/07\/construccions-abans.jpg 510w, https:\/\/www.boschapi.com\/wp-content\/uploads\/2016\/07\/construccions-abans-150x71.jpg 150w, https:\/\/www.boschapi.com\/wp-content\/uploads\/2016\/07\/construccions-abans-316x150.jpg 316w, https:\/\/www.boschapi.com\/wp-content\/uploads\/2016\/07\/construccions-abans-300x142.jpg 300w\" sizes=\"(max-width: 510px) 100vw, 510px\" \/><\/p>\n<p>&nbsp;<\/p>\n<p><strong>R\u00e9novation<\/strong><\/p>\n<p><img decoding=\"async\" loading=\"lazy\" class=\"alignnone wp-image-145 size-full\" title=\"Reforma interior integral d'apartament\" src=\"http:\/\/www.boschapi.com\/wp-content\/uploads\/2016\/07\/construccions-reforma.jpg\" alt=\"construccions-reforma\" width=\"510\" height=\"487\" srcset=\"https:\/\/www.boschapi.com\/wp-content\/uploads\/2016\/07\/construccions-reforma.jpg 510w, https:\/\/www.boschapi.com\/wp-content\/uploads\/2016\/07\/construccions-reforma-150x143.jpg 150w, https:\/\/www.boschapi.com\/wp-content\/uploads\/2016\/07\/construccions-reforma-230x220.jpg 230w, https:\/\/www.boschapi.com\/wp-content\/uploads\/2016\/07\/construccions-reforma-300x286.jpg 300w\" sizes=\"(max-width: 510px) 100vw, 510px\" \/><\/p>\n<p>&nbsp;<\/p>\n<h3>CONSTRUCTION DU PUBLIC<\/h3>\n<p><strong>Expansion et r\u00e9novation\u00a0du centre de jour pour personnes \u00e2g\u00e9es \u00e0 Porqueres (2009)<\/strong><\/p>\n<p><img decoding=\"async\" loading=\"lazy\" class=\"alignnone wp-image-147 size-full\" title=\"CONSTRUCTION DU PUBLIC\" src=\"http:\/\/www.boschapi.com\/wp-content\/uploads\/2016\/07\/exterior_1.jpg\" alt=\"exterior_1\" width=\"565\" height=\"266\" srcset=\"https:\/\/www.boschapi.com\/wp-content\/uploads\/2016\/07\/exterior_1.jpg 565w, https:\/\/www.boschapi.com\/wp-content\/uploads\/2016\/07\/exterior_1-150x71.jpg 150w, https:\/\/www.boschapi.com\/wp-content\/uploads\/2016\/07\/exterior_1-316x149.jpg 316w, https:\/\/www.boschapi.com\/wp-content\/uploads\/2016\/07\/exterior_1-300x141.jpg 300w\" sizes=\"(max-width: 565px) 100vw, 565px\" \/><br \/>\n<img decoding=\"async\" loading=\"lazy\" class=\"alignnone wp-image-148 size-full\" title=\"CONSTRUCTION DU PUBLIC\" src=\"http:\/\/www.boschapi.com\/wp-content\/uploads\/2016\/07\/exterior_2_p.jpg\" alt=\"exterior_2_p\" width=\"565\" height=\"275\" srcset=\"https:\/\/www.boschapi.com\/wp-content\/uploads\/2016\/07\/exterior_2_p.jpg 565w, https:\/\/www.boschapi.com\/wp-content\/uploads\/2016\/07\/exterior_2_p-150x73.jpg 150w, https:\/\/www.boschapi.com\/wp-content\/uploads\/2016\/07\/exterior_2_p-316x154.jpg 316w, https:\/\/www.boschapi.com\/wp-content\/uploads\/2016\/07\/exterior_2_p-300x146.jpg 300w\" sizes=\"(max-width: 565px) 100vw, 565px\" \/><br \/>\n<img decoding=\"async\" loading=\"lazy\" class=\"alignnone wp-image-149 size-full\" title=\"CONSTRUCTION DU PUBLIC\" src=\"http:\/\/www.boschapi.com\/wp-content\/uploads\/2016\/07\/exterior_3.jpg\" alt=\"exterior_3\" width=\"565\" height=\"388\" srcset=\"https:\/\/www.boschapi.com\/wp-content\/uploads\/2016\/07\/exterior_3.jpg 565w, https:\/\/www.boschapi.com\/wp-content\/uploads\/2016\/07\/exterior_3-150x103.jpg 150w, https:\/\/www.boschapi.com\/wp-content\/uploads\/2016\/07\/exterior_3-316x217.jpg 316w, https:\/\/www.boschapi.com\/wp-content\/uploads\/2016\/07\/exterior_3-300x206.jpg 300w\" sizes=\"(max-width: 565px) 100vw, 565px\" \/><\/p>\n<p>&nbsp;<\/p>\n<p><strong>Construction de locaux social Albons (2010)<\/strong><\/p>\n<p><img decoding=\"async\" loading=\"lazy\" class=\"alignnone wp-image-151 size-full\" title=\"Construction de locaux soacial Albons (2010)\" src=\"http:\/\/www.boschapi.com\/wp-content\/uploads\/2016\/07\/albons.jpg\" alt=\"albons\" width=\"510\" height=\"705\" srcset=\"https:\/\/www.boschapi.com\/wp-content\/uploads\/2016\/07\/albons.jpg 510w, https:\/\/www.boschapi.com\/wp-content\/uploads\/2016\/07\/albons-109x150.jpg 109w, https:\/\/www.boschapi.com\/wp-content\/uploads\/2016\/07\/albons-159x220.jpg 159w, https:\/\/www.boschapi.com\/wp-content\/uploads\/2016\/07\/albons-217x300.jpg 217w\" sizes=\"(max-width: 510px) 100vw, 510px\" \/><\/p>\n","protected":false},"excerpt":{"rendered":"<p>Construction \u00e0 l&rsquo;Escala. R\u00e9paration de maisons et immeubles d&rsquo;appartements, travaux priv\u00e9s et travaux publics. D\u00e8s le d\u00e9but une grande partie de notre activit\u00e9\u00a0comme entreprise de\u00a0construction \u00e0 l&rsquo;Escala\u00a0a \u00e9t\u00e9 con\u00e7u pour donner la possibilit\u00e9 \u00e0 nos anciens et nouveaux clients d&rsquo;effectuer des travaux de r\u00e9novation ou d&rsquo;extension chez eux, sans avoir besoin de chercher une nouvelle [&hellip;]<\/p>\n","protected":false},"author":1,"featured_media":0,"parent":0,"menu_order":0,"comment_status":"closed","ping_status":"closed","template":"","meta":[],"acf":[],"yoast_head":"<!-- This site is optimized with the Yoast SEO plugin v20.1 - https:\/\/yoast.com\/wordpress\/plugins\/seo\/ -->\n<title>Construction \u00e0 l&#039;Escala. R\u00e9parations et r\u00e9novations | Bosch API<\/title>\n<meta name=\"description\" content=\"Construction \u00e0 l&#039;Escala. R\u00e9novation de maisons, immeubles d&#039;habitation, construction priv\u00e9e et travaux publics. Architecte pour r\u00e9daction de votre projet\" \/>\n<meta name=\"robots\" content=\"index, follow, max-snippet:-1, max-image-preview:large, max-video-preview:-1\" \/>\n<link rel=\"canonical\" href=\"https:\/\/www.boschapi.com\/fr\/construction-a-lescala\/\" \/>\n<meta property=\"og:locale\" content=\"fr_FR\" \/>\n<meta property=\"og:type\" content=\"article\" \/>\n<meta property=\"og:title\" content=\"Construction \u00e0 l&#039;Escala. R\u00e9parations et r\u00e9novations | Bosch API\" \/>\n<meta property=\"og:description\" content=\"Construction \u00e0 l&#039;Escala. R\u00e9novation de maisons, immeubles d&#039;habitation, construction priv\u00e9e et travaux publics. Architecte pour r\u00e9daction de votre projet\" \/>\n<meta property=\"og:url\" content=\"https:\/\/www.boschapi.com\/fr\/construction-a-lescala\/\" \/>\n<meta property=\"og:site_name\" content=\"Bosch API\" \/>\n<meta property=\"article:modified_time\" content=\"2018-02-27T16:19:04+00:00\" \/>\n<meta property=\"og:image\" content=\"http:\/\/www.boschapi.com\/wp-content\/uploads\/2016\/07\/piscina.jpg\" \/>\n<meta name=\"twitter:card\" content=\"summary_large_image\" \/>\n<meta name=\"twitter:label1\" content=\"Dur\u00e9e de lecture estim\u00e9e\" \/>\n\t<meta name=\"twitter:data1\" content=\"2 minutes\" \/>\n<script type=\"application\/ld+json\" class=\"yoast-schema-graph\">{\"@context\":\"https:\/\/schema.org\",\"@graph\":[{\"@type\":\"WebPage\",\"@id\":\"https:\/\/www.boschapi.com\/fr\/construction-a-lescala\/\",\"url\":\"https:\/\/www.boschapi.com\/fr\/construction-a-lescala\/\",\"name\":\"Construction \u00e0 l'Escala. R\u00e9parations et r\u00e9novations | Bosch API\",\"isPartOf\":{\"@id\":\"https:\/\/www.boschapi.com\/fr\/#website\"},\"datePublished\":\"2016-07-29T07:12:13+00:00\",\"dateModified\":\"2018-02-27T16:19:04+00:00\",\"description\":\"Construction \u00e0 l'Escala. R\u00e9novation de maisons, immeubles d'habitation, construction priv\u00e9e et travaux publics. Architecte pour r\u00e9daction de votre projet\",\"breadcrumb\":{\"@id\":\"https:\/\/www.boschapi.com\/fr\/construction-a-lescala\/#breadcrumb\"},\"inLanguage\":\"fr-FR\",\"potentialAction\":[{\"@type\":\"ReadAction\",\"target\":[\"https:\/\/www.boschapi.com\/fr\/construction-a-lescala\/\"]}]},{\"@type\":\"BreadcrumbList\",\"@id\":\"https:\/\/www.boschapi.com\/fr\/construction-a-lescala\/#breadcrumb\",\"itemListElement\":[{\"@type\":\"ListItem\",\"position\":1,\"name\":\"Inici\",\"item\":\"https:\/\/www.boschapi.com\/fr\/\"},{\"@type\":\"ListItem\",\"position\":2,\"name\":\"Construction\"}]},{\"@type\":\"WebSite\",\"@id\":\"https:\/\/www.boschapi.com\/fr\/#website\",\"url\":\"https:\/\/www.boschapi.com\/fr\/\",\"name\":\"Bosch API\",\"description\":\"Compra venda i lloguer de cases i apartaments a l&#039;Escala\",\"potentialAction\":[{\"@type\":\"SearchAction\",\"target\":{\"@type\":\"EntryPoint\",\"urlTemplate\":\"https:\/\/www.boschapi.com\/fr\/?s={search_term_string}\"},\"query-input\":\"required name=search_term_string\"}],\"inLanguage\":\"fr-FR\"}]}<\/script>\n<!-- \/ Yoast SEO plugin. -->","yoast_head_json":{"title":"Construction \u00e0 l'Escala. R\u00e9parations et r\u00e9novations | Bosch API","description":"Construction \u00e0 l'Escala. R\u00e9novation de maisons, immeubles d'habitation, construction priv\u00e9e et travaux publics. Architecte pour r\u00e9daction de votre projet","robots":{"index":"index","follow":"follow","max-snippet":"max-snippet:-1","max-image-preview":"max-image-preview:large","max-video-preview":"max-video-preview:-1"},"canonical":"https:\/\/www.boschapi.com\/fr\/construction-a-lescala\/","og_locale":"fr_FR","og_type":"article","og_title":"Construction \u00e0 l'Escala. R\u00e9parations et r\u00e9novations | Bosch API","og_description":"Construction \u00e0 l'Escala. R\u00e9novation de maisons, immeubles d'habitation, construction priv\u00e9e et travaux publics. Architecte pour r\u00e9daction de votre projet","og_url":"https:\/\/www.boschapi.com\/fr\/construction-a-lescala\/","og_site_name":"Bosch API","article_modified_time":"2018-02-27T16:19:04+00:00","og_image":[{"url":"http:\/\/www.boschapi.com\/wp-content\/uploads\/2016\/07\/piscina.jpg"}],"twitter_card":"summary_large_image","twitter_misc":{"Dur\u00e9e de lecture estim\u00e9e":"2 minutes"},"schema":{"@context":"https:\/\/schema.org","@graph":[{"@type":"WebPage","@id":"https:\/\/www.boschapi.com\/fr\/construction-a-lescala\/","url":"https:\/\/www.boschapi.com\/fr\/construction-a-lescala\/","name":"Construction \u00e0 l'Escala. R\u00e9parations et r\u00e9novations | Bosch API","isPartOf":{"@id":"https:\/\/www.boschapi.com\/fr\/#website"},"datePublished":"2016-07-29T07:12:13+00:00","dateModified":"2018-02-27T16:19:04+00:00","description":"Construction \u00e0 l'Escala. R\u00e9novation de maisons, immeubles d'habitation, construction priv\u00e9e et travaux publics. Architecte pour r\u00e9daction de votre projet","breadcrumb":{"@id":"https:\/\/www.boschapi.com\/fr\/construction-a-lescala\/#breadcrumb"},"inLanguage":"fr-FR","potentialAction":[{"@type":"ReadAction","target":["https:\/\/www.boschapi.com\/fr\/construction-a-lescala\/"]}]},{"@type":"BreadcrumbList","@id":"https:\/\/www.boschapi.com\/fr\/construction-a-lescala\/#breadcrumb","itemListElement":[{"@type":"ListItem","position":1,"name":"Inici","item":"https:\/\/www.boschapi.com\/fr\/"},{"@type":"ListItem","position":2,"name":"Construction"}]},{"@type":"WebSite","@id":"https:\/\/www.boschapi.com\/fr\/#website","url":"https:\/\/www.boschapi.com\/fr\/","name":"Bosch API","description":"Compra venda i lloguer de cases i apartaments a l&#039;Escala","potentialAction":[{"@type":"SearchAction","target":{"@type":"EntryPoint","urlTemplate":"https:\/\/www.boschapi.com\/fr\/?s={search_term_string}"},"query-input":"required name=search_term_string"}],"inLanguage":"fr-FR"}]}},"_links":{"self":[{"href":"https:\/\/www.boschapi.com\/fr\/wp-json\/wp\/v2\/pages\/8182"}],"collection":[{"href":"https:\/\/www.boschapi.com\/fr\/wp-json\/wp\/v2\/pages"}],"about":[{"href":"https:\/\/www.boschapi.com\/fr\/wp-json\/wp\/v2\/types\/page"}],"author":[{"embeddable":true,"href":"https:\/\/www.boschapi.com\/fr\/wp-json\/wp\/v2\/users\/1"}],"replies":[{"embeddable":true,"href":"https:\/\/www.boschapi.com\/fr\/wp-json\/wp\/v2\/comments?post=8182"}],"version-history":[{"count":8,"href":"https:\/\/www.boschapi.com\/fr\/wp-json\/wp\/v2\/pages\/8182\/revisions"}],"predecessor-version":[{"id":23724,"href":"https:\/\/www.boschapi.com\/fr\/wp-json\/wp\/v2\/pages\/8182\/revisions\/23724"}],"wp:attachment":[{"href":"https:\/\/www.boschapi.com\/fr\/wp-json\/wp\/v2\/media?parent=8182"}],"curies":[{"name":"wp","href":"https:\/\/api.w.org\/{rel}","templated":true}]}}