{"id":8163,"date":"2016-07-29T08:30:54","date_gmt":"2016-07-29T06:30:54","guid":{"rendered":"http:\/\/www.boschapi.com\/assegurances\/?lang=fr"},"modified":"2018-02-27T12:01:29","modified_gmt":"2018-02-27T11:01:29","slug":"agence-assurances-lescala","status":"publish","type":"page","link":"https:\/\/www.boschapi.com\/fr\/agence-assurances-lescala\/","title":{"rendered":"Assurances"},"content":{"rendered":"<h1>Agence d&rsquo;Assurances \u00e0 l&rsquo;Escala avec Catalana Occidente<\/h1>\n<h2>Bosch fournit et g\u00e8re un large \u00e9ventail d&rsquo;assurance \u00e0 <strong>L&rsquo;Escala<\/strong><\/h2>\n<p><strong>Agence\u00a0d&rsquo;assurances \u00e0 l&rsquo;Escala<\/strong> de la soci\u00e9t\u00e9 Catalana Occidente. Tous types d&rsquo;assurance: assurance d\u00e9cennale, assurance \u00e0 la construction <strong>d&rsquo;appartements et de maisons<\/strong> de toutes sortes, assurance pour la famille et le foyer, assurance automobile, assurance vie, etc &#8230;<\/p>\n<p>&nbsp;<\/p>\n<h2>L&rsquo;assurance multi-risques pour la famille et le foyer<\/h2>\n<p>Avec l&rsquo;assurance multi-risques \u00ab\u00a0famille-foyer\u00a0\u00bb nous pouvons\u00a0\u00a0prot\u00e9ger votre famille et votre <strong>maison ou appartement<\/strong> contre les risques les plus fr\u00e9quents.<br \/>\nLes actifs et les responsabilit\u00e9s qui peuvent \u00eatre assur\u00e9s sont:<\/p>\n<p>LE CONTINENT: Dans le sens large, est le b\u00e2timent ou une partie de celui-ci o\u00f9 se trouve l&rsquo;appartement ou la maison assur\u00e9.<br \/>\nLE CONTENU: Comprend des objets trouv\u00e9s \u00e0 l&rsquo;int\u00e9rieur de la maison ou de l&rsquo;appartement.<br \/>\nLA RESPONSABILIT\u00c9 CIVILE FAMILIALE: les r\u00e9clamations qui peuvent \u00eatre adress\u00e9es en cas de responsabilit\u00e9 civile pour les dommages caus\u00e9s \u00e0 des tiers.<br \/>\nLA D\u00c9FENSE JURIDIQUE: La d\u00e9fense de vos int\u00e9r\u00eats pour les r\u00e9clamations \u00e0 entreprendre ou les r\u00e9clamations qui peuvent \u00eatre dirig\u00e9es.<br \/>\nLes garanties d&rsquo;assurance multirisques habitation-famille peuvent \u00eatre combin\u00e9es pour faire face \u00e0 des risques tels que l&rsquo;incendie, le vol, les d\u00e9g\u00e2ts d&rsquo;eau, etc.<\/p>\n<p>&nbsp;<\/p>\n<p>Bosch API, votre <strong>agence d&rsquo;assurances \u00e0 l&rsquo;Escala<\/strong>. Si vous pr\u00e9f\u00e9rez, vous pouvez \u00e9galement <a href=\"http:\/\/www.boschapi.com\/fr\/contact\/\"><strong>nous contacter directement<\/strong><\/a> et nous poser vos questions<\/p>\n","protected":false},"excerpt":{"rendered":"<p>Agence d&rsquo;Assurances \u00e0 l&rsquo;Escala avec Catalana Occidente Bosch fournit et g\u00e8re un large \u00e9ventail d&rsquo;assurance \u00e0 L&rsquo;Escala Agence\u00a0d&rsquo;assurances \u00e0 l&rsquo;Escala de la soci\u00e9t\u00e9 Catalana Occidente. Tous types d&rsquo;assurance: assurance d\u00e9cennale, assurance \u00e0 la construction d&rsquo;appartements et de maisons de toutes sortes, assurance pour la famille et le foyer, assurance automobile, assurance vie, etc &#8230; &nbsp; [&hellip;]<\/p>\n","protected":false},"author":1,"featured_media":0,"parent":0,"menu_order":0,"comment_status":"closed","ping_status":"closed","template":"","meta":[],"acf":[],"yoast_head":"<!-- This site is optimized with the Yoast SEO plugin v20.1 - https:\/\/yoast.com\/wordpress\/plugins\/seo\/ -->\n<title>Agence d&#039;Assurances \u00e0 L&#039;Escala avec Catalana Occidente | Bosch API<\/title>\n<meta name=\"description\" content=\"Agence d&#039;Assurances \u00e0 L&#039;Escala. Assurances avec la garantie de la compagnie Catalana Occidente. Bosch fournit et g\u00e8re une large gamme d&#039;assurance \u00e0 L&#039;Escala\" \/>\n<meta name=\"robots\" content=\"index, follow, max-snippet:-1, max-image-preview:large, max-video-preview:-1\" \/>\n<link rel=\"canonical\" href=\"https:\/\/www.boschapi.com\/fr\/agence-assurances-lescala\/\" \/>\n<meta property=\"og:locale\" content=\"fr_FR\" \/>\n<meta property=\"og:type\" content=\"article\" \/>\n<meta property=\"og:title\" content=\"Agence d&#039;Assurances \u00e0 L&#039;Escala avec Catalana Occidente | Bosch API\" \/>\n<meta property=\"og:description\" content=\"Agence d&#039;Assurances \u00e0 L&#039;Escala. Assurances avec la garantie de la compagnie Catalana Occidente. Bosch fournit et g\u00e8re une large gamme d&#039;assurance \u00e0 L&#039;Escala\" \/>\n<meta property=\"og:url\" content=\"https:\/\/www.boschapi.com\/fr\/agence-assurances-lescala\/\" \/>\n<meta property=\"og:site_name\" content=\"Bosch API\" \/>\n<meta property=\"article:modified_time\" content=\"2018-02-27T11:01:29+00:00\" \/>\n<meta name=\"twitter:card\" content=\"summary_large_image\" \/>\n<meta name=\"twitter:label1\" content=\"Dur\u00e9e de lecture estim\u00e9e\" \/>\n\t<meta name=\"twitter:data1\" content=\"1 minute\" \/>\n<script type=\"application\/ld+json\" class=\"yoast-schema-graph\">{\"@context\":\"https:\/\/schema.org\",\"@graph\":[{\"@type\":\"WebPage\",\"@id\":\"https:\/\/www.boschapi.com\/fr\/agence-assurances-lescala\/\",\"url\":\"https:\/\/www.boschapi.com\/fr\/agence-assurances-lescala\/\",\"name\":\"Agence d'Assurances \u00e0 L'Escala avec Catalana Occidente | Bosch API\",\"isPartOf\":{\"@id\":\"https:\/\/www.boschapi.com\/fr\/#website\"},\"datePublished\":\"2016-07-29T06:30:54+00:00\",\"dateModified\":\"2018-02-27T11:01:29+00:00\",\"description\":\"Agence d'Assurances \u00e0 L'Escala. Assurances avec la garantie de la compagnie Catalana Occidente. Bosch fournit et g\u00e8re une large gamme d'assurance \u00e0 L'Escala\",\"breadcrumb\":{\"@id\":\"https:\/\/www.boschapi.com\/fr\/agence-assurances-lescala\/#breadcrumb\"},\"inLanguage\":\"fr-FR\",\"potentialAction\":[{\"@type\":\"ReadAction\",\"target\":[\"https:\/\/www.boschapi.com\/fr\/agence-assurances-lescala\/\"]}]},{\"@type\":\"BreadcrumbList\",\"@id\":\"https:\/\/www.boschapi.com\/fr\/agence-assurances-lescala\/#breadcrumb\",\"itemListElement\":[{\"@type\":\"ListItem\",\"position\":1,\"name\":\"Inici\",\"item\":\"https:\/\/www.boschapi.com\/fr\/\"},{\"@type\":\"ListItem\",\"position\":2,\"name\":\"Assurances\"}]},{\"@type\":\"WebSite\",\"@id\":\"https:\/\/www.boschapi.com\/fr\/#website\",\"url\":\"https:\/\/www.boschapi.com\/fr\/\",\"name\":\"Bosch API\",\"description\":\"Compra venda i lloguer de cases i apartaments a l&#039;Escala\",\"potentialAction\":[{\"@type\":\"SearchAction\",\"target\":{\"@type\":\"EntryPoint\",\"urlTemplate\":\"https:\/\/www.boschapi.com\/fr\/?s={search_term_string}\"},\"query-input\":\"required name=search_term_string\"}],\"inLanguage\":\"fr-FR\"}]}<\/script>\n<!-- \/ Yoast SEO plugin. -->","yoast_head_json":{"title":"Agence d'Assurances \u00e0 L'Escala avec Catalana Occidente | Bosch API","description":"Agence d'Assurances \u00e0 L'Escala. Assurances avec la garantie de la compagnie Catalana Occidente. Bosch fournit et g\u00e8re une large gamme d'assurance \u00e0 L'Escala","robots":{"index":"index","follow":"follow","max-snippet":"max-snippet:-1","max-image-preview":"max-image-preview:large","max-video-preview":"max-video-preview:-1"},"canonical":"https:\/\/www.boschapi.com\/fr\/agence-assurances-lescala\/","og_locale":"fr_FR","og_type":"article","og_title":"Agence d'Assurances \u00e0 L'Escala avec Catalana Occidente | Bosch API","og_description":"Agence d'Assurances \u00e0 L'Escala. Assurances avec la garantie de la compagnie Catalana Occidente. Bosch fournit et g\u00e8re une large gamme d'assurance \u00e0 L'Escala","og_url":"https:\/\/www.boschapi.com\/fr\/agence-assurances-lescala\/","og_site_name":"Bosch API","article_modified_time":"2018-02-27T11:01:29+00:00","twitter_card":"summary_large_image","twitter_misc":{"Dur\u00e9e de lecture estim\u00e9e":"1 minute"},"schema":{"@context":"https:\/\/schema.org","@graph":[{"@type":"WebPage","@id":"https:\/\/www.boschapi.com\/fr\/agence-assurances-lescala\/","url":"https:\/\/www.boschapi.com\/fr\/agence-assurances-lescala\/","name":"Agence d'Assurances \u00e0 L'Escala avec Catalana Occidente | Bosch API","isPartOf":{"@id":"https:\/\/www.boschapi.com\/fr\/#website"},"datePublished":"2016-07-29T06:30:54+00:00","dateModified":"2018-02-27T11:01:29+00:00","description":"Agence d'Assurances \u00e0 L'Escala. Assurances avec la garantie de la compagnie Catalana Occidente. Bosch fournit et g\u00e8re une large gamme d'assurance \u00e0 L'Escala","breadcrumb":{"@id":"https:\/\/www.boschapi.com\/fr\/agence-assurances-lescala\/#breadcrumb"},"inLanguage":"fr-FR","potentialAction":[{"@type":"ReadAction","target":["https:\/\/www.boschapi.com\/fr\/agence-assurances-lescala\/"]}]},{"@type":"BreadcrumbList","@id":"https:\/\/www.boschapi.com\/fr\/agence-assurances-lescala\/#breadcrumb","itemListElement":[{"@type":"ListItem","position":1,"name":"Inici","item":"https:\/\/www.boschapi.com\/fr\/"},{"@type":"ListItem","position":2,"name":"Assurances"}]},{"@type":"WebSite","@id":"https:\/\/www.boschapi.com\/fr\/#website","url":"https:\/\/www.boschapi.com\/fr\/","name":"Bosch API","description":"Compra venda i lloguer de cases i apartaments a l&#039;Escala","potentialAction":[{"@type":"SearchAction","target":{"@type":"EntryPoint","urlTemplate":"https:\/\/www.boschapi.com\/fr\/?s={search_term_string}"},"query-input":"required name=search_term_string"}],"inLanguage":"fr-FR"}]}},"_links":{"self":[{"href":"https:\/\/www.boschapi.com\/fr\/wp-json\/wp\/v2\/pages\/8163"}],"collection":[{"href":"https:\/\/www.boschapi.com\/fr\/wp-json\/wp\/v2\/pages"}],"about":[{"href":"https:\/\/www.boschapi.com\/fr\/wp-json\/wp\/v2\/types\/page"}],"author":[{"embeddable":true,"href":"https:\/\/www.boschapi.com\/fr\/wp-json\/wp\/v2\/users\/1"}],"replies":[{"embeddable":true,"href":"https:\/\/www.boschapi.com\/fr\/wp-json\/wp\/v2\/comments?post=8163"}],"version-history":[{"count":10,"href":"https:\/\/www.boschapi.com\/fr\/wp-json\/wp\/v2\/pages\/8163\/revisions"}],"predecessor-version":[{"id":23747,"href":"https:\/\/www.boschapi.com\/fr\/wp-json\/wp\/v2\/pages\/8163\/revisions\/23747"}],"wp:attachment":[{"href":"https:\/\/www.boschapi.com\/fr\/wp-json\/wp\/v2\/media?parent=8163"}],"curies":[{"name":"wp","href":"https:\/\/api.w.org\/{rel}","templated":true}]}}