{"id":44927,"date":"2021-06-21T16:55:00","date_gmt":"2021-06-21T14:55:00","guid":{"rendered":"https:\/\/www.boschapi.com\/?page_id=44927"},"modified":"2021-06-21T16:56:35","modified_gmt":"2021-06-21T14:56:35","slug":"politique-de-confidentialite","status":"publish","type":"page","link":"https:\/\/www.boschapi.com\/fr\/politique-de-confidentialite\/","title":{"rendered":"Politique de confidentialit\u00e9"},"content":{"rendered":"<p><strong>Qui est responsable du traitement de vos donn\u00e9es personnelles?<\/strong><\/p>\n<p>Conform\u00e9ment aux dispositions du R\u00e8glement (UE) 2016\/679 du Parlement europ\u00e9en et du Conseil du 27 avril 2016 et de la loi organique 3\/2018 du 5 d\u00e9cembre relative \u00e0 la protection des donn\u00e9es personnelles et \u00e0 la garantie des droits num\u00e9riques, Nous informons que les donn\u00e9es personnelles que vous nous fournissez seront trait\u00e9es par :<\/p>\n<p>DOLEXTUR S.L., avec CIF : B17136573, si\u00e8ge social \u00e0 C\/ Enric Serra, 2, 17130 L&rsquo;Escala, T\u00e9l. : 972 77 15 05, e-mail : info@boschapi.com.<\/p>\n<p>FINQUES EMPORD\u00c0, S.L., avec CIF: B-55301873, si\u00e8ge social \u00e0 Avda. Riells 71B, 17130 L&rsquo;Escala, t\u00e9l. : 678340152, e-mail : femforda@boschapi.com.<\/p>\n<p>Les deux soci\u00e9t\u00e9s ci-apr\u00e8s d\u00e9nomm\u00e9es LES PROPRI\u00c9TAIRES.<\/p>\n<p><strong>Champ d&rsquo;application de la politique de protection des donn\u00e9es personnelles<\/strong><\/p>\n<p>Cette politique de protection des donn\u00e9es personnelles couvre tout traitement de donn\u00e9es pouvant survenir lors de la navigation ou de l&rsquo;interaction avec l&rsquo;une des pages de notre site Web ou des r\u00e9seaux sociaux sur lesquels nous pouvons \u00eatre pr\u00e9sents (Facebook, Twitter, Instagram, etc.).<\/p>\n<p>A la fin de ce document, des informations particuli\u00e8res sont pr\u00e9cis\u00e9es dans le cas de l&rsquo;utilisation des r\u00e9seaux sociaux. Elle s&rsquo;appliquera \u00e9galement \u00e0 toute proc\u00e9dure interne des PROPRI\u00c9TAIRES n\u00e9cessitant la collecte de donn\u00e9es, que ce soit sous forme papier ou tout autre syst\u00e8me. Par n&rsquo;importe lequel de ces moyens, vous, d\u00e9sormais d\u00e9nomm\u00e9 UTILISATEUR, pouvez consulter des informations, et dans certains cas remplir des formulaires, r\u00e9pondre \u00e0 des sondages, participer \u00e0 des concours, faire des demandes de renseignements, envoyer des photographies, faire des commentaires, etc&#8230; et, par cons\u00e9quent, nous fournir des informations de donn\u00e9es personnelles. Tous les traitements sont soumis \u00e0 notre politique de confidentialit\u00e9.<\/p>\n<p><strong>Quel traitement r\u00e9alisons-nous de vos donn\u00e9es personnelles?<\/strong><\/p>\n<table>\n<tbody>\n<tr>\n<td><strong>Traitement<\/strong><\/td>\n<td><strong>INFORMATIONS DE VENTE IMMOBILI\u00c8RE<\/strong><\/td>\n<\/tr>\n<tr>\n<td><strong>Objectif<\/strong><\/td>\n<td>R\u00e9pondre aux demandes d&rsquo;informations sur les propri\u00e9t\u00e9s \u00e0 vendre qui sont re\u00e7ues \u00e0 partir des formulaires inclus dans les pages correspondantes du site Web.<\/td>\n<\/tr>\n<tr>\n<td><strong>Cat\u00e9gories de donn\u00e9es<\/strong><\/td>\n<td>Personnes demandant des informations.<\/td>\n<\/tr>\n<tr>\n<td><strong>Donn\u00e9es<\/strong><\/td>\n<td>Nom, pr\u00e9nom, t\u00e9l\u00e9phone, email.<\/td>\n<\/tr>\n<tr>\n<td><strong>L\u00e9gitimation<\/strong><\/td>\n<td>Demande d&rsquo;informations.<\/td>\n<\/tr>\n<tr>\n<td><strong>Origine<\/strong><\/td>\n<td>Origine de l&rsquo;int\u00e9ress\u00e9.<\/td>\n<\/tr>\n<tr>\n<td><strong>Destinataires<\/strong><\/td>\n<td>Les donn\u00e9es ne sont pas transf\u00e9r\u00e9es.<\/td>\n<\/tr>\n<tr>\n<td><strong>Temps de conservation<\/strong><\/td>\n<td>Le temps n\u00e9cessaire pour r\u00e9soudre la demande d&rsquo;information.<\/td>\n<\/tr>\n<tr>\n<td><strong>Transfert international<\/strong><\/td>\n<td>Il n&rsquo;y a pas de transfert international de donn\u00e9es.<\/td>\n<\/tr>\n<\/tbody>\n<\/table>\n<p>&nbsp;<\/p>\n<table>\n<tbody>\n<tr>\n<td><strong>Traitement<\/strong><\/td>\n<td><strong>INFORMATIONS DE\u00a0<\/strong><strong>LOCATIONS VACANCES<\/strong><\/td>\n<\/tr>\n<tr>\n<td><strong>Objectif<\/strong><\/td>\n<td>R\u00e9pondre aux demandes d&rsquo;informations sur les propri\u00e9t\u00e9s en location qui sont re\u00e7ues \u00e0 partir des formulaires inclus dans les pages correspondantes du site Web.<\/td>\n<\/tr>\n<tr>\n<td><strong>Cat\u00e9gories de donn\u00e9es<\/strong><\/td>\n<td>Personnes demandant des informations.<\/td>\n<\/tr>\n<tr>\n<td><strong>Donn\u00e9es<\/strong><\/td>\n<td>Nom, pr\u00e9nom, t\u00e9l\u00e9phone, email.<\/td>\n<\/tr>\n<tr>\n<td><strong>L\u00e9gitimation<\/strong><\/td>\n<td>Demande d&rsquo;informations.<\/td>\n<\/tr>\n<tr>\n<td><strong>Origine<\/strong><\/td>\n<td>Origine de l&rsquo;int\u00e9ress\u00e9.<\/td>\n<\/tr>\n<tr>\n<td><strong>Destinataires<\/strong><\/td>\n<td>Les donn\u00e9es ne sont pas transf\u00e9r\u00e9es.<\/td>\n<\/tr>\n<tr>\n<td><strong>Temps de conservation<\/strong><\/td>\n<td>Le temps n\u00e9cessaire pour r\u00e9soudre la demande d&rsquo;information.<\/td>\n<\/tr>\n<tr>\n<td><strong>Transfert international<\/strong><\/td>\n<td>Il n&rsquo;y a pas de transfert international de donn\u00e9es.<\/td>\n<\/tr>\n<\/tbody>\n<\/table>\n<p>&nbsp;<\/p>\n<table>\n<tbody>\n<tr>\n<td><strong>Traitement<\/strong><\/td>\n<td><strong>INFORMATION G\u00c9N\u00c9RALE<\/strong><\/td>\n<\/tr>\n<tr>\n<td><strong>Objectif<\/strong><\/td>\n<td>R\u00e9pondre aux demandes d&rsquo;informations \u00e0 partir des formulaires g\u00e9n\u00e9riques inclus dans les pages correspondantes du site Web.<\/td>\n<\/tr>\n<tr>\n<td><strong>Cat\u00e9gories de donn\u00e9es<\/strong><\/td>\n<td>Personnes demandant des informations.<\/td>\n<\/tr>\n<tr>\n<td><strong>Donn\u00e9es<\/strong><\/td>\n<td>Nom, pr\u00e9nom, t\u00e9l\u00e9phone, email.<\/td>\n<\/tr>\n<tr>\n<td><strong>L\u00e9gitimation<\/strong><\/td>\n<td>Demande d&rsquo;informations.<\/td>\n<\/tr>\n<tr>\n<td><strong>Origine<\/strong><\/td>\n<td>Origine de l&rsquo;int\u00e9ress\u00e9.<\/td>\n<\/tr>\n<tr>\n<td><strong>Destinataires<\/strong><\/td>\n<td>Les donn\u00e9es ne sont pas transf\u00e9r\u00e9es.<\/td>\n<\/tr>\n<tr>\n<td><strong>Temps de conservation<\/strong><\/td>\n<td>Le temps n\u00e9cessaire pour r\u00e9soudre la demande d&rsquo;information.<\/td>\n<\/tr>\n<tr>\n<td><strong>Transfert international<\/strong><\/td>\n<td>Il n&rsquo;y a pas de transfert international de donn\u00e9es.<\/td>\n<\/tr>\n<\/tbody>\n<\/table>\n<p>&nbsp;<\/p>\n<table>\n<tbody>\n<tr>\n<td><strong>Traitement<\/strong><\/td>\n<td><strong>NEWSLETTER<\/strong><\/td>\n<\/tr>\n<tr>\n<td><strong>Objectif<\/strong><\/td>\n<td>Envoyer des informations et des actualit\u00e9s li\u00e9es \u00e0 la location saisonni\u00e8re et\/ou \u00e0 la vente immobili\u00e8re.<\/td>\n<\/tr>\n<tr>\n<td><strong>Cat\u00e9gories de donn\u00e9es<\/strong><\/td>\n<td>Personnes demandant des informations.<\/td>\n<\/tr>\n<tr>\n<td><strong>Donn\u00e9es<\/strong><\/td>\n<td>Email.<\/td>\n<\/tr>\n<tr>\n<td><strong>L\u00e9gitimation<\/strong><\/td>\n<td>Demande d&rsquo;informations.<\/td>\n<\/tr>\n<tr>\n<td><strong>Origine<\/strong><\/td>\n<td>Origine de l&rsquo;int\u00e9ress\u00e9.<\/td>\n<\/tr>\n<tr>\n<td><strong>Destinataires<\/strong><\/td>\n<td>Les donn\u00e9es ne sont pas transf\u00e9r\u00e9es.<\/td>\n<\/tr>\n<tr>\n<td><strong>Temps de conservation<\/strong><\/td>\n<td>Le temps n\u00e9cessaire pour r\u00e9soudre la demande d&rsquo;information.<\/td>\n<\/tr>\n<tr>\n<td><strong>Transfert international<\/strong><\/td>\n<td>Il n&rsquo;y a pas de transfert international de donn\u00e9es.<\/td>\n<\/tr>\n<\/tbody>\n<\/table>\n<p>Votre consentement peut \u00eatre r\u00e9voqu\u00e9 \u00e0 tout moment. LES PROPRI\u00c9TAIRES utilisent des outils pour analyser les profils, les comportements ou les pr\u00e9f\u00e9rences des utilisateurs et mener ensuite des campagnes cibl\u00e9es sur la base de ces donn\u00e9es.<\/p>\n<p><strong>Pour quelle raison utilisons-nous vos donn\u00e9es personnelles?<\/strong><\/p>\n<p>Ci-dessous, nous expliquons la base l\u00e9gale qui nous permet de traiter vos donn\u00e9es personnelles :<\/p>\n<ul>\n<li>Dans le respect d&rsquo;une relation contractuelle.<\/li>\n<li>Lorsque vous nous donnez votre consentement.<\/li>\n<li>Pour l&rsquo;int\u00e9r\u00eat l\u00e9gitime des PROPRI\u00c9TAIRES \u00e0 montrer des services, des produits et des initiatives susceptibles de les int\u00e9resser.<\/li>\n<li>Respect des obligations impos\u00e9es par la loi.<\/li>\n<\/ul>\n<p>Nous vous rappelons que votre consentement peut \u00eatre r\u00e9voqu\u00e9 \u00e0 tout moment aux adresses suivantes:<\/p>\n<ul>\n<li>Ventes : info@boschapi.com<\/li>\n<li>Locations : femforda@boschapi.com<\/li>\n<\/ul>\n<p><strong>Publication de photos ou de vid\u00e9os sur le site Internet ou sur les r\u00e9seaux sociaux<\/strong><\/p>\n<p>Pour la publication de photographies ou de vid\u00e9os de nos travailleurs, clients, utilisateurs ou mineurs sur le site Web ou les r\u00e9seaux sociaux, ainsi que pour collecter des donn\u00e9es pour r\u00e9aliser un concours ou traiter toute autre donn\u00e9e personnelle, nous obtenons pr\u00e9alablement l&rsquo;autorisation pr\u00e9alable, explicite, indiscutable et le consentement \u00e9clair\u00e9 du titulaire qui, dans le cas des mineurs de moins de 14 ans, est accord\u00e9 par les parents ou tuteurs l\u00e9gaux. Le traitement de ces photos respecte le principe de proportionnalit\u00e9, c&rsquo;est-\u00e0-dire qu&rsquo;elles ne sont trait\u00e9es que strictement aux fins pour lesquelles le consentement a \u00e9t\u00e9 donn\u00e9.<\/p>\n<p><strong>Donn\u00e9es non pertinentes<\/strong><\/p>\n<p>LES PROPRI\u00c9TAIRES avertissent l&rsquo;UTILISATEUR que, \u00e0 l&rsquo;exclusion de l&rsquo;existence d&rsquo;une repr\u00e9sentation l\u00e9galement constitu\u00e9e, aucun UTILISATEUR ne peut utiliser l&rsquo;identit\u00e9 d&rsquo;une autre personne et communiquer ses donn\u00e9es personnelles, de sorte que l&rsquo;UTILISATEUR devra \u00e0 tout moment tenir compte du fait qu&rsquo;il ne peut fournir que des informations personnelles, donn\u00e9es correspondant \u00e0 leur propre identit\u00e9 et qu&rsquo;elles soient ad\u00e9quates, pertinentes, actuelles, exactes et v\u00e9ridiques.<\/p>\n<p><strong>Combien de temps conserverons-nous vos donn\u00e9es?<\/strong><\/p>\n<p>LES PROPRI\u00c9TAIRES conservent vos Donn\u00e9es Personnelles aussi longtemps que n\u00e9cessaire aux fins pour lesquelles elles ont \u00e9t\u00e9 collect\u00e9es. Si la ligne directrice est diff\u00e9rente de celle indiqu\u00e9e dans cette politique, elle est d\u00e9taill\u00e9e dans le document pertinent.<\/p>\n<p><strong>A qui communiquerons-nous vos donn\u00e9es?<\/strong><\/p>\n<p>LES PROPRI\u00c9TAIRES ne transf\u00e9reront vos donn\u00e9es que dans les services dans lesquels elles sont indiqu\u00e9es et dans les cas pr\u00e9vus par la loi. Aucun transfert international de vos donn\u00e9es personnelles ne sera effectu\u00e9. Dans le cas des r\u00e9seaux sociaux, toutes les informations et contenus publi\u00e9s par l&rsquo;UTILISATEUR feront l&rsquo;objet de communication et seront partag\u00e9s avec le reste des utilisateurs qui consultent ce r\u00e9seau social, en raison de la nature m\u00eame du service.<\/p>\n<p><strong>Mesures de s\u00e9curit\u00e9<\/strong><\/p>\n<p>LES PROPRI\u00c9TAIRES garantissent la confidentialit\u00e9 absolue des donn\u00e9es personnelles collect\u00e9es et, par cons\u00e9quent, des mesures de s\u00e9curit\u00e9 essentielles ont \u00e9t\u00e9 adopt\u00e9es pour emp\u00eacher toute alt\u00e9ration, perte, traitement ou acc\u00e8s non autoris\u00e9 et garantir ainsi son int\u00e9grit\u00e9 et sa s\u00e9curit\u00e9. L&rsquo;UTILISATEUR s&rsquo;engage \u00e0 en faire un usage diligent et \u00e0 ne pas mettre son identifiant et son mot de passe \u00e0 disposition de tiers, ainsi qu&rsquo;\u00e0 informer les PROPRI\u00c9TAIRES de tout vol, perte ou risque d&rsquo;acc\u00e8s de tiers \u00e0 son utilisateur.<\/p>\n<p><strong>Quels sont vos droits lorsque vous nous fournissez vos donn\u00e9es personnelles?<\/strong><\/p>\n<table>\n<tbody>\n<tr>\n<td><strong>DROIT<\/strong><\/td>\n<td><strong>CONTENU<\/strong><\/td>\n<td><strong>CANAL DE SERVICE: VENTES<\/strong><\/td>\n<td><strong>CANAL DE SERVICE: LOCATIONS<\/strong><\/td>\n<\/tr>\n<tr>\n<td><strong>Access<\/strong><\/td>\n<td>Vous pouvez consulter les donn\u00e9es personnelles g\u00e9r\u00e9es par LES PROPRI\u00c9TAIRES.<\/td>\n<td rowspan=\"6\">&nbsp;<\/p>\n<p>info@boschapi.com<\/td>\n<td rowspan=\"6\">&nbsp;<\/p>\n<p><span style=\"font-size: 16px;\"><sub>\u00a0<\/sub>femporda@boschapi.com<\/span><\/td>\n<\/tr>\n<tr>\n<td><strong>Rectification<\/strong><\/td>\n<td>Vous pouvez modifier vos donn\u00e9es lorsqu&rsquo;elles ne sont pas correctes.<\/td>\n<\/tr>\n<tr>\n<td><strong>Suppression<\/strong><\/td>\n<td>Vous pouvez demander la suppression des donn\u00e9es personnelles.<\/td>\n<\/tr>\n<tr>\n<td><strong>Opposition<\/strong><\/td>\n<td>Vous pouvez demander que vos donn\u00e9es personnelles ne soient pas trait\u00e9es.<\/td>\n<\/tr>\n<tr>\n<td><strong>Limitation du traitement<\/strong><\/td>\n<td>La limitation peut \u00eatre demand\u00e9e lorsque :<\/p>\n<ul>\n<li>La remise en cause de l&rsquo;exactitude de vos donn\u00e9es est v\u00e9rifi\u00e9e.<\/li>\n<li>Lorsque nous n&rsquo;avons pas besoin de traiter vos donn\u00e9es, mais que vous en avez besoin pour l&rsquo;exercice ou la d\u00e9fense de r\u00e9clamations ou de droits.<\/li>\n<\/ul>\n<\/td>\n<\/tr>\n<tr>\n<td><strong>Portabilit\u00e9<\/strong><\/td>\n<td>Vous pouvez recevoir les donn\u00e9es que vous nous avez fournies sous forme \u00e9lectronique.<\/td>\n<\/tr>\n<tr>\n<td colspan=\"4\">Si vous consid\u00e9rez que nous n&rsquo;avons pas trait\u00e9 vos donn\u00e9es personnelles conform\u00e9ment \u00e0 la r\u00e9glementation, vous pouvez d\u00e9poser une r\u00e9clamation aupr\u00e8s de l&rsquo;Agence espagnole de protection des donn\u00e9es (<a href=\"http:\/\/www.agpd.es\">www.agpd.es<\/a>).<\/p>\n<p>Pour exercer vos droits, accompagnez votre demande d&rsquo;une copie du DNI\/PASSEPORT ou d&rsquo;un document similaire.<\/p>\n<p>L&rsquo;exercice de vos droits est libre.<\/td>\n<\/tr>\n<\/tbody>\n<\/table>\n<p><strong>Des m\u00e9dias sociaux<\/strong><\/p>\n<p>Le fonctionnement des r\u00e9seaux sociaux n&rsquo;est pas sous le contr\u00f4le direct des PROPRI\u00c9TAIRES et donc les informations que vous publiez seront partag\u00e9es par tous les utilisateurs qui les consulteront. De m\u00eame, ces r\u00e9seaux permettent une interaction avec d&rsquo;autres utilisateurs, et par cons\u00e9quent, certaines r\u00e8gles pour une bonne utilisation qui doivent \u00eatre prises en compte sont d\u00e9taill\u00e9s ci-dessous.<\/p>\n<p>Le but de l&rsquo;utilisation des r\u00e9seaux sociaux est de donner de la visibilit\u00e9 et de la diffusion des produits d\u00e9velopp\u00e9s par LES PROPRI\u00c9TAIRES.<\/p>\n<p>En principe, la m\u00eame politique de protection des donn\u00e9es sp\u00e9cifi\u00e9e dans ce document s&rsquo;applique, en ce qui concerne la collecte, le traitement et le transfert des donn\u00e9es. L&rsquo;UTILISATEUR doit s&rsquo;engager \u00e0:<\/p>\n<ul>\n<li>Ne publiez pas d&rsquo;informations qui ne r\u00e9pondent pas aux exigences de v\u00e9racit\u00e9, d&rsquo;int\u00e9r\u00eat public et de respect de la dignit\u00e9 des personnes. En particulier, l&rsquo;UTILISATEUR devra \u00e9viter tout comportement susceptible de violer le principe de non-discrimination pour des raisons de sexe, de race, de religion, d&rsquo;id\u00e9ologie ou de toute autre circonstance personnelle ou sociale, et contre la vie priv\u00e9e, l&rsquo;honneur et l&rsquo;image de soi, se sent le dernier responsable de la v\u00e9racit\u00e9 et de la l\u00e9galit\u00e9 du contenu que vous publiez.<\/li>\n<li>N&rsquo;enregistrez ni ne publiez d&rsquo;images, de vid\u00e9os ou tout autre type d&rsquo;enregistrement sans le consentement des personnes concern\u00e9es. LES PROPRI\u00c9TAIRES ne s&rsquo;identifient pas aux opinions exprim\u00e9es par d&rsquo;autres ou \u00e0 l&rsquo;id\u00e9ologie des profils avec lesquels ils entretiennent des liens d&rsquo;amiti\u00e9 sur aucun r\u00e9seau social. LES PROPRI\u00c9TAIRES se r\u00e9servent le droit de supprimer de leurs r\u00e9seaux sociaux toute information publi\u00e9e par des tiers qui enfreint la loi, les encourage \u00e0 le faire ou contient des messages portant atteinte \u00e0 la dignit\u00e9 des personnes ou des institutions. En plus de bloquer ou de signaler l&rsquo;auteur du profil de ces messages.<\/li>\n<\/ul>\n<p>Recommandations aux utilisateurs:<\/p>\n<ul>\n<li>Consultez et lisez les conditions g\u00e9n\u00e9rales d&rsquo;utilisation et la politique de confidentialit\u00e9 du r\u00e9seau social au moment de l&rsquo;inscription.<\/li>\n<li>Apprenez la configuration et utilisez les possibilit\u00e9s offertes par le r\u00e9seau.<\/li>\n<li>Configurez correctement le degr\u00e9 de confidentialit\u00e9 du profil utilisateur sur le r\u00e9seau social.<\/li>\n<li>Ne publiez pas d&rsquo;informations excessives sur votre vie personnelle et familiale.<\/li>\n<li>Soyez prudent avec la publication de contenu audiovisuel et de graphiques sur votre profil, surtout si les images relatives seront h\u00e9berg\u00e9es par des tiers.<\/li>\n<li>Ne proposez pas de donn\u00e9es de tiers sans leur consentement pr\u00e9alable.<\/li>\n<\/ul>\n<p><strong>Les r\u00e9seaux sociaux g\u00e9r\u00e9s par les PROPRI\u00c9TAIRES sont:<\/strong><\/p>\n<ul>\n<li>Facebook : https:\/\/www.facebook.com\/boschapi\/<\/li>\n<li>Instagram : https:\/\/instagram.com\/femforda<\/li>\n<\/ul>\n","protected":false},"excerpt":{"rendered":"<p>Qui est responsable du traitement de vos donn\u00e9es personnelles? Conform\u00e9ment aux dispositions du R\u00e8glement (UE) 2016\/679 du Parlement europ\u00e9en et du Conseil du 27 avril 2016 et de la loi organique 3\/2018 du 5 d\u00e9cembre relative \u00e0 la protection des donn\u00e9es personnelles et \u00e0 la garantie des droits num\u00e9riques, Nous informons que les donn\u00e9es personnelles [&hellip;]<\/p>\n","protected":false},"author":3,"featured_media":0,"parent":0,"menu_order":0,"comment_status":"closed","ping_status":"closed","template":"","meta":[],"acf":[],"yoast_head":"<!-- This site is optimized with the Yoast SEO plugin v20.1 - https:\/\/yoast.com\/wordpress\/plugins\/seo\/ -->\n<title>Politique de confidentialit\u00e9 | Bosch API<\/title>\n<meta name=\"description\" content=\"Qui est responsable du traitement de vos donn\u00e9es personnelles? Conform\u00e9ment aux dispositions du R\u00e8glement (UE) 2016\/679 du Parlement europ\u00e9en et du\" \/>\n<meta name=\"robots\" content=\"index, follow, max-snippet:-1, max-image-preview:large, max-video-preview:-1\" \/>\n<link rel=\"canonical\" href=\"https:\/\/www.boschapi.com\/politica-de-privacitat\/\" \/>\n<meta property=\"og:locale\" content=\"fr_FR\" \/>\n<meta property=\"og:type\" content=\"article\" \/>\n<meta property=\"og:title\" content=\"Politique de confidentialit\u00e9 | Bosch API\" \/>\n<meta property=\"og:description\" content=\"Qui est responsable du traitement de vos donn\u00e9es personnelles? Conform\u00e9ment aux dispositions du R\u00e8glement (UE) 2016\/679 du Parlement europ\u00e9en et du\" \/>\n<meta property=\"og:url\" content=\"https:\/\/www.boschapi.com\/politica-de-privacitat\/\" \/>\n<meta property=\"og:site_name\" content=\"Bosch API\" \/>\n<meta property=\"article:modified_time\" content=\"2021-06-21T14:56:35+00:00\" \/>\n<meta name=\"twitter:card\" content=\"summary_large_image\" \/>\n<meta name=\"twitter:label1\" content=\"Dur\u00e9e de lecture estim\u00e9e\" \/>\n\t<meta name=\"twitter:data1\" content=\"9 minutes\" \/>\n<script type=\"application\/ld+json\" class=\"yoast-schema-graph\">{\"@context\":\"https:\/\/schema.org\",\"@graph\":[{\"@type\":\"WebPage\",\"@id\":\"https:\/\/www.boschapi.com\/politica-de-privacitat\/\",\"url\":\"https:\/\/www.boschapi.com\/politica-de-privacitat\/\",\"name\":\"Politique de confidentialit\u00e9 | Bosch API\",\"isPartOf\":{\"@id\":\"https:\/\/www.boschapi.com\/fr\/#website\"},\"datePublished\":\"2021-06-21T14:55:00+00:00\",\"dateModified\":\"2021-06-21T14:56:35+00:00\",\"description\":\"Qui est responsable du traitement de vos donn\u00e9es personnelles? Conform\u00e9ment aux dispositions du R\u00e8glement (UE) 2016\/679 du Parlement europ\u00e9en et du\",\"breadcrumb\":{\"@id\":\"https:\/\/www.boschapi.com\/politica-de-privacitat\/#breadcrumb\"},\"inLanguage\":\"fr-FR\",\"potentialAction\":[{\"@type\":\"ReadAction\",\"target\":[\"https:\/\/www.boschapi.com\/politica-de-privacitat\/\"]}]},{\"@type\":\"BreadcrumbList\",\"@id\":\"https:\/\/www.boschapi.com\/politica-de-privacitat\/#breadcrumb\",\"itemListElement\":[{\"@type\":\"ListItem\",\"position\":1,\"name\":\"Inici\",\"item\":\"https:\/\/www.boschapi.com\/fr\/\"},{\"@type\":\"ListItem\",\"position\":2,\"name\":\"Politique de confidentialit\u00e9\"}]},{\"@type\":\"WebSite\",\"@id\":\"https:\/\/www.boschapi.com\/fr\/#website\",\"url\":\"https:\/\/www.boschapi.com\/fr\/\",\"name\":\"Bosch API\",\"description\":\"Compra venda i lloguer de cases i apartaments a l&#039;Escala\",\"potentialAction\":[{\"@type\":\"SearchAction\",\"target\":{\"@type\":\"EntryPoint\",\"urlTemplate\":\"https:\/\/www.boschapi.com\/fr\/?s={search_term_string}\"},\"query-input\":\"required name=search_term_string\"}],\"inLanguage\":\"fr-FR\"}]}<\/script>\n<!-- \/ Yoast SEO plugin. -->","yoast_head_json":{"title":"Politique de confidentialit\u00e9 | Bosch API","description":"Qui est responsable du traitement de vos donn\u00e9es personnelles? Conform\u00e9ment aux dispositions du R\u00e8glement (UE) 2016\/679 du Parlement europ\u00e9en et du","robots":{"index":"index","follow":"follow","max-snippet":"max-snippet:-1","max-image-preview":"max-image-preview:large","max-video-preview":"max-video-preview:-1"},"canonical":"https:\/\/www.boschapi.com\/politica-de-privacitat\/","og_locale":"fr_FR","og_type":"article","og_title":"Politique de confidentialit\u00e9 | Bosch API","og_description":"Qui est responsable du traitement de vos donn\u00e9es personnelles? Conform\u00e9ment aux dispositions du R\u00e8glement (UE) 2016\/679 du Parlement europ\u00e9en et du","og_url":"https:\/\/www.boschapi.com\/politica-de-privacitat\/","og_site_name":"Bosch API","article_modified_time":"2021-06-21T14:56:35+00:00","twitter_card":"summary_large_image","twitter_misc":{"Dur\u00e9e de lecture estim\u00e9e":"9 minutes"},"schema":{"@context":"https:\/\/schema.org","@graph":[{"@type":"WebPage","@id":"https:\/\/www.boschapi.com\/politica-de-privacitat\/","url":"https:\/\/www.boschapi.com\/politica-de-privacitat\/","name":"Politique de confidentialit\u00e9 | Bosch API","isPartOf":{"@id":"https:\/\/www.boschapi.com\/fr\/#website"},"datePublished":"2021-06-21T14:55:00+00:00","dateModified":"2021-06-21T14:56:35+00:00","description":"Qui est responsable du traitement de vos donn\u00e9es personnelles? Conform\u00e9ment aux dispositions du R\u00e8glement (UE) 2016\/679 du Parlement europ\u00e9en et du","breadcrumb":{"@id":"https:\/\/www.boschapi.com\/politica-de-privacitat\/#breadcrumb"},"inLanguage":"fr-FR","potentialAction":[{"@type":"ReadAction","target":["https:\/\/www.boschapi.com\/politica-de-privacitat\/"]}]},{"@type":"BreadcrumbList","@id":"https:\/\/www.boschapi.com\/politica-de-privacitat\/#breadcrumb","itemListElement":[{"@type":"ListItem","position":1,"name":"Inici","item":"https:\/\/www.boschapi.com\/fr\/"},{"@type":"ListItem","position":2,"name":"Politique de confidentialit\u00e9"}]},{"@type":"WebSite","@id":"https:\/\/www.boschapi.com\/fr\/#website","url":"https:\/\/www.boschapi.com\/fr\/","name":"Bosch API","description":"Compra venda i lloguer de cases i apartaments a l&#039;Escala","potentialAction":[{"@type":"SearchAction","target":{"@type":"EntryPoint","urlTemplate":"https:\/\/www.boschapi.com\/fr\/?s={search_term_string}"},"query-input":"required name=search_term_string"}],"inLanguage":"fr-FR"}]}},"_links":{"self":[{"href":"https:\/\/www.boschapi.com\/fr\/wp-json\/wp\/v2\/pages\/44927"}],"collection":[{"href":"https:\/\/www.boschapi.com\/fr\/wp-json\/wp\/v2\/pages"}],"about":[{"href":"https:\/\/www.boschapi.com\/fr\/wp-json\/wp\/v2\/types\/page"}],"author":[{"embeddable":true,"href":"https:\/\/www.boschapi.com\/fr\/wp-json\/wp\/v2\/users\/3"}],"replies":[{"embeddable":true,"href":"https:\/\/www.boschapi.com\/fr\/wp-json\/wp\/v2\/comments?post=44927"}],"version-history":[{"count":1,"href":"https:\/\/www.boschapi.com\/fr\/wp-json\/wp\/v2\/pages\/44927\/revisions"}],"predecessor-version":[{"id":44932,"href":"https:\/\/www.boschapi.com\/fr\/wp-json\/wp\/v2\/pages\/44927\/revisions\/44932"}],"wp:attachment":[{"href":"https:\/\/www.boschapi.com\/fr\/wp-json\/wp\/v2\/media?parent=44927"}],"curies":[{"name":"wp","href":"https:\/\/api.w.org\/{rel}","templated":true}]}}