{"id":8333,"date":"2016-07-29T10:36:19","date_gmt":"2016-07-29T10:36:19","guid":{"rendered":"http:\/\/www.boschapi.com\/bosch-lempresa\/?lang=es"},"modified":"2017-02-24T17:28:06","modified_gmt":"2017-02-24T16:28:06","slug":"agencia-inmobiliaria","status":"publish","type":"page","link":"https:\/\/www.boschapi.com\/es\/agencia-inmobiliaria\/","title":{"rendered":"Bosch, la empresa"},"content":{"rendered":"<h1>Bosch API Agencia Inmobiliaria, constructor, API agente de la propiedad inmobiliaria, administrador de fincas, agente de seguros y proyectista, en l&#8217;Escala, Costa Brava.<\/h1>\n<h2>En 1967 naci\u00f3 en L&#8217;Escala una de las promotoras que m\u00e1s se ha mantenido en el mercado inmobiliario de la Costa Brava. Bosch API es una empresa familiar que comenz\u00f3 sus promociones inmobiliarias hace treinta a\u00f1os y, desde entonces, ha estado a su servicio ofreciendo productos de buena calidad.<\/h2>\n<h2>Durante estos cuarenta y cinco a\u00f1os, han cambiado muchas cosas: hemos visto pasar crisis econ\u00f3micas y las nuevas generaciones de la familia se han incorporado a la empresa.<\/h2>\n<h2>La empresa ha crecido y se han ido incorporando nuevos servicios, como el de oficina t\u00e9cnica y el servicio de alquileres tur\u00edsticos y para todo el a\u00f1o.<\/h2>\n<p>Bosch API Agencia Inmobiliaria, en \u00e9pocas de crisis, se ha mantenido en el mercado mientras otros desaparec\u00edan y abandonaban a sus clientes.<\/p>\n<p>En \u00e9pocas de euforia, Bosch API ha resistido al lucro f\u00e1cil y r\u00e1pido, con la convicci\u00f3n de que hay otras cosas m\u00e1s valiosas para dejar a nuestros hijos. Y en todas las \u00e9pocas, nuestros clientes se han convertido en nuestros amigos.<\/p>\n<p><img decoding=\"async\" loading=\"lazy\" class=\"alignnone size-large wp-image-169\" src=\"http:\/\/www.boschapi.com\/wp-content\/uploads\/2016\/07\/web_dia-1024x813.jpg\" alt=\"web_dia\" width=\"1024\" height=\"813\" srcset=\"https:\/\/www.boschapi.com\/wp-content\/uploads\/2016\/07\/web_dia-1024x813.jpg 1024w, https:\/\/www.boschapi.com\/wp-content\/uploads\/2016\/07\/web_dia-150x119.jpg 150w, https:\/\/www.boschapi.com\/wp-content\/uploads\/2016\/07\/web_dia-277x220.jpg 277w, https:\/\/www.boschapi.com\/wp-content\/uploads\/2016\/07\/web_dia-768x610.jpg 768w, https:\/\/www.boschapi.com\/wp-content\/uploads\/2016\/07\/web_dia-300x238.jpg 300w, https:\/\/www.boschapi.com\/wp-content\/uploads\/2016\/07\/web_dia.jpg 1647w\" sizes=\"(max-width: 1024px) 100vw, 1024px\" \/><\/p>\n<p>No somos los que hemos construido m\u00e1s ni los que hemos hecho m\u00e1s dinero, porque somos una empresa familiar. Seguro que tampoco somos los que hemos construido m\u00e1s alto, porque creemos que los hogares deben ser hechas a medida humana y deben respetar su entorno natural.<\/p>\n","protected":false},"excerpt":{"rendered":"<p>Bosch API Agencia Inmobiliaria, constructor, API agente de la propiedad inmobiliaria, administrador de fincas, agente de seguros y proyectista, en l&#8217;Escala, Costa Brava. En 1967 naci\u00f3 en L&#8217;Escala una de las promotoras que m\u00e1s se ha mantenido en el mercado inmobiliario de la Costa Brava. Bosch API es una empresa familiar que comenz\u00f3 sus promociones [&hellip;]<\/p>\n","protected":false},"author":1,"featured_media":0,"parent":0,"menu_order":0,"comment_status":"closed","ping_status":"closed","template":"page-empresa.php","meta":[],"acf":[],"yoast_head":"<!-- This site is optimized with the Yoast SEO plugin v20.1 - https:\/\/yoast.com\/wordpress\/plugins\/seo\/ -->\n<title>Agencia Inmobiliaria, constructor, proyectista en l&#039;Escala | Bosch API<\/title>\n<meta name=\"description\" content=\"Agencia Inmobiliaria Bosch API, constructor, administrador de fincas, agente de seguros y proyectista, en l&#039;Escala, Costa Brava.\" \/>\n<meta name=\"robots\" content=\"index, follow, max-snippet:-1, max-image-preview:large, max-video-preview:-1\" \/>\n<link rel=\"canonical\" href=\"https:\/\/www.boschapi.com\/es\/agencia-inmobiliaria\/\" \/>\n<meta property=\"og:locale\" content=\"es_ES\" \/>\n<meta property=\"og:type\" content=\"article\" \/>\n<meta property=\"og:title\" content=\"Agencia Inmobiliaria, constructor, proyectista en l&#039;Escala | Bosch API\" \/>\n<meta property=\"og:description\" content=\"Agencia Inmobiliaria Bosch API, constructor, administrador de fincas, agente de seguros y proyectista, en l&#039;Escala, Costa Brava.\" \/>\n<meta property=\"og:url\" content=\"https:\/\/www.boschapi.com\/es\/agencia-inmobiliaria\/\" \/>\n<meta property=\"og:site_name\" content=\"Bosch API\" \/>\n<meta property=\"article:modified_time\" content=\"2017-02-24T16:28:06+00:00\" \/>\n<meta property=\"og:image\" content=\"http:\/\/www.boschapi.com\/wp-content\/uploads\/2016\/07\/web_dia-1024x813.jpg\" \/>\n<meta name=\"twitter:card\" content=\"summary_large_image\" \/>\n<meta name=\"twitter:label1\" content=\"Tiempo de lectura\" \/>\n\t<meta name=\"twitter:data1\" content=\"1 minuto\" \/>\n<script type=\"application\/ld+json\" class=\"yoast-schema-graph\">{\"@context\":\"https:\/\/schema.org\",\"@graph\":[{\"@type\":\"WebPage\",\"@id\":\"https:\/\/www.boschapi.com\/es\/agencia-inmobiliaria\/\",\"url\":\"https:\/\/www.boschapi.com\/es\/agencia-inmobiliaria\/\",\"name\":\"Agencia Inmobiliaria, constructor, proyectista en l'Escala | Bosch API\",\"isPartOf\":{\"@id\":\"https:\/\/www.boschapi.com\/fr\/#website\"},\"datePublished\":\"2016-07-29T10:36:19+00:00\",\"dateModified\":\"2017-02-24T16:28:06+00:00\",\"description\":\"Agencia Inmobiliaria Bosch API, constructor, administrador de fincas, agente de seguros y proyectista, en l'Escala, Costa Brava.\",\"breadcrumb\":{\"@id\":\"https:\/\/www.boschapi.com\/es\/agencia-inmobiliaria\/#breadcrumb\"},\"inLanguage\":\"es\",\"potentialAction\":[{\"@type\":\"ReadAction\",\"target\":[\"https:\/\/www.boschapi.com\/es\/agencia-inmobiliaria\/\"]}]},{\"@type\":\"BreadcrumbList\",\"@id\":\"https:\/\/www.boschapi.com\/es\/agencia-inmobiliaria\/#breadcrumb\",\"itemListElement\":[{\"@type\":\"ListItem\",\"position\":1,\"name\":\"Inici\",\"item\":\"https:\/\/www.boschapi.com\/fr\/\"},{\"@type\":\"ListItem\",\"position\":2,\"name\":\"Bosch, la empresa\"}]},{\"@type\":\"WebSite\",\"@id\":\"https:\/\/www.boschapi.com\/fr\/#website\",\"url\":\"https:\/\/www.boschapi.com\/fr\/\",\"name\":\"Bosch API\",\"description\":\"Compra venda i lloguer de cases i apartaments a l&#039;Escala\",\"potentialAction\":[{\"@type\":\"SearchAction\",\"target\":{\"@type\":\"EntryPoint\",\"urlTemplate\":\"https:\/\/www.boschapi.com\/fr\/?s={search_term_string}\"},\"query-input\":\"required name=search_term_string\"}],\"inLanguage\":\"es\"}]}<\/script>\n<!-- \/ Yoast SEO plugin. -->","yoast_head_json":{"title":"Agencia Inmobiliaria, constructor, proyectista en l'Escala | Bosch API","description":"Agencia Inmobiliaria Bosch API, constructor, administrador de fincas, agente de seguros y proyectista, en l'Escala, Costa Brava.","robots":{"index":"index","follow":"follow","max-snippet":"max-snippet:-1","max-image-preview":"max-image-preview:large","max-video-preview":"max-video-preview:-1"},"canonical":"https:\/\/www.boschapi.com\/es\/agencia-inmobiliaria\/","og_locale":"es_ES","og_type":"article","og_title":"Agencia Inmobiliaria, constructor, proyectista en l'Escala | Bosch API","og_description":"Agencia Inmobiliaria Bosch API, constructor, administrador de fincas, agente de seguros y proyectista, en l'Escala, Costa Brava.","og_url":"https:\/\/www.boschapi.com\/es\/agencia-inmobiliaria\/","og_site_name":"Bosch API","article_modified_time":"2017-02-24T16:28:06+00:00","og_image":[{"url":"http:\/\/www.boschapi.com\/wp-content\/uploads\/2016\/07\/web_dia-1024x813.jpg"}],"twitter_card":"summary_large_image","twitter_misc":{"Tiempo de lectura":"1 minuto"},"schema":{"@context":"https:\/\/schema.org","@graph":[{"@type":"WebPage","@id":"https:\/\/www.boschapi.com\/es\/agencia-inmobiliaria\/","url":"https:\/\/www.boschapi.com\/es\/agencia-inmobiliaria\/","name":"Agencia Inmobiliaria, constructor, proyectista en l'Escala | Bosch API","isPartOf":{"@id":"https:\/\/www.boschapi.com\/fr\/#website"},"datePublished":"2016-07-29T10:36:19+00:00","dateModified":"2017-02-24T16:28:06+00:00","description":"Agencia Inmobiliaria Bosch API, constructor, administrador de fincas, agente de seguros y proyectista, en l'Escala, Costa Brava.","breadcrumb":{"@id":"https:\/\/www.boschapi.com\/es\/agencia-inmobiliaria\/#breadcrumb"},"inLanguage":"es","potentialAction":[{"@type":"ReadAction","target":["https:\/\/www.boschapi.com\/es\/agencia-inmobiliaria\/"]}]},{"@type":"BreadcrumbList","@id":"https:\/\/www.boschapi.com\/es\/agencia-inmobiliaria\/#breadcrumb","itemListElement":[{"@type":"ListItem","position":1,"name":"Inici","item":"https:\/\/www.boschapi.com\/fr\/"},{"@type":"ListItem","position":2,"name":"Bosch, la empresa"}]},{"@type":"WebSite","@id":"https:\/\/www.boschapi.com\/fr\/#website","url":"https:\/\/www.boschapi.com\/fr\/","name":"Bosch API","description":"Compra venda i lloguer de cases i apartaments a l&#039;Escala","potentialAction":[{"@type":"SearchAction","target":{"@type":"EntryPoint","urlTemplate":"https:\/\/www.boschapi.com\/fr\/?s={search_term_string}"},"query-input":"required name=search_term_string"}],"inLanguage":"es"}]}},"_links":{"self":[{"href":"https:\/\/www.boschapi.com\/es\/wp-json\/wp\/v2\/pages\/8333"}],"collection":[{"href":"https:\/\/www.boschapi.com\/es\/wp-json\/wp\/v2\/pages"}],"about":[{"href":"https:\/\/www.boschapi.com\/es\/wp-json\/wp\/v2\/types\/page"}],"author":[{"embeddable":true,"href":"https:\/\/www.boschapi.com\/es\/wp-json\/wp\/v2\/users\/1"}],"replies":[{"embeddable":true,"href":"https:\/\/www.boschapi.com\/es\/wp-json\/wp\/v2\/comments?post=8333"}],"version-history":[{"count":3,"href":"https:\/\/www.boschapi.com\/es\/wp-json\/wp\/v2\/pages\/8333\/revisions"}],"predecessor-version":[{"id":14506,"href":"https:\/\/www.boschapi.com\/es\/wp-json\/wp\/v2\/pages\/8333\/revisions\/14506"}],"wp:attachment":[{"href":"https:\/\/www.boschapi.com\/es\/wp-json\/wp\/v2\/media?parent=8333"}],"curies":[{"name":"wp","href":"https:\/\/api.w.org\/{rel}","templated":true}]}}