{"id":8310,"date":"2016-08-03T07:24:45","date_gmt":"2016-08-03T05:24:45","guid":{"rendered":"http:\/\/www.boschapi.com\/avis-legal-informacio\/?lang=es"},"modified":"2021-06-21T16:26:58","modified_gmt":"2021-06-21T14:26:58","slug":"aviso-legal-informacion","status":"publish","type":"page","link":"https:\/\/www.boschapi.com\/es\/aviso-legal-informacion\/","title":{"rendered":"Aviso legal &#8211; Informaci\u00f3n"},"content":{"rendered":"<p>Bienvenido al sitio Web https:\/\/boschapi.com<\/p>\n<p>A continuaci\u00f3n, le exponemos las condiciones de uso de este sitio Web. La navegaci\u00f3n por este sitio Web le otorga el rol de USUARIO de esta y, por tanto, acepta las cl\u00e1usulas detalladas en este documento.<\/p>\n<p><strong>IDENTIFICACI\u00d3N<\/strong><\/p>\n<p>De conformidad con lo que dispone el art\u00edculo 10 de la Ley 34\/2002, de 11 de julio, de Servicios de Sociedad de la Informaci\u00f3n y Comercio Electr\u00f3nico, se informa que https:\/\/boschapi.com es un dominio gestionado por dos empresas:<\/p>\n<p>DOLEXTUR S.L., con domicilio social en C\/ Enric Serra, 2, 17130 L\u2019Escala, Tel: 972 77 15 05, email: info@boschapi.com, CIF:B17136573, figura inscrita en el registro mercantil de Girona, tomo 744, libro 69, secci\u00f3n 2\u00aa, folio 166, hoja 1565, inscripci\u00f3n 1\u00aa.<\/p>\n<p>FINQUES EMPORD\u00c0, S.L.,con domicilio social en Av. Riells 71B\u00a0 17130 L\u2019Escala \u00a0Tlf: 678340152, email:\u00a0femporda@boschapi.com, CIF: B55301873, figura inscrita en el registro mercantil de Girona, tomo 3167, folio 60, hoja GI-62355.<\/p>\n<p>Ambas empresas referidas de ahora en adelante como LOS PROPIETARIOS.<\/p>\n<p><strong>NORMAS DE UTILITZACI\u00d3N<\/strong><\/p>\n<p>El USUARIO se compromete a hacer un uso adecuado y l\u00edcito del sitio Web as\u00ed como de los contenidos y servicios, de conformidad con la legislaci\u00f3n aplicable en cada momento,\u00a0 la moral y buenas costumbres generalmente aceptadas y el orden p\u00fablico.<\/p>\n<p>Queda prohibido realizar, por su parte, cualquier acci\u00f3n que pueda provocar alteraciones de los contenidos de este sitio Web o un mal funcionamiento de este, incluyendo la introducci\u00f3n de virus o similares.<\/p>\n<p><strong>PROPIEDAD INTELECTUAL<\/strong><\/p>\n<p>Las p\u00e1ginas del sitio Web y la informaci\u00f3n o los elementos que contiene, incluyen textos, documentos, fotograf\u00edas, dibujos, representaciones gr\u00e1ficas, bases de datos, v\u00eddeos y tambi\u00e9n logotipos, marcas, nombres comerciales, u otros signos distintivos, est\u00e1n protegidos por derechos de propiedad intelectual o industrial, de los cuales LOS PROPIETARIOS son titulares o con licencias leg\u00edtimas.<\/p>\n<p>Queda prohibido realizar, por su parte, cualquier acci\u00f3n que pueda provocar alteraciones de los contenidos de este sitio Web o un mal funcionamiento de la misma, incluyendo la introducci\u00f3n de virus o similares.<\/p>\n<p><strong>RESPONSABILIDAD<\/strong><\/p>\n<p>Nuestra intenci\u00f3n es la de ofrecer un sitio Web que ofrezca un funcionamiento continuado y de m\u00e1xima calidad.<\/p>\n<p>De todas formas, le informamos que no podemos garantizar el acceso continuado, y que las p\u00e1ginas se puedan encontrar impedidas o interrumpidas por factores o circunstancias ajenas a nuestra voluntad.<\/p>\n<p>LOS PROPIETARIOS\u00a0no son responsables de la informaci\u00f3n y otros contenidos integrados en espacios o sitiosweb de terceros accesibles mediante enlaces, hiperv\u00ednculos o links.<\/p>\n<p>LOS PROPIETARIOS no son responsables de los perjuicios que se pudieran derivar, entre otros, de:<\/p>\n<ul>\n<li>Interferencias, interrupciones, fallos, omisiones, aver\u00edas telef\u00f3nicas, retrasos, bloqueos o desconexiones en el funcionamiento del sistema electr\u00f3nico, motivadas por deficiencias, sobrecargas y errores en las l\u00edneas y redes de telecomunicaciones<\/li>\n<li>Intromisiones ileg\u00edtimas mediante el uso de programas malignos de cualquier tipo y a trav\u00e9s de cualquier medio de comunicaci\u00f3n.<\/li>\n<li>Uso indebido o inadecuado del sitio Web.<\/li>\n<li>Errores producidos por un mal funcionamiento del navegador o por el uso de versiones no actualizadas de este.<\/li>\n<\/ul>\n<p>Pueden ser reclamados al USUARIO da\u00f1os y perjuicios en caso de da\u00f1os causados por un uso il\u00edcito o inadecuado de este sitio Web.<\/p>\n<p>Asimismo, el USUARIO responder\u00e1 por cualquier da\u00f1o y perjuicio, que se derive del uso por su parte de \u201crobots\u201d, \u201cspiders\u201d, \u2026 o herramientas similares empleadas con el fin de recabar o extraer datos o de cualquier otra actuaci\u00f3n por su parte que imponga una carga irrazonable sobre el funcionamiento del Sitio Web.<\/p>\n<p><strong>LEGISLACI\u00d3N<\/strong><\/p>\n<p>Para la resoluci\u00f3n de cualquier conflicto que pueda surgir con ocasi\u00f3n de la visita a nuestro sitio Web aconsejamos que se contacte directamente con LOS PROPIETARIOS a trav\u00e9s de los datos de contacto que ofrecemos exponiendo su caso, con la finalidad de llegar a un acuerdo amistoso entre las dos partes.<\/p>\n<p>En caso contrario, la ley aplicable en caso de disputa o conflicto de interpretaci\u00f3n de los t\u00e9rminos que conforman este aviso legal, as\u00ed como cualquier cuesti\u00f3n relacionada con los servicios y productos del presente portal, ser\u00e1 la ley espa\u00f1ola.<\/p>\n<p>Si usted lo desea, la Comisi\u00f3n Europea facilita una plataforma de resoluci\u00f3n de litigios en l\u00ednea que se encuentra disponible en el siguiente enlace: <a href=\"http:\/\/ec.europa.eu\/consumers\/odr\/\">http:\/\/ec.europa.eu\/consumers\/odr\/<\/a><\/p>\n<p>LOS PROPIETARIOS y el USUARIO acuerdan someterse a los Jueces y Tribunales de domicilio del USUARIO, siempre que este est\u00e9 situado en territorio espa\u00f1ol y act\u00fae en condici\u00f3n de consumidor.<\/p>\n","protected":false},"excerpt":{"rendered":"<p>Bienvenido al sitio Web https:\/\/boschapi.com A continuaci\u00f3n, le exponemos las condiciones de uso de este sitio Web. La navegaci\u00f3n por este sitio Web le otorga el rol de USUARIO de esta y, por tanto, acepta las cl\u00e1usulas detalladas en este documento. IDENTIFICACI\u00d3N De conformidad con lo que dispone el art\u00edculo 10 de la Ley 34\/2002, [&hellip;]<\/p>\n","protected":false},"author":1,"featured_media":0,"parent":0,"menu_order":0,"comment_status":"closed","ping_status":"closed","template":"","meta":[],"acf":[],"yoast_head":"<!-- This site is optimized with the Yoast SEO plugin v20.1 - https:\/\/yoast.com\/wordpress\/plugins\/seo\/ -->\n<title>Aviso legal - Informaci\u00f3n | Bosch API<\/title>\n<meta name=\"description\" content=\"Bienvenido al sitio Web https:\/\/boschapi.com A continuaci\u00f3n, le exponemos las condiciones de uso de este sitio Web. La navegaci\u00f3n por este sitio Web le\" \/>\n<meta name=\"robots\" content=\"index, follow, max-snippet:-1, max-image-preview:large, max-video-preview:-1\" \/>\n<link rel=\"canonical\" href=\"https:\/\/www.boschapi.com\/avis-legal-informacio\/\" \/>\n<meta property=\"og:locale\" content=\"es_ES\" \/>\n<meta property=\"og:type\" content=\"article\" \/>\n<meta property=\"og:title\" content=\"Aviso legal - Informaci\u00f3n | Bosch API\" \/>\n<meta property=\"og:description\" content=\"Bienvenido al sitio Web https:\/\/boschapi.com A continuaci\u00f3n, le exponemos las condiciones de uso de este sitio Web. La navegaci\u00f3n por este sitio Web le\" \/>\n<meta property=\"og:url\" content=\"https:\/\/www.boschapi.com\/avis-legal-informacio\/\" \/>\n<meta property=\"og:site_name\" content=\"Bosch API\" \/>\n<meta property=\"article:modified_time\" content=\"2021-06-21T14:26:58+00:00\" \/>\n<meta name=\"twitter:card\" content=\"summary_large_image\" \/>\n<meta name=\"twitter:label1\" content=\"Tiempo de lectura\" \/>\n\t<meta name=\"twitter:data1\" content=\"4 minutos\" \/>\n<script type=\"application\/ld+json\" class=\"yoast-schema-graph\">{\"@context\":\"https:\/\/schema.org\",\"@graph\":[{\"@type\":\"WebPage\",\"@id\":\"https:\/\/www.boschapi.com\/avis-legal-informacio\/\",\"url\":\"https:\/\/www.boschapi.com\/avis-legal-informacio\/\",\"name\":\"Aviso legal - Informaci\u00f3n | Bosch API\",\"isPartOf\":{\"@id\":\"https:\/\/www.boschapi.com\/fr\/#website\"},\"datePublished\":\"2016-08-03T05:24:45+00:00\",\"dateModified\":\"2021-06-21T14:26:58+00:00\",\"description\":\"Bienvenido al sitio Web https:\/\/boschapi.com A continuaci\u00f3n, le exponemos las condiciones de uso de este sitio Web. La navegaci\u00f3n por este sitio Web le\",\"breadcrumb\":{\"@id\":\"https:\/\/www.boschapi.com\/avis-legal-informacio\/#breadcrumb\"},\"inLanguage\":\"es\",\"potentialAction\":[{\"@type\":\"ReadAction\",\"target\":[\"https:\/\/www.boschapi.com\/avis-legal-informacio\/\"]}]},{\"@type\":\"BreadcrumbList\",\"@id\":\"https:\/\/www.boschapi.com\/avis-legal-informacio\/#breadcrumb\",\"itemListElement\":[{\"@type\":\"ListItem\",\"position\":1,\"name\":\"Inici\",\"item\":\"https:\/\/www.boschapi.com\/fr\/\"},{\"@type\":\"ListItem\",\"position\":2,\"name\":\"Aviso legal &#8211; Informaci\u00f3n\"}]},{\"@type\":\"WebSite\",\"@id\":\"https:\/\/www.boschapi.com\/fr\/#website\",\"url\":\"https:\/\/www.boschapi.com\/fr\/\",\"name\":\"Bosch API\",\"description\":\"Compra venda i lloguer de cases i apartaments a l&#039;Escala\",\"potentialAction\":[{\"@type\":\"SearchAction\",\"target\":{\"@type\":\"EntryPoint\",\"urlTemplate\":\"https:\/\/www.boschapi.com\/fr\/?s={search_term_string}\"},\"query-input\":\"required name=search_term_string\"}],\"inLanguage\":\"es\"}]}<\/script>\n<!-- \/ Yoast SEO plugin. -->","yoast_head_json":{"title":"Aviso legal - Informaci\u00f3n | Bosch API","description":"Bienvenido al sitio Web https:\/\/boschapi.com A continuaci\u00f3n, le exponemos las condiciones de uso de este sitio Web. La navegaci\u00f3n por este sitio Web le","robots":{"index":"index","follow":"follow","max-snippet":"max-snippet:-1","max-image-preview":"max-image-preview:large","max-video-preview":"max-video-preview:-1"},"canonical":"https:\/\/www.boschapi.com\/avis-legal-informacio\/","og_locale":"es_ES","og_type":"article","og_title":"Aviso legal - Informaci\u00f3n | Bosch API","og_description":"Bienvenido al sitio Web https:\/\/boschapi.com A continuaci\u00f3n, le exponemos las condiciones de uso de este sitio Web. La navegaci\u00f3n por este sitio Web le","og_url":"https:\/\/www.boschapi.com\/avis-legal-informacio\/","og_site_name":"Bosch API","article_modified_time":"2021-06-21T14:26:58+00:00","twitter_card":"summary_large_image","twitter_misc":{"Tiempo de lectura":"4 minutos"},"schema":{"@context":"https:\/\/schema.org","@graph":[{"@type":"WebPage","@id":"https:\/\/www.boschapi.com\/avis-legal-informacio\/","url":"https:\/\/www.boschapi.com\/avis-legal-informacio\/","name":"Aviso legal - Informaci\u00f3n | Bosch API","isPartOf":{"@id":"https:\/\/www.boschapi.com\/fr\/#website"},"datePublished":"2016-08-03T05:24:45+00:00","dateModified":"2021-06-21T14:26:58+00:00","description":"Bienvenido al sitio Web https:\/\/boschapi.com A continuaci\u00f3n, le exponemos las condiciones de uso de este sitio Web. La navegaci\u00f3n por este sitio Web le","breadcrumb":{"@id":"https:\/\/www.boschapi.com\/avis-legal-informacio\/#breadcrumb"},"inLanguage":"es","potentialAction":[{"@type":"ReadAction","target":["https:\/\/www.boschapi.com\/avis-legal-informacio\/"]}]},{"@type":"BreadcrumbList","@id":"https:\/\/www.boschapi.com\/avis-legal-informacio\/#breadcrumb","itemListElement":[{"@type":"ListItem","position":1,"name":"Inici","item":"https:\/\/www.boschapi.com\/fr\/"},{"@type":"ListItem","position":2,"name":"Aviso legal &#8211; Informaci\u00f3n"}]},{"@type":"WebSite","@id":"https:\/\/www.boschapi.com\/fr\/#website","url":"https:\/\/www.boschapi.com\/fr\/","name":"Bosch API","description":"Compra venda i lloguer de cases i apartaments a l&#039;Escala","potentialAction":[{"@type":"SearchAction","target":{"@type":"EntryPoint","urlTemplate":"https:\/\/www.boschapi.com\/fr\/?s={search_term_string}"},"query-input":"required name=search_term_string"}],"inLanguage":"es"}]}},"_links":{"self":[{"href":"https:\/\/www.boschapi.com\/es\/wp-json\/wp\/v2\/pages\/8310"}],"collection":[{"href":"https:\/\/www.boschapi.com\/es\/wp-json\/wp\/v2\/pages"}],"about":[{"href":"https:\/\/www.boschapi.com\/es\/wp-json\/wp\/v2\/types\/page"}],"author":[{"embeddable":true,"href":"https:\/\/www.boschapi.com\/es\/wp-json\/wp\/v2\/users\/1"}],"replies":[{"embeddable":true,"href":"https:\/\/www.boschapi.com\/es\/wp-json\/wp\/v2\/comments?post=8310"}],"version-history":[{"count":3,"href":"https:\/\/www.boschapi.com\/es\/wp-json\/wp\/v2\/pages\/8310\/revisions"}],"predecessor-version":[{"id":44922,"href":"https:\/\/www.boschapi.com\/es\/wp-json\/wp\/v2\/pages\/8310\/revisions\/44922"}],"wp:attachment":[{"href":"https:\/\/www.boschapi.com\/es\/wp-json\/wp\/v2\/media?parent=8310"}],"curies":[{"name":"wp","href":"https:\/\/api.w.org\/{rel}","templated":true}]}}