{"id":8233,"date":"2016-11-03T08:17:17","date_gmt":"2016-11-03T08:17:17","guid":{"rendered":"http:\/\/www.boschapi.com\/condicions-generals-lloguer\/?lang=es"},"modified":"2016-12-22T08:05:29","modified_gmt":"2016-12-22T08:05:29","slug":"condiciones-generales-de-alquiler","status":"publish","type":"page","link":"https:\/\/www.boschapi.com\/es\/condiciones-generales-de-alquiler\/","title":{"rendered":"Condiciones generales de alquiler"},"content":{"rendered":"<h1>Condiciones generales de alquiler<\/h1>\n<p><strong>RESERVA Y PAGOS<br \/>\n<\/strong>Para efectuar una reserva de alojamiento, el cliente deber\u00e1 enviar a Bosch API la opci\u00f3n de reserva firmada y el 25% del precio total del alquiler, como paga y se\u00f1al, en un plazo m\u00e1ximo de 10 d\u00edas de la fecha de la opci\u00f3n de reserva. La reserva se considerar\u00e1 confirmada salvo causa de fuerza mayor, a la recepci\u00f3n de la paga y se\u00f1al, despu\u00e9s de la cual la Bosch API, enviar\u00e1 al cliente un recibo por la cantidad recibida. El 75% restante ser\u00e1 satisfecho a la llegada del cliente, a la entrega de llaves y tomar posesi\u00f3n del alojamiento reservado.<\/p>\n<p><strong>PRECIO DE ALQUILER <\/strong><br \/>\nEl precio del alquiler fijado y abonado por el cliente incluye: a) consumo normal de agua, gas y electricidad. B) el equipo completo del alojamiento: bater\u00eda de cocina, vajilla, cuberter\u00eda, etc.<br \/>\nQueda excluido al precio: los excesos de los consumos normales de gas, agua y electricidad, la calefacci\u00f3n, la lencer\u00eda, la limpieza final y el impuesto sobre la estancia en establecimientos tur\u00edsticos.<br \/>\nBosch API se reserva el derecho de aumentar el precio se\u00f1alado en su tarifa, siempre que sea por causas de fuerza mayor, ajenas a su voluntad. En el caso de aumento de precios, el cliente podr\u00e1 optar por abonar la diferencia o cancelar la reserva, quedando obligada la Agencia, a reintegrar la cantidad que el cliente haya abonado hasta entonces, pero en ning\u00fan caso tendr\u00e1 este el derecho a indemnizaci\u00f3n alguna.<\/p>\n<p><b>ANULACIONES<\/b><br \/>\nEn el caso de anulaci\u00f3n de una reserva ya confirmada, la agencia retendr\u00e1 del cliente, la suma recibida en concepto de arras, como indemnizaci\u00f3n. Cesar\u00e1 la obligaci\u00f3n de reserva de alojamiento, con p\u00e9rdida de la suma del precio del alojamiento, cuando no sea ocupado por el cliente durante las 48 horas siguientes a la fecha de llegada, salvo en los casos en que durante este tiempo el cliente comunique a la Agencia su llegada m\u00e1s tarde.<\/p>\n<p><b>GARANTIA<\/b><br \/>\nEl cliente, el d\u00eda de su llegada y antes de ocupar su alojamiento, deber\u00e1 depositar una fianza de 200\u20ac. El d\u00eda de su salida, tras la comprobaci\u00f3n del buen estado del alojamiento y equipo, se le reintegrara la fianza depositada, salvo que se hayan podido producir desperfectos, roturas o desapariciones, etc. en cuyo caso le ser\u00e1n deducidos los gastos, los cuales si excedieran a la cantidad depositada, el cliente se compromete a abonar la diferencia.<\/p>\n<p><b>LLEGADAS<\/b><br \/>\nEl cliente a su llegada deber\u00e1 dirigirse a la Agencia sita en Calle Palau, 4 de L\u2019Escala, donde ser\u00e1 atendido durante el siguiente horario: D\u00edas laborables de 09.00 a 13.00 y de 15.00 a 19.00 horas D\u00edas festivos de 10.00 a 12.00 horas<br \/>\nLos clientes podr\u00e1n tomar posesi\u00f3n del alojamiento reservado a partir de las 16.00 horas del primer d\u00eda del alquiler (y antes de las 20.00 horas). El cliente deber\u00e1 verificar el estado de su alojamiento dentro de las 24 horas siguientes a su llegada, debiendo comunicar cualquier anomal\u00eda. No se aceptaran reclamaciones transcurrido este plazo. El cliente deber\u00e1 comunicar cualquier desperfecto o aver\u00eda que se produzca durante su estancia, debiendo tolerar que las reparaciones se efect\u00faen lo antes posible. Ser\u00e1 requisito inexcusable para ocupar los alojamientos, la previa inscripci\u00f3n en el libro de Ocupantes, mediante la exhibici\u00f3n de su documento de identidad o pasaporte a todos los mayores de diecis\u00e9is a\u00f1os.<\/p>\n<p><b>SALIDAS<\/b><br \/>\nEl d\u00eda antes a su salida, el cliente deber\u00e1 comunicar a Bosch API la hora en que desea abandonar su alojamiento, y acordar el momento en que deber\u00e1 verificarse el buen estado del mismo (sin noticias del cliente el control se efectuara el d\u00eda antes de la salida entre les 18.00 y las 19.00 horas). El alojamiento debe dejarse libre y las llaves entregadas antes de las 10.00 horas del d\u00eda de salida.<br \/>\nSi el cliente decidiera abandonar el alojamiento, por razones particulares, antes de cumplida su estancia, no tendr\u00e1 derecho a devoluci\u00f3n ni reembolso.<\/p>\n<p><b>RECLAMACIONES<\/b><br \/>\nBosch API prestar\u00e1 al cliente la m\u00e1xima atenci\u00f3n a todas las reclamaciones, siendo estas examinadas con atenci\u00f3n a fin de solucionar los problemas justificados. Tomando adem\u00e1s nota de las reclamaciones seg\u00fan las normas se\u00f1aladas por el Departamento de Turismo de la Generalitat de Catalunya.<br \/>\nBosch API no se hace responsable de robos, da\u00f1os o accidentes que pudieran producirse a las personas o propiedades de los clientes, durante su estancia.<\/p>\n<p><b>PROHIBICIONES A LOS CLIENTES<\/b><br \/>\nQueda prohibido a los clientes: (a) introducir muebles en el alojamiento. (b) alojar mayor numero de personas de las indicadas en la ficha del alojamiento (c) ejercer la actividad de hospedaje en el alojamiento (d) introducir dentro del mismo materias o sustancias nocivas o inflamables, u otras que puedan causar da\u00f1os o molestias a los vecinos. (e) realizar actividades que atent\u00e9 a las normas usuales de convivencia, moralidad, decencia y orden publico. (f) utilizar aparatos que alteren los consumos previstos.<br \/>\nEl incumplimiento por parte de los clientes de las prohibiciones establecidas facultara a Bosch API para rescindir el contrato sin derecho a reembolso alguno.<\/p>\n","protected":false},"excerpt":{"rendered":"<p>Condiciones generales de alquiler RESERVA Y PAGOS Para efectuar una reserva de alojamiento, el cliente deber\u00e1 enviar a Bosch API la opci\u00f3n de reserva firmada y el 25% del precio total del alquiler, como paga y se\u00f1al, en un plazo m\u00e1ximo de 10 d\u00edas de la fecha de la opci\u00f3n de reserva. La reserva se [&hellip;]<\/p>\n","protected":false},"author":1,"featured_media":0,"parent":0,"menu_order":0,"comment_status":"closed","ping_status":"closed","template":"","meta":[],"acf":[],"yoast_head":"<!-- This site is optimized with the Yoast SEO plugin v20.1 - https:\/\/yoast.com\/wordpress\/plugins\/seo\/ -->\n<title>Condiciones generales de alquiler | Bosch API<\/title>\n<meta name=\"description\" content=\"Condiciones generales de alquiler RESERVA Y PAGOS Para efectuar una reserva de alojamiento, el cliente deber\u00e1 enviar a Bosch API la opci\u00f3n de reserva\" \/>\n<meta name=\"robots\" content=\"index, follow, max-snippet:-1, max-image-preview:large, max-video-preview:-1\" \/>\n<link rel=\"canonical\" href=\"https:\/\/www.boschapi.com\/es\/condiciones-generales-de-alquiler\/\" \/>\n<meta property=\"og:locale\" content=\"es_ES\" \/>\n<meta property=\"og:type\" content=\"article\" \/>\n<meta property=\"og:title\" content=\"Condiciones generales de alquiler | Bosch API\" \/>\n<meta property=\"og:description\" content=\"Condiciones generales de alquiler RESERVA Y PAGOS Para efectuar una reserva de alojamiento, el cliente deber\u00e1 enviar a Bosch API la opci\u00f3n de reserva\" \/>\n<meta property=\"og:url\" content=\"https:\/\/www.boschapi.com\/es\/condiciones-generales-de-alquiler\/\" \/>\n<meta property=\"og:site_name\" content=\"Bosch API\" \/>\n<meta property=\"article:modified_time\" content=\"2016-12-22T08:05:29+00:00\" \/>\n<meta name=\"twitter:card\" content=\"summary_large_image\" \/>\n<meta name=\"twitter:label1\" content=\"Tiempo de lectura\" \/>\n\t<meta name=\"twitter:data1\" content=\"4 minutos\" \/>\n<script type=\"application\/ld+json\" class=\"yoast-schema-graph\">{\"@context\":\"https:\/\/schema.org\",\"@graph\":[{\"@type\":\"WebPage\",\"@id\":\"https:\/\/www.boschapi.com\/es\/condiciones-generales-de-alquiler\/\",\"url\":\"https:\/\/www.boschapi.com\/es\/condiciones-generales-de-alquiler\/\",\"name\":\"Condiciones generales de alquiler | Bosch API\",\"isPartOf\":{\"@id\":\"https:\/\/www.boschapi.com\/fr\/#website\"},\"datePublished\":\"2016-11-03T08:17:17+00:00\",\"dateModified\":\"2016-12-22T08:05:29+00:00\",\"description\":\"Condiciones generales de alquiler RESERVA Y PAGOS Para efectuar una reserva de alojamiento, el cliente deber\u00e1 enviar a Bosch API la opci\u00f3n de reserva\",\"breadcrumb\":{\"@id\":\"https:\/\/www.boschapi.com\/es\/condiciones-generales-de-alquiler\/#breadcrumb\"},\"inLanguage\":\"es\",\"potentialAction\":[{\"@type\":\"ReadAction\",\"target\":[\"https:\/\/www.boschapi.com\/es\/condiciones-generales-de-alquiler\/\"]}]},{\"@type\":\"BreadcrumbList\",\"@id\":\"https:\/\/www.boschapi.com\/es\/condiciones-generales-de-alquiler\/#breadcrumb\",\"itemListElement\":[{\"@type\":\"ListItem\",\"position\":1,\"name\":\"Inici\",\"item\":\"https:\/\/www.boschapi.com\/fr\/\"},{\"@type\":\"ListItem\",\"position\":2,\"name\":\"Condiciones generales de alquiler\"}]},{\"@type\":\"WebSite\",\"@id\":\"https:\/\/www.boschapi.com\/fr\/#website\",\"url\":\"https:\/\/www.boschapi.com\/fr\/\",\"name\":\"Bosch API\",\"description\":\"Compra venda i lloguer de cases i apartaments a l&#039;Escala\",\"potentialAction\":[{\"@type\":\"SearchAction\",\"target\":{\"@type\":\"EntryPoint\",\"urlTemplate\":\"https:\/\/www.boschapi.com\/fr\/?s={search_term_string}\"},\"query-input\":\"required name=search_term_string\"}],\"inLanguage\":\"es\"}]}<\/script>\n<!-- \/ Yoast SEO plugin. -->","yoast_head_json":{"title":"Condiciones generales de alquiler | Bosch API","description":"Condiciones generales de alquiler RESERVA Y PAGOS Para efectuar una reserva de alojamiento, el cliente deber\u00e1 enviar a Bosch API la opci\u00f3n de reserva","robots":{"index":"index","follow":"follow","max-snippet":"max-snippet:-1","max-image-preview":"max-image-preview:large","max-video-preview":"max-video-preview:-1"},"canonical":"https:\/\/www.boschapi.com\/es\/condiciones-generales-de-alquiler\/","og_locale":"es_ES","og_type":"article","og_title":"Condiciones generales de alquiler | Bosch API","og_description":"Condiciones generales de alquiler RESERVA Y PAGOS Para efectuar una reserva de alojamiento, el cliente deber\u00e1 enviar a Bosch API la opci\u00f3n de reserva","og_url":"https:\/\/www.boschapi.com\/es\/condiciones-generales-de-alquiler\/","og_site_name":"Bosch API","article_modified_time":"2016-12-22T08:05:29+00:00","twitter_card":"summary_large_image","twitter_misc":{"Tiempo de lectura":"4 minutos"},"schema":{"@context":"https:\/\/schema.org","@graph":[{"@type":"WebPage","@id":"https:\/\/www.boschapi.com\/es\/condiciones-generales-de-alquiler\/","url":"https:\/\/www.boschapi.com\/es\/condiciones-generales-de-alquiler\/","name":"Condiciones generales de alquiler | Bosch API","isPartOf":{"@id":"https:\/\/www.boschapi.com\/fr\/#website"},"datePublished":"2016-11-03T08:17:17+00:00","dateModified":"2016-12-22T08:05:29+00:00","description":"Condiciones generales de alquiler RESERVA Y PAGOS Para efectuar una reserva de alojamiento, el cliente deber\u00e1 enviar a Bosch API la opci\u00f3n de reserva","breadcrumb":{"@id":"https:\/\/www.boschapi.com\/es\/condiciones-generales-de-alquiler\/#breadcrumb"},"inLanguage":"es","potentialAction":[{"@type":"ReadAction","target":["https:\/\/www.boschapi.com\/es\/condiciones-generales-de-alquiler\/"]}]},{"@type":"BreadcrumbList","@id":"https:\/\/www.boschapi.com\/es\/condiciones-generales-de-alquiler\/#breadcrumb","itemListElement":[{"@type":"ListItem","position":1,"name":"Inici","item":"https:\/\/www.boschapi.com\/fr\/"},{"@type":"ListItem","position":2,"name":"Condiciones generales de alquiler"}]},{"@type":"WebSite","@id":"https:\/\/www.boschapi.com\/fr\/#website","url":"https:\/\/www.boschapi.com\/fr\/","name":"Bosch API","description":"Compra venda i lloguer de cases i apartaments a l&#039;Escala","potentialAction":[{"@type":"SearchAction","target":{"@type":"EntryPoint","urlTemplate":"https:\/\/www.boschapi.com\/fr\/?s={search_term_string}"},"query-input":"required name=search_term_string"}],"inLanguage":"es"}]}},"_links":{"self":[{"href":"https:\/\/www.boschapi.com\/es\/wp-json\/wp\/v2\/pages\/8233"}],"collection":[{"href":"https:\/\/www.boschapi.com\/es\/wp-json\/wp\/v2\/pages"}],"about":[{"href":"https:\/\/www.boschapi.com\/es\/wp-json\/wp\/v2\/types\/page"}],"author":[{"embeddable":true,"href":"https:\/\/www.boschapi.com\/es\/wp-json\/wp\/v2\/users\/1"}],"replies":[{"embeddable":true,"href":"https:\/\/www.boschapi.com\/es\/wp-json\/wp\/v2\/comments?post=8233"}],"version-history":[{"count":3,"href":"https:\/\/www.boschapi.com\/es\/wp-json\/wp\/v2\/pages\/8233\/revisions"}],"predecessor-version":[{"id":9069,"href":"https:\/\/www.boschapi.com\/es\/wp-json\/wp\/v2\/pages\/8233\/revisions\/9069"}],"wp:attachment":[{"href":"https:\/\/www.boschapi.com\/es\/wp-json\/wp\/v2\/media?parent=8233"}],"curies":[{"name":"wp","href":"https:\/\/api.w.org\/{rel}","templated":true}]}}