{"id":8184,"date":"2016-07-29T09:12:13","date_gmt":"2016-07-29T07:12:13","guid":{"rendered":"http:\/\/www.boschapi.com\/construccio\/?lang=es"},"modified":"2018-02-27T17:17:57","modified_gmt":"2018-02-27T16:17:57","slug":"construccion-y-reforma-de-casas-en-lescala","status":"publish","type":"page","link":"https:\/\/www.boschapi.com\/es\/construccion-y-reforma-de-casas-en-lescala\/","title":{"rendered":"Construcci\u00f3n"},"content":{"rendered":"<h1>Construcci\u00f3n y reforma de casas en l&#8217;Escala, edificios de viviendas, obra privada y obra p\u00fablica.<\/h1>\n<p>Desde nuestros inicios como\u00a0<strong><span class=\"hps\">empresa de\u00a0<\/span>construcci\u00f3n y reforma de casas en l&#8217;Escala <\/strong>destinamos<strong>\u00a0<\/strong>una buena parte de nuestra actividad a dar la posibilidad a nuestros actuales y nuevos clientes de poder hacer obras de reforma o ampliaci\u00f3n en su hogar, sin la necesidad de buscar una nueva empresa que se responsabilice de ello. Disponemos de arquitecto en plantilla para la redacci\u00f3n de cualquier tipo de proyecto, y nos responsabilizamos de los industriales y las gestiones necesarias con las compa\u00f1\u00edas suministradoras y las administraciones competentes, para que los clientes tengan un \u00fanico interlocutor: Bosch API.<\/p>\n<p><img decoding=\"async\" loading=\"lazy\" class=\"alignnone wp-image-121 size-full\" title=\"Construcci\u00f3n BoschApi\" src=\"http:\/\/www.boschapi.com\/wp-content\/uploads\/2016\/07\/piscina.jpg\" alt=\"piscina\" width=\"510\" height=\"289\" srcset=\"https:\/\/www.boschapi.com\/wp-content\/uploads\/2016\/07\/piscina.jpg 510w, https:\/\/www.boschapi.com\/wp-content\/uploads\/2016\/07\/piscina-150x85.jpg 150w, https:\/\/www.boschapi.com\/wp-content\/uploads\/2016\/07\/piscina-316x179.jpg 316w, https:\/\/www.boschapi.com\/wp-content\/uploads\/2016\/07\/piscina-300x170.jpg 300w\" sizes=\"(max-width: 510px) 100vw, 510px\" \/><\/p>\n<p><span class=\"hps\">Bosch<\/span> <span class=\"hps\">API<\/span>\u00a0<span class=\"hps\">es una<\/span> <span class=\"hps\">empresa de\u00a0<\/span><strong>construcci\u00f3n y reforma de casas en l&#8217;Escala<\/strong>, de origen\u00a0<span class=\"hps\">familiar, que<\/span> <span class=\"hps\">comenz\u00f3 su<\/span> <span class=\"hps\">trayectoria<\/span> <span class=\"hps\">hace<\/span> <span class=\"hps\">m\u00e1s<\/span> <span class=\"hps\">de cuarenta\u00a0<\/span><span class=\"hps\">a\u00f1os<\/span> <span class=\"hps\">y que ha estado<\/span>\u00a0<span class=\"hps\">desde entonces<\/span> <span class=\"hps\">sirviendo<\/span> <span class=\"hps\">y<\/span> <span class=\"hps\">ofreciendo<\/span> <span class=\"hps\">la m\u00e1xima<\/span> <span class=\"hps\">calidad en<\/span> <span class=\"hps\">materia de\u00a0<\/span><span class=\"hps\">construcci\u00f3n<\/span>. <span class=\"hps\">Los grandes<\/span> <span class=\"hps\">cambios<\/span> <span class=\"hps\">de<\/span> <span class=\"hps\">la evoluci\u00f3n<\/span> <span class=\"hps\">del mercado<\/span> <span class=\"hps\">nunca<\/span> <span class=\"hps\">nos<\/span> <span class=\"hps\">han impedido<\/span> <span class=\"hps\">mantener el\u00a0<\/span><span class=\"hps\">esp\u00edritu<\/span> <span class=\"hps\">abierto y<\/span> <span class=\"hps\">colaborador<\/span> <span class=\"hps\">con una clara<\/span> <span class=\"hps\">vocaci\u00f3n<\/span> <span class=\"hps\">de convertir a<\/span> <span class=\"hps\">nuestros<\/span> <span class=\"hps\">clientes<\/span> <span class=\"hps\">en nuestros\u00a0<\/span><span class=\"hps\">amigos<\/span>. <span class=\"hps\">Todos<\/span> <span class=\"hps\">estos<\/span> <span class=\"hps\">a\u00f1os<\/span> <span class=\"hps\">de experiencia<\/span> <span class=\"hps\">son<\/span> <span class=\"hps\">una buena<\/span> <span class=\"hps\">carta de presentaci\u00f3n<\/span> <span class=\"hps\">para asegurar el \u00e9xito\u00a0<\/span><span class=\"hps\">de<\/span> <span class=\"hps\">esta filosof\u00eda<\/span> <span class=\"hps\">y de nuestro<\/span> <span class=\"hps\">esp\u00edritu<\/span> <span class=\"hps\">colaborador<\/span> <span class=\"hps\">que ponemos<\/span> <span class=\"hps\">desde este<\/span> <span class=\"hps\">momento<\/span> <span class=\"hps\">a su disposici\u00f3n<\/span>.\u00a0<span class=\"hps\">El equipo<\/span> <span class=\"hps\">de profesionales del<\/span> <span class=\"hps\">que<\/span> <span class=\"hps\">BOSCH<\/span> <span class=\"hps\">siempre ha<\/span> <span class=\"hps\">podido disponer<\/span>, ha conseguido <span class=\"hps\">que nuestra empresa<\/span> <span class=\"hps\">disfrute<\/span> <span class=\"hps\">no s\u00f3lo<\/span> <span class=\"hps\">de<\/span> <span class=\"hps\">un sello<\/span> <span class=\"hps\">muy personal<\/span> <span class=\"hps\">sino<\/span> <span class=\"hps\">tambi\u00e9n<\/span> <span class=\"hps\">de un<\/span> <span class=\"hps\">prestigio<\/span> <span class=\"hps\">reconocido<\/span>.<\/p>\n<p>&nbsp;<\/p>\n<h3><span class=\"hps\">CONSTRUCCI\u00d3N<\/span> <span class=\"hps\">PRIVADA<\/span> <span class=\"hps\">&#8211;<\/span> <span class=\"hps\">OBRA NUEVA<\/span><\/h3>\n<p><strong><span class=\"hps\">Vivienda unifamiliar<\/span> <span class=\"hps\">entre medianeras en<\/span> <span class=\"hps\">la Escala<\/span><\/strong><\/p>\n<p><a href=\"http:\/\/www.boschapi.com\/wp-content\/uploads\/2016\/07\/pilans_plantes.pdf\" target=\"_blank\">Plantas<\/a><\/p>\n<p>&nbsp;<\/p>\n<h3><span class=\"hps\">CONSTRUCCI\u00d3N<\/span> <span class=\"hps\">PRIVADA<\/span> <span class=\"hps\">&#8211;<\/span> <span class=\"hps\">REFORMA<\/span><\/h3>\n<p><strong><span class=\"hps\">Apartamento<\/span> <span class=\"hps\">en el casco<\/span> <span class=\"hps\">antiguo<\/span> <span class=\"hps\">de L&#8217;Escala<\/span> <span class=\"hps atn\">(<\/span>Cambio <span class=\"hps\">de<\/span> <span class=\"hps\">uso de dos<\/span> <span class=\"hps\">locales comerciales en<\/span> <span class=\"hps\">una vivienda<\/span>)<\/strong><\/p>\n<p><a href=\"http:\/\/www.boschapi.com\/wp-content\/uploads\/2016\/07\/pelly_web.pdf\" target=\"_blank\">Plantas estado inicial y proyecto<\/a><\/p>\n<p><img decoding=\"async\" loading=\"lazy\" class=\"alignnone wp-image-136 size-full\" title=\"CONSTRUCCI\u00d3N PRIVADA - REFORMA\" src=\"http:\/\/www.boschapi.com\/wp-content\/uploads\/2016\/07\/construccio1-1.jpg\" alt=\"construccio1\" width=\"510\" height=\"489\" srcset=\"https:\/\/www.boschapi.com\/wp-content\/uploads\/2016\/07\/construccio1-1.jpg 510w, https:\/\/www.boschapi.com\/wp-content\/uploads\/2016\/07\/construccio1-1-150x144.jpg 150w, https:\/\/www.boschapi.com\/wp-content\/uploads\/2016\/07\/construccio1-1-229x220.jpg 229w, https:\/\/www.boschapi.com\/wp-content\/uploads\/2016\/07\/construccio1-1-300x288.jpg 300w\" sizes=\"(max-width: 510px) 100vw, 510px\" \/><\/p>\n<p>&nbsp;<\/p>\n<h3>Ampliaci\u00f3n y reforma de vivienda unifamiliar (supresi\u00f3n de barreras arquitect\u00f3nicas)<\/h3>\n<p><a href=\"http:\/\/www.boschapi.com\/wp-content\/uploads\/2016\/07\/escuin_ea.pdf\" target=\"_blank\">Planta estado inicial<\/a><br \/>\n<a href=\"http:\/\/www.boschapi.com\/wp-content\/uploads\/2016\/07\/escuin_proj.pdf\" target=\"_blank\">Planta proyecto ampliaci\u00f3n<\/a><br \/>\n<a href=\"http:\/\/www.boschapi.com\/wp-content\/uploads\/2016\/07\/escuin_seccio.pdf\" target=\"_blank\">Secci\u00f3n<\/a><\/p>\n<p>&nbsp;<\/p>\n<h3>Reforma interior integral del apartamento<\/h3>\n<p><strong>Estado inicial<\/strong><\/p>\n<p><img decoding=\"async\" loading=\"lazy\" class=\"alignnone wp-image-144 size-full\" title=\"Reforma interior integral del apartamento\" src=\"http:\/\/www.boschapi.com\/wp-content\/uploads\/2016\/07\/construccions-abans.jpg\" alt=\"construccions-abans\" width=\"510\" height=\"242\" srcset=\"https:\/\/www.boschapi.com\/wp-content\/uploads\/2016\/07\/construccions-abans.jpg 510w, https:\/\/www.boschapi.com\/wp-content\/uploads\/2016\/07\/construccions-abans-150x71.jpg 150w, https:\/\/www.boschapi.com\/wp-content\/uploads\/2016\/07\/construccions-abans-316x150.jpg 316w, https:\/\/www.boschapi.com\/wp-content\/uploads\/2016\/07\/construccions-abans-300x142.jpg 300w\" sizes=\"(max-width: 510px) 100vw, 510px\" \/><\/p>\n<p>&nbsp;<\/p>\n<p><strong>Reforma<\/strong><\/p>\n<p><img decoding=\"async\" loading=\"lazy\" class=\"alignnone wp-image-145 size-full\" title=\"Reforma interior integral del apartamento\" src=\"http:\/\/www.boschapi.com\/wp-content\/uploads\/2016\/07\/construccions-reforma.jpg\" alt=\"construccions-reforma\" width=\"510\" height=\"487\" srcset=\"https:\/\/www.boschapi.com\/wp-content\/uploads\/2016\/07\/construccions-reforma.jpg 510w, https:\/\/www.boschapi.com\/wp-content\/uploads\/2016\/07\/construccions-reforma-150x143.jpg 150w, https:\/\/www.boschapi.com\/wp-content\/uploads\/2016\/07\/construccions-reforma-230x220.jpg 230w, https:\/\/www.boschapi.com\/wp-content\/uploads\/2016\/07\/construccions-reforma-300x286.jpg 300w\" sizes=\"(max-width: 510px) 100vw, 510px\" \/><\/p>\n<p>&nbsp;<\/p>\n<h3>CONSTRUCCI\u00d3N P\u00daBLICA<\/h3>\n<p><strong>Ampliaci\u00f3n y reforma del centro de d\u00eda para personas mayores en Porqueres (2009)<\/strong><\/p>\n<p><img decoding=\"async\" loading=\"lazy\" class=\"alignnone wp-image-147 size-full\" title=\"CONSTRUCCI\u00d3N P\u00daBLICA\" src=\"http:\/\/www.boschapi.com\/wp-content\/uploads\/2016\/07\/exterior_1.jpg\" alt=\"exterior_1\" width=\"565\" height=\"266\" srcset=\"https:\/\/www.boschapi.com\/wp-content\/uploads\/2016\/07\/exterior_1.jpg 565w, https:\/\/www.boschapi.com\/wp-content\/uploads\/2016\/07\/exterior_1-150x71.jpg 150w, https:\/\/www.boschapi.com\/wp-content\/uploads\/2016\/07\/exterior_1-316x149.jpg 316w, https:\/\/www.boschapi.com\/wp-content\/uploads\/2016\/07\/exterior_1-300x141.jpg 300w\" sizes=\"(max-width: 565px) 100vw, 565px\" \/><br \/>\n<img decoding=\"async\" loading=\"lazy\" class=\"alignnone wp-image-148 size-full\" title=\"CONSTRUCCI\u00d3N P\u00daBLICA\" src=\"http:\/\/www.boschapi.com\/wp-content\/uploads\/2016\/07\/exterior_2_p.jpg\" alt=\"exterior_2_p\" width=\"565\" height=\"275\" srcset=\"https:\/\/www.boschapi.com\/wp-content\/uploads\/2016\/07\/exterior_2_p.jpg 565w, https:\/\/www.boschapi.com\/wp-content\/uploads\/2016\/07\/exterior_2_p-150x73.jpg 150w, https:\/\/www.boschapi.com\/wp-content\/uploads\/2016\/07\/exterior_2_p-316x154.jpg 316w, https:\/\/www.boschapi.com\/wp-content\/uploads\/2016\/07\/exterior_2_p-300x146.jpg 300w\" sizes=\"(max-width: 565px) 100vw, 565px\" \/><br \/>\n<img decoding=\"async\" loading=\"lazy\" class=\"alignnone wp-image-149 size-full\" title=\"CONSTRUCCI\u00d3N P\u00daBLICA\" src=\"http:\/\/www.boschapi.com\/wp-content\/uploads\/2016\/07\/exterior_3.jpg\" alt=\"exterior_3\" width=\"565\" height=\"388\" srcset=\"https:\/\/www.boschapi.com\/wp-content\/uploads\/2016\/07\/exterior_3.jpg 565w, https:\/\/www.boschapi.com\/wp-content\/uploads\/2016\/07\/exterior_3-150x103.jpg 150w, https:\/\/www.boschapi.com\/wp-content\/uploads\/2016\/07\/exterior_3-316x217.jpg 316w, https:\/\/www.boschapi.com\/wp-content\/uploads\/2016\/07\/exterior_3-300x206.jpg 300w\" sizes=\"(max-width: 565px) 100vw, 565px\" \/><\/p>\n<p>&nbsp;<\/p>\n<p><strong>Construcci\u00f3n del local social en Albons (2010)<\/strong><\/p>\n<p><img decoding=\"async\" loading=\"lazy\" class=\"alignnone wp-image-151 size-full\" title=\"Construcci\u00f3n del local social en Albons (2010)\" src=\"http:\/\/www.boschapi.com\/wp-content\/uploads\/2016\/07\/albons.jpg\" alt=\"albons\" width=\"510\" height=\"705\" srcset=\"https:\/\/www.boschapi.com\/wp-content\/uploads\/2016\/07\/albons.jpg 510w, https:\/\/www.boschapi.com\/wp-content\/uploads\/2016\/07\/albons-109x150.jpg 109w, https:\/\/www.boschapi.com\/wp-content\/uploads\/2016\/07\/albons-159x220.jpg 159w, https:\/\/www.boschapi.com\/wp-content\/uploads\/2016\/07\/albons-217x300.jpg 217w\" sizes=\"(max-width: 510px) 100vw, 510px\" \/><\/p>\n","protected":false},"excerpt":{"rendered":"<p>Construcci\u00f3n y reforma de casas en l&#8217;Escala, edificios de viviendas, obra privada y obra p\u00fablica. Desde nuestros inicios como\u00a0empresa de\u00a0construcci\u00f3n y reforma de casas en l&#8217;Escala destinamos\u00a0una buena parte de nuestra actividad a dar la posibilidad a nuestros actuales y nuevos clientes de poder hacer obras de reforma o ampliaci\u00f3n en su hogar, sin la [&hellip;]<\/p>\n","protected":false},"author":1,"featured_media":0,"parent":0,"menu_order":0,"comment_status":"closed","ping_status":"closed","template":"","meta":[],"acf":[],"yoast_head":"<!-- This site is optimized with the Yoast SEO plugin v20.1 - https:\/\/yoast.com\/wordpress\/plugins\/seo\/ -->\n<title>Construcci\u00f3n y reforma de casas en l&#039;Escala. Apartamentos | Bosch API<\/title>\n<meta name=\"description\" content=\"Construcci\u00f3n y reforma de casas en l&#039;Escala, edificios de viviendas, obra privada y p\u00fablica. Arquitecto en plantilla para cualquier tipo de proyecto\" \/>\n<meta name=\"robots\" content=\"index, follow, max-snippet:-1, max-image-preview:large, max-video-preview:-1\" \/>\n<link rel=\"canonical\" href=\"https:\/\/www.boschapi.com\/es\/construccion-y-reforma-de-casas-en-lescala\/\" \/>\n<meta property=\"og:locale\" content=\"es_ES\" \/>\n<meta property=\"og:type\" content=\"article\" \/>\n<meta property=\"og:title\" content=\"Construcci\u00f3n y reforma de casas en l&#039;Escala. Apartamentos | Bosch API\" \/>\n<meta property=\"og:description\" content=\"Construcci\u00f3n y reforma de casas en l&#039;Escala, edificios de viviendas, obra privada y p\u00fablica. Arquitecto en plantilla para cualquier tipo de proyecto\" \/>\n<meta property=\"og:url\" content=\"https:\/\/www.boschapi.com\/es\/construccion-y-reforma-de-casas-en-lescala\/\" \/>\n<meta property=\"og:site_name\" content=\"Bosch API\" \/>\n<meta property=\"article:modified_time\" content=\"2018-02-27T16:17:57+00:00\" \/>\n<meta property=\"og:image\" content=\"http:\/\/www.boschapi.com\/wp-content\/uploads\/2016\/07\/piscina.jpg\" \/>\n<meta name=\"twitter:card\" content=\"summary_large_image\" \/>\n<meta name=\"twitter:label1\" content=\"Tiempo de lectura\" \/>\n\t<meta name=\"twitter:data1\" content=\"2 minutos\" \/>\n<script type=\"application\/ld+json\" class=\"yoast-schema-graph\">{\"@context\":\"https:\/\/schema.org\",\"@graph\":[{\"@type\":\"WebPage\",\"@id\":\"https:\/\/www.boschapi.com\/es\/construccion-y-reforma-de-casas-en-lescala\/\",\"url\":\"https:\/\/www.boschapi.com\/es\/construccion-y-reforma-de-casas-en-lescala\/\",\"name\":\"Construcci\u00f3n y reforma de casas en l'Escala. Apartamentos | Bosch API\",\"isPartOf\":{\"@id\":\"https:\/\/www.boschapi.com\/fr\/#website\"},\"datePublished\":\"2016-07-29T07:12:13+00:00\",\"dateModified\":\"2018-02-27T16:17:57+00:00\",\"description\":\"Construcci\u00f3n y reforma de casas en l'Escala, edificios de viviendas, obra privada y p\u00fablica. Arquitecto en plantilla para cualquier tipo de proyecto\",\"breadcrumb\":{\"@id\":\"https:\/\/www.boschapi.com\/es\/construccion-y-reforma-de-casas-en-lescala\/#breadcrumb\"},\"inLanguage\":\"es\",\"potentialAction\":[{\"@type\":\"ReadAction\",\"target\":[\"https:\/\/www.boschapi.com\/es\/construccion-y-reforma-de-casas-en-lescala\/\"]}]},{\"@type\":\"BreadcrumbList\",\"@id\":\"https:\/\/www.boschapi.com\/es\/construccion-y-reforma-de-casas-en-lescala\/#breadcrumb\",\"itemListElement\":[{\"@type\":\"ListItem\",\"position\":1,\"name\":\"Inici\",\"item\":\"https:\/\/www.boschapi.com\/fr\/\"},{\"@type\":\"ListItem\",\"position\":2,\"name\":\"Construcci\u00f3n\"}]},{\"@type\":\"WebSite\",\"@id\":\"https:\/\/www.boschapi.com\/fr\/#website\",\"url\":\"https:\/\/www.boschapi.com\/fr\/\",\"name\":\"Bosch API\",\"description\":\"Compra venda i lloguer de cases i apartaments a l&#039;Escala\",\"potentialAction\":[{\"@type\":\"SearchAction\",\"target\":{\"@type\":\"EntryPoint\",\"urlTemplate\":\"https:\/\/www.boschapi.com\/fr\/?s={search_term_string}\"},\"query-input\":\"required name=search_term_string\"}],\"inLanguage\":\"es\"}]}<\/script>\n<!-- \/ Yoast SEO plugin. -->","yoast_head_json":{"title":"Construcci\u00f3n y reforma de casas en l'Escala. Apartamentos | Bosch API","description":"Construcci\u00f3n y reforma de casas en l'Escala, edificios de viviendas, obra privada y p\u00fablica. Arquitecto en plantilla para cualquier tipo de proyecto","robots":{"index":"index","follow":"follow","max-snippet":"max-snippet:-1","max-image-preview":"max-image-preview:large","max-video-preview":"max-video-preview:-1"},"canonical":"https:\/\/www.boschapi.com\/es\/construccion-y-reforma-de-casas-en-lescala\/","og_locale":"es_ES","og_type":"article","og_title":"Construcci\u00f3n y reforma de casas en l'Escala. Apartamentos | Bosch API","og_description":"Construcci\u00f3n y reforma de casas en l'Escala, edificios de viviendas, obra privada y p\u00fablica. Arquitecto en plantilla para cualquier tipo de proyecto","og_url":"https:\/\/www.boschapi.com\/es\/construccion-y-reforma-de-casas-en-lescala\/","og_site_name":"Bosch API","article_modified_time":"2018-02-27T16:17:57+00:00","og_image":[{"url":"http:\/\/www.boschapi.com\/wp-content\/uploads\/2016\/07\/piscina.jpg"}],"twitter_card":"summary_large_image","twitter_misc":{"Tiempo de lectura":"2 minutos"},"schema":{"@context":"https:\/\/schema.org","@graph":[{"@type":"WebPage","@id":"https:\/\/www.boschapi.com\/es\/construccion-y-reforma-de-casas-en-lescala\/","url":"https:\/\/www.boschapi.com\/es\/construccion-y-reforma-de-casas-en-lescala\/","name":"Construcci\u00f3n y reforma de casas en l'Escala. Apartamentos | Bosch API","isPartOf":{"@id":"https:\/\/www.boschapi.com\/fr\/#website"},"datePublished":"2016-07-29T07:12:13+00:00","dateModified":"2018-02-27T16:17:57+00:00","description":"Construcci\u00f3n y reforma de casas en l'Escala, edificios de viviendas, obra privada y p\u00fablica. Arquitecto en plantilla para cualquier tipo de proyecto","breadcrumb":{"@id":"https:\/\/www.boschapi.com\/es\/construccion-y-reforma-de-casas-en-lescala\/#breadcrumb"},"inLanguage":"es","potentialAction":[{"@type":"ReadAction","target":["https:\/\/www.boschapi.com\/es\/construccion-y-reforma-de-casas-en-lescala\/"]}]},{"@type":"BreadcrumbList","@id":"https:\/\/www.boschapi.com\/es\/construccion-y-reforma-de-casas-en-lescala\/#breadcrumb","itemListElement":[{"@type":"ListItem","position":1,"name":"Inici","item":"https:\/\/www.boschapi.com\/fr\/"},{"@type":"ListItem","position":2,"name":"Construcci\u00f3n"}]},{"@type":"WebSite","@id":"https:\/\/www.boschapi.com\/fr\/#website","url":"https:\/\/www.boschapi.com\/fr\/","name":"Bosch API","description":"Compra venda i lloguer de cases i apartaments a l&#039;Escala","potentialAction":[{"@type":"SearchAction","target":{"@type":"EntryPoint","urlTemplate":"https:\/\/www.boschapi.com\/fr\/?s={search_term_string}"},"query-input":"required name=search_term_string"}],"inLanguage":"es"}]}},"_links":{"self":[{"href":"https:\/\/www.boschapi.com\/es\/wp-json\/wp\/v2\/pages\/8184"}],"collection":[{"href":"https:\/\/www.boschapi.com\/es\/wp-json\/wp\/v2\/pages"}],"about":[{"href":"https:\/\/www.boschapi.com\/es\/wp-json\/wp\/v2\/types\/page"}],"author":[{"embeddable":true,"href":"https:\/\/www.boschapi.com\/es\/wp-json\/wp\/v2\/users\/1"}],"replies":[{"embeddable":true,"href":"https:\/\/www.boschapi.com\/es\/wp-json\/wp\/v2\/comments?post=8184"}],"version-history":[{"count":9,"href":"https:\/\/www.boschapi.com\/es\/wp-json\/wp\/v2\/pages\/8184\/revisions"}],"predecessor-version":[{"id":23725,"href":"https:\/\/www.boschapi.com\/es\/wp-json\/wp\/v2\/pages\/8184\/revisions\/23725"}],"wp:attachment":[{"href":"https:\/\/www.boschapi.com\/es\/wp-json\/wp\/v2\/media?parent=8184"}],"curies":[{"name":"wp","href":"https:\/\/api.w.org\/{rel}","templated":true}]}}