{"id":8165,"date":"2016-07-29T08:30:54","date_gmt":"2016-07-29T06:30:54","guid":{"rendered":"http:\/\/www.boschapi.com\/assegurances\/?lang=es"},"modified":"2018-02-27T11:17:05","modified_gmt":"2018-02-27T10:17:05","slug":"agencia-de-seguros-en-lescala","status":"publish","type":"page","link":"https:\/\/www.boschapi.com\/es\/agencia-de-seguros-en-lescala\/","title":{"rendered":"Seguros"},"content":{"rendered":"<h1>Agencia de Seguros en l&#8217;Escala con Catalana Occidente<\/h1>\n<h2>Bosch ofrece y gestiona una amplia gama de seguros en l&#8217;Escala<\/h2>\n<p>Somos <strong>agencia de seguros en l&#8217;Escala<\/strong>\u00a0de la Compa\u00f1\u00eda Catalana Occidente. Amplia gama de p\u00f3lizas: seguros decenales para la construcci\u00f3n, de construcci\u00f3n en general, seguros de familia-hogar, seguros de autom\u00f3viles, seguros de vida, etc &#8230;<\/p>\n<p>&nbsp;<\/p>\n<h3>Seguro Multirriesgo de familia y hogar<\/h3>\n<p>Con el seguro Multirriesgo Familia &#8211; Hogar, puede proteger a su familia y su hogar contra los riesgos m\u00e1s comunes y frecuentes a los que est\u00e1n expuestos.<br \/>\nLos bienes y las responsabilidades que se pueden asegurar son:<\/p>\n<ul>\n<li><strong>EL CONTINENTE:<\/strong> en un sentido amplio, es el edificio o la parte del mismo que se encuentra la vivienda asegurada.<\/li>\n<li><strong>EL CONTENIDO:<\/strong> incluye los objetos que se encuentran en el interior de la vivienda.<\/li>\n<li><strong>LA RESPONSABILIDAD CIVIL FAMILIAR:<\/strong> las reclamaciones que se les pueda dirigir en caso de responsabilidad civil por da\u00f1os causados a terceros.<\/li>\n<li><strong>LA DEFENSA JUR\u00cdDICA:<\/strong> La defensa de sus intereses por reclamaciones que deba emprender o por las reclamaciones que le puedan dirigir.<\/li>\n<\/ul>\n<p>Las garant\u00edas del seguro Multirriesgo Familia-Hogar se pueden combinar para hacer frente a riesgos como incendio, robo, da\u00f1os por agua, etc.<\/p>\n<h3><\/h3>\n<p>&nbsp;<\/p>\n<p><strong>Seguro con todas las ventajas<\/strong><\/p>\n<p>El seguro Multirriesgo Familia-Hogar incluye los grupos de riesgo m\u00e1s frecuentes derivados de la fianza, el uso y el disfrute de una vivienda. Adem\u00e1s:<\/p>\n<ul>\n<li>Re\u00fane m\u00faltiples coberturas en un solo seguro<\/li>\n<li>Es m\u00e1s econ\u00f3mica que contratar seguros por separado para cada riesgo.<\/li>\n<\/ul>\n<p>&nbsp;<\/p>\n<h3>Servicio\u00a0Asitur<\/h3>\n<div>Para las p\u00f3lizas de familiar-Hogar ponemos a su disposici\u00f3n el servicio Asitur, que combina soluciones tanto para emergencias (cerrajer\u00eda, electricidad) como asistencia (env\u00edo de profesionales para reparaciones a cargo del cliente, lavander\u00edas, restaurantes, hoteles, &#8230;).<\/div>\n<div><\/div>\n<div>Llamando al 902 100 326, los clientes reciben una atenci\u00f3n inmediata.<\/div>\n<p>&nbsp;<\/p>\n<h3><strong>Servicio de Orientaci\u00f3n M\u00e9dica Telef\u00f3nica<\/strong><\/h3>\n<p>Proporciona a nuestros asegurados un asesoramiento inmediato las <strong>24 horas del d\u00eda, 365 d\u00edas del a\u00f1o<\/strong>. Llamando al <strong>900 369 369<\/strong>, la atiende un equipo m\u00e9dico de acuerdo con las siguientes especialidades:<\/p>\n<ul>\n<li><strong>El especialista en casa<\/strong>, para aquellos casos de urgencia, enfermedad, accidente o en cualquier situaci\u00f3n que requiera el consejo de un profesional.<\/li>\n<li><strong>Informaci\u00f3n sobre asistencia social<\/strong>, como centros de adopci\u00f3n, atenci\u00f3n a personas mayores, tr\u00e1mites oficiales, malos tratos, etc.<\/li>\n<li><strong>Orientaci\u00f3n m\u00e9dica o social dirigida a discapacitados auditivos y orales<\/strong> a trav\u00e9s del fax 902 158 742.<\/li>\n<li><strong>Orientaci\u00f3n psicol\u00f3gica<\/strong>. Un equipo de psic\u00f3logos le atender\u00e1 gratuitamente sin cita previa ni aplazamientos.<\/li>\n<\/ul>\n<p>&nbsp;<\/p>\n<h3>Otros\u00a0seguros<\/h3>\n<ul>\n<li>\n<div>Seguros de coches<\/div>\n<\/li>\n<li>\n<div>Seguros de motos<\/div>\n<\/li>\n<li>\n<div>Seguros de hogar<\/div>\n<\/li>\n<li>\n<div>Seguros de alquiler<\/div>\n<\/li>\n<li>\n<div>Seguros de comunidades<\/div>\n<\/li>\n<li>\n<div>Seguros de Vida<\/div>\n<\/li>\n<li>\n<div>Seguros de teleasistencia<\/div>\n<div><\/div>\n<\/li>\n<li>\n<div>Seguros de salud<\/div>\n<div><\/div>\n<\/li>\n<li>\n<div>Seguros de decesos<\/div>\n<div><\/div>\n<\/li>\n<li>\n<div>Seguros de Accidentes<\/div>\n<div><\/div>\n<\/li>\n<li>\n<div>Ahorro para la jubilaci\u00f3n<\/div>\n<div><\/div>\n<\/li>\n<li>\n<div>Fondos de inversi\u00f3n<\/div>\n<div><\/div>\n<\/li>\n<li>\n<div>PIAS (Plan Individual de Ahorro Sistem\u00e1tico)<\/div>\n<div><\/div>\n<\/li>\n<li>\n<div>Planes de pensiones<\/div>\n<\/li>\n<\/ul>\n<p>&nbsp;<\/p>\n<p><img decoding=\"async\" loading=\"lazy\" class=\"alignnone size-full wp-image-103\" src=\"http:\/\/www.boschapi.com\/wp-content\/uploads\/2016\/07\/logo-cat.gif\" alt=\"logo-cat\" width=\"193\" height=\"70\" srcset=\"https:\/\/www.boschapi.com\/wp-content\/uploads\/2016\/07\/logo-cat.gif 193w, https:\/\/www.boschapi.com\/wp-content\/uploads\/2016\/07\/logo-cat-150x54.gif 150w\" sizes=\"(max-width: 193px) 100vw, 193px\" \/><\/p>\n<p>Para m\u00e1s informaci\u00f3n puede visitar el sitio web\u00a0<a href=\"http:\/\/www.seguroscatalanaoccidente.com\/\" target=\"_blank\">www.seguroscatalanaoccidente.com\/<\/a><\/p>\n<p>Bosch API, su\u00a0<strong>Agencia de Seguros en l&#8217;Escala<\/strong>. Si lo prefiere, tambi\u00e9n puede <a href=\"http:\/\/www.boschapi.com\/es\/contacto\/\">contactar directamente con nosotros<\/a> y plantearnos sus dudas<\/p>\n","protected":false},"excerpt":{"rendered":"<p>Agencia de Seguros en l&#8217;Escala con Catalana Occidente Bosch ofrece y gestiona una amplia gama de seguros en l&#8217;Escala Somos agencia de seguros en l&#8217;Escala\u00a0de la Compa\u00f1\u00eda Catalana Occidente. Amplia gama de p\u00f3lizas: seguros decenales para la construcci\u00f3n, de construcci\u00f3n en general, seguros de familia-hogar, seguros de autom\u00f3viles, seguros de vida, etc &#8230; &nbsp; Seguro [&hellip;]<\/p>\n","protected":false},"author":1,"featured_media":0,"parent":0,"menu_order":0,"comment_status":"closed","ping_status":"closed","template":"","meta":[],"acf":[],"yoast_head":"<!-- This site is optimized with the Yoast SEO plugin v20.1 - https:\/\/yoast.com\/wordpress\/plugins\/seo\/ -->\n<title>Agencia de Seguros en l&#039;Escala Catalana Occidente | Bosch API<\/title>\n<meta name=\"description\" content=\"Agencia de Seguros en l&#039;Escala. Seguros con la garant\u00eda de la compa\u00f1\u00eda Catalana Occidente. Bosch ofrece y gestiona una amplia gama de seguros en L&#039;Escala\" \/>\n<meta name=\"robots\" content=\"index, follow, max-snippet:-1, max-image-preview:large, max-video-preview:-1\" \/>\n<link rel=\"canonical\" href=\"https:\/\/www.boschapi.com\/es\/agencia-de-seguros-en-lescala\/\" \/>\n<meta property=\"og:locale\" content=\"es_ES\" \/>\n<meta property=\"og:type\" content=\"article\" \/>\n<meta property=\"og:title\" content=\"Agencia de Seguros en l&#039;Escala Catalana Occidente | Bosch API\" \/>\n<meta property=\"og:description\" content=\"Agencia de Seguros en l&#039;Escala. Seguros con la garant\u00eda de la compa\u00f1\u00eda Catalana Occidente. Bosch ofrece y gestiona una amplia gama de seguros en L&#039;Escala\" \/>\n<meta property=\"og:url\" content=\"https:\/\/www.boschapi.com\/es\/agencia-de-seguros-en-lescala\/\" \/>\n<meta property=\"og:site_name\" content=\"Bosch API\" \/>\n<meta property=\"article:modified_time\" content=\"2018-02-27T10:17:05+00:00\" \/>\n<meta property=\"og:image\" content=\"http:\/\/www.boschapi.com\/wp-content\/uploads\/2016\/07\/logo-cat.gif\" \/>\n<meta name=\"twitter:card\" content=\"summary_large_image\" \/>\n<meta name=\"twitter:label1\" content=\"Tiempo de lectura\" \/>\n\t<meta name=\"twitter:data1\" content=\"3 minutos\" \/>\n<script type=\"application\/ld+json\" class=\"yoast-schema-graph\">{\"@context\":\"https:\/\/schema.org\",\"@graph\":[{\"@type\":\"WebPage\",\"@id\":\"https:\/\/www.boschapi.com\/es\/agencia-de-seguros-en-lescala\/\",\"url\":\"https:\/\/www.boschapi.com\/es\/agencia-de-seguros-en-lescala\/\",\"name\":\"Agencia de Seguros en l'Escala Catalana Occidente | Bosch API\",\"isPartOf\":{\"@id\":\"https:\/\/www.boschapi.com\/fr\/#website\"},\"datePublished\":\"2016-07-29T06:30:54+00:00\",\"dateModified\":\"2018-02-27T10:17:05+00:00\",\"description\":\"Agencia de Seguros en l'Escala. Seguros con la garant\u00eda de la compa\u00f1\u00eda Catalana Occidente. Bosch ofrece y gestiona una amplia gama de seguros en L'Escala\",\"breadcrumb\":{\"@id\":\"https:\/\/www.boschapi.com\/es\/agencia-de-seguros-en-lescala\/#breadcrumb\"},\"inLanguage\":\"es\",\"potentialAction\":[{\"@type\":\"ReadAction\",\"target\":[\"https:\/\/www.boschapi.com\/es\/agencia-de-seguros-en-lescala\/\"]}]},{\"@type\":\"BreadcrumbList\",\"@id\":\"https:\/\/www.boschapi.com\/es\/agencia-de-seguros-en-lescala\/#breadcrumb\",\"itemListElement\":[{\"@type\":\"ListItem\",\"position\":1,\"name\":\"Inici\",\"item\":\"https:\/\/www.boschapi.com\/fr\/\"},{\"@type\":\"ListItem\",\"position\":2,\"name\":\"Seguros\"}]},{\"@type\":\"WebSite\",\"@id\":\"https:\/\/www.boschapi.com\/fr\/#website\",\"url\":\"https:\/\/www.boschapi.com\/fr\/\",\"name\":\"Bosch API\",\"description\":\"Compra venda i lloguer de cases i apartaments a l&#039;Escala\",\"potentialAction\":[{\"@type\":\"SearchAction\",\"target\":{\"@type\":\"EntryPoint\",\"urlTemplate\":\"https:\/\/www.boschapi.com\/fr\/?s={search_term_string}\"},\"query-input\":\"required name=search_term_string\"}],\"inLanguage\":\"es\"}]}<\/script>\n<!-- \/ Yoast SEO plugin. -->","yoast_head_json":{"title":"Agencia de Seguros en l'Escala Catalana Occidente | Bosch API","description":"Agencia de Seguros en l'Escala. Seguros con la garant\u00eda de la compa\u00f1\u00eda Catalana Occidente. Bosch ofrece y gestiona una amplia gama de seguros en L'Escala","robots":{"index":"index","follow":"follow","max-snippet":"max-snippet:-1","max-image-preview":"max-image-preview:large","max-video-preview":"max-video-preview:-1"},"canonical":"https:\/\/www.boschapi.com\/es\/agencia-de-seguros-en-lescala\/","og_locale":"es_ES","og_type":"article","og_title":"Agencia de Seguros en l'Escala Catalana Occidente | Bosch API","og_description":"Agencia de Seguros en l'Escala. Seguros con la garant\u00eda de la compa\u00f1\u00eda Catalana Occidente. Bosch ofrece y gestiona una amplia gama de seguros en L'Escala","og_url":"https:\/\/www.boschapi.com\/es\/agencia-de-seguros-en-lescala\/","og_site_name":"Bosch API","article_modified_time":"2018-02-27T10:17:05+00:00","og_image":[{"url":"http:\/\/www.boschapi.com\/wp-content\/uploads\/2016\/07\/logo-cat.gif"}],"twitter_card":"summary_large_image","twitter_misc":{"Tiempo de lectura":"3 minutos"},"schema":{"@context":"https:\/\/schema.org","@graph":[{"@type":"WebPage","@id":"https:\/\/www.boschapi.com\/es\/agencia-de-seguros-en-lescala\/","url":"https:\/\/www.boschapi.com\/es\/agencia-de-seguros-en-lescala\/","name":"Agencia de Seguros en l'Escala Catalana Occidente | Bosch API","isPartOf":{"@id":"https:\/\/www.boschapi.com\/fr\/#website"},"datePublished":"2016-07-29T06:30:54+00:00","dateModified":"2018-02-27T10:17:05+00:00","description":"Agencia de Seguros en l'Escala. Seguros con la garant\u00eda de la compa\u00f1\u00eda Catalana Occidente. Bosch ofrece y gestiona una amplia gama de seguros en L'Escala","breadcrumb":{"@id":"https:\/\/www.boschapi.com\/es\/agencia-de-seguros-en-lescala\/#breadcrumb"},"inLanguage":"es","potentialAction":[{"@type":"ReadAction","target":["https:\/\/www.boschapi.com\/es\/agencia-de-seguros-en-lescala\/"]}]},{"@type":"BreadcrumbList","@id":"https:\/\/www.boschapi.com\/es\/agencia-de-seguros-en-lescala\/#breadcrumb","itemListElement":[{"@type":"ListItem","position":1,"name":"Inici","item":"https:\/\/www.boschapi.com\/fr\/"},{"@type":"ListItem","position":2,"name":"Seguros"}]},{"@type":"WebSite","@id":"https:\/\/www.boschapi.com\/fr\/#website","url":"https:\/\/www.boschapi.com\/fr\/","name":"Bosch API","description":"Compra venda i lloguer de cases i apartaments a l&#039;Escala","potentialAction":[{"@type":"SearchAction","target":{"@type":"EntryPoint","urlTemplate":"https:\/\/www.boschapi.com\/fr\/?s={search_term_string}"},"query-input":"required name=search_term_string"}],"inLanguage":"es"}]}},"_links":{"self":[{"href":"https:\/\/www.boschapi.com\/es\/wp-json\/wp\/v2\/pages\/8165"}],"collection":[{"href":"https:\/\/www.boschapi.com\/es\/wp-json\/wp\/v2\/pages"}],"about":[{"href":"https:\/\/www.boschapi.com\/es\/wp-json\/wp\/v2\/types\/page"}],"author":[{"embeddable":true,"href":"https:\/\/www.boschapi.com\/es\/wp-json\/wp\/v2\/users\/1"}],"replies":[{"embeddable":true,"href":"https:\/\/www.boschapi.com\/es\/wp-json\/wp\/v2\/comments?post=8165"}],"version-history":[{"count":8,"href":"https:\/\/www.boschapi.com\/es\/wp-json\/wp\/v2\/pages\/8165\/revisions"}],"predecessor-version":[{"id":23745,"href":"https:\/\/www.boschapi.com\/es\/wp-json\/wp\/v2\/pages\/8165\/revisions\/23745"}],"wp:attachment":[{"href":"https:\/\/www.boschapi.com\/es\/wp-json\/wp\/v2\/media?parent=8165"}],"curies":[{"name":"wp","href":"https:\/\/api.w.org\/{rel}","templated":true}]}}