{"id":8332,"date":"2016-07-29T10:36:19","date_gmt":"2016-07-29T10:36:19","guid":{"rendered":"http:\/\/www.boschapi.com\/bosch-lempresa\/?lang=de"},"modified":"2016-11-15T11:53:43","modified_gmt":"2016-11-15T11:53:43","slug":"bosch-das-unternehmen","status":"publish","type":"page","link":"https:\/\/www.boschapi.com\/de\/bosch-das-unternehmen\/","title":{"rendered":"Bosch, das Unternehmen"},"content":{"rendered":"<h1>Bosch API immobilien bauunternehmen, API, Hausverwalter, Versicherungsvertreter und designer in l&#8217;Escala-Costa Brava.<\/h1>\n<h2>Im Jahr 1967 ist in L&#8217;Escala eines der Projektf\u00fchrenden unternehmen gegr\u00fcndet worden, dass sich seit dem auf dem Immobilienmarkt der costa brava behauptet. Bosch API ist ein Familienbetrieb die vor \u00fcber drei\u00dfig Jahren mit den ersten Immobilien angeboten angefangen hat, seit dem waren wir immer f\u00fcr unsere Kunden da, mit Produkten einer guten Qualit\u00e4t.<\/h2>\n<h2>In den letzten sechs und vierzig Jahren hat sich vieles ver\u00e4ndert, wir haben Wirtschaftskrisen gesehen und neue Familienmitglieder sind in dass Familienunternehmen eingetreten.<\/h2>\n<h2>Der betrieb ist gewachsen und hat neue Dienstleistungen hinzugef\u00fcgt, zum Beispiel dass technische B\u00fcro und Vermietungen, Saison oder ganzj\u00e4hrig.<\/h2>\n<p>In Zeiten der Krise ist Bosch API auf dem Markt geblieben, w\u00e4hrend andere verschwunden sind und ihre Kunden im Stich gelassen haben.<\/p>\n<p>In Zeiten der Euphorie, hat Bosch API widerstanden schnell und einfach Geld zu gewinnen, mit der \u00dcberzeugung, dass es etwas Wertvolleres gibt was wir unseren Kindern hinterlassen. Und zu allen Zeiten, haben wir unsere Kunden wie unsere Freunde behandelt.<\/p>\n<p><img decoding=\"async\" loading=\"lazy\" class=\"alignnone size-large wp-image-169\" src=\"http:\/\/www.boschapi.com\/wp-content\/uploads\/2016\/07\/web_dia-1024x813.jpg\" alt=\"web_dia\" width=\"1024\" height=\"813\" srcset=\"https:\/\/www.boschapi.com\/wp-content\/uploads\/2016\/07\/web_dia-1024x813.jpg 1024w, https:\/\/www.boschapi.com\/wp-content\/uploads\/2016\/07\/web_dia-150x119.jpg 150w, https:\/\/www.boschapi.com\/wp-content\/uploads\/2016\/07\/web_dia-277x220.jpg 277w, https:\/\/www.boschapi.com\/wp-content\/uploads\/2016\/07\/web_dia-768x610.jpg 768w, https:\/\/www.boschapi.com\/wp-content\/uploads\/2016\/07\/web_dia-300x238.jpg 300w, https:\/\/www.boschapi.com\/wp-content\/uploads\/2016\/07\/web_dia.jpg 1647w\" sizes=\"(max-width: 1024px) 100vw, 1024px\" \/><\/p>\n<p>Wir sind nicht die die am meisten gebaut haben und wir sind auch nicht die die am meisten Geld verdient haben, weil wir ein Familienbetrieb sind. Sicherlich sind wir auch nicht die die am h\u00f6chsten gebaut haben, weil wir glauben, dass die Wohnungen sollten ma\u00dfgeschneidert sein und sollten die nat\u00fcrliche Umwelt zu respektieren und sich einf\u00fcgen.<\/p>\n","protected":false},"excerpt":{"rendered":"<p>Bosch API immobilien bauunternehmen, API, Hausverwalter, Versicherungsvertreter und designer in l&#8217;Escala-Costa Brava. Im Jahr 1967 ist in L&#8217;Escala eines der Projektf\u00fchrenden unternehmen gegr\u00fcndet worden, dass sich seit dem auf dem Immobilienmarkt der costa brava behauptet. Bosch API ist ein Familienbetrieb die vor \u00fcber drei\u00dfig Jahren mit den ersten Immobilien angeboten angefangen hat, seit dem waren [&hellip;]<\/p>\n","protected":false},"author":1,"featured_media":0,"parent":0,"menu_order":0,"comment_status":"closed","ping_status":"closed","template":"page-empresa.php","meta":[],"acf":[],"yoast_head":"<!-- This site is optimized with the Yoast SEO plugin v20.1 - https:\/\/yoast.com\/wordpress\/plugins\/seo\/ -->\n<title>Bosch, das Unternehmen | BOSCH API<\/title>\n<meta name=\"description\" content=\"Bosch API immobilien bauunternehmen, API, Hausverwalter, Versicherungsvertreter und designer in l&#039;Escala-Costa Brava. Im Jahr 1967 ist in L&#039;Escala eines\" \/>\n<meta name=\"robots\" content=\"index, follow, max-snippet:-1, max-image-preview:large, max-video-preview:-1\" \/>\n<link rel=\"canonical\" href=\"https:\/\/www.boschapi.com\/de\/bosch-das-unternehmen\/\" \/>\n<meta property=\"og:locale\" content=\"de_DE\" \/>\n<meta property=\"og:type\" content=\"article\" \/>\n<meta property=\"og:title\" content=\"Bosch, das Unternehmen | BOSCH API\" \/>\n<meta property=\"og:description\" content=\"Bosch API immobilien bauunternehmen, API, Hausverwalter, Versicherungsvertreter und designer in l&#039;Escala-Costa Brava. Im Jahr 1967 ist in L&#039;Escala eines\" \/>\n<meta property=\"og:url\" content=\"https:\/\/www.boschapi.com\/de\/bosch-das-unternehmen\/\" \/>\n<meta property=\"og:site_name\" content=\"BOSCH API\" \/>\n<meta property=\"article:modified_time\" content=\"2016-11-15T11:53:43+00:00\" \/>\n<meta property=\"og:image\" content=\"http:\/\/www.boschapi.com\/wp-content\/uploads\/2016\/07\/web_dia-1024x813.jpg\" \/>\n<meta name=\"twitter:card\" content=\"summary_large_image\" \/>\n<meta name=\"twitter:label1\" content=\"Gesch\u00e4tzte Lesezeit\" \/>\n\t<meta name=\"twitter:data1\" content=\"1\u00a0Minute\" \/>\n<script type=\"application\/ld+json\" class=\"yoast-schema-graph\">{\"@context\":\"https:\/\/schema.org\",\"@graph\":[{\"@type\":\"WebPage\",\"@id\":\"https:\/\/www.boschapi.com\/de\/bosch-das-unternehmen\/\",\"url\":\"https:\/\/www.boschapi.com\/de\/bosch-das-unternehmen\/\",\"name\":\"Bosch, das Unternehmen | BOSCH API\",\"isPartOf\":{\"@id\":\"https:\/\/www.boschapi.com\/fr\/#website\"},\"datePublished\":\"2016-07-29T10:36:19+00:00\",\"dateModified\":\"2016-11-15T11:53:43+00:00\",\"description\":\"Bosch API immobilien bauunternehmen, API, Hausverwalter, Versicherungsvertreter und designer in l'Escala-Costa Brava. Im Jahr 1967 ist in L'Escala eines\",\"breadcrumb\":{\"@id\":\"https:\/\/www.boschapi.com\/de\/bosch-das-unternehmen\/#breadcrumb\"},\"inLanguage\":\"de\",\"potentialAction\":[{\"@type\":\"ReadAction\",\"target\":[\"https:\/\/www.boschapi.com\/de\/bosch-das-unternehmen\/\"]}]},{\"@type\":\"BreadcrumbList\",\"@id\":\"https:\/\/www.boschapi.com\/de\/bosch-das-unternehmen\/#breadcrumb\",\"itemListElement\":[{\"@type\":\"ListItem\",\"position\":1,\"name\":\"Inici\",\"item\":\"https:\/\/www.boschapi.com\/fr\/\"},{\"@type\":\"ListItem\",\"position\":2,\"name\":\"Bosch, das Unternehmen\"}]},{\"@type\":\"WebSite\",\"@id\":\"https:\/\/www.boschapi.com\/fr\/#website\",\"url\":\"https:\/\/www.boschapi.com\/fr\/\",\"name\":\"BOSCH API\",\"description\":\"Compra venda i lloguer de cases i apartaments a l&#039;Escala\",\"potentialAction\":[{\"@type\":\"SearchAction\",\"target\":{\"@type\":\"EntryPoint\",\"urlTemplate\":\"https:\/\/www.boschapi.com\/fr\/?s={search_term_string}\"},\"query-input\":\"required name=search_term_string\"}],\"inLanguage\":\"de\"}]}<\/script>\n<!-- \/ Yoast SEO plugin. -->","yoast_head_json":{"title":"Bosch, das Unternehmen | BOSCH API","description":"Bosch API immobilien bauunternehmen, API, Hausverwalter, Versicherungsvertreter und designer in l'Escala-Costa Brava. Im Jahr 1967 ist in L'Escala eines","robots":{"index":"index","follow":"follow","max-snippet":"max-snippet:-1","max-image-preview":"max-image-preview:large","max-video-preview":"max-video-preview:-1"},"canonical":"https:\/\/www.boschapi.com\/de\/bosch-das-unternehmen\/","og_locale":"de_DE","og_type":"article","og_title":"Bosch, das Unternehmen | BOSCH API","og_description":"Bosch API immobilien bauunternehmen, API, Hausverwalter, Versicherungsvertreter und designer in l'Escala-Costa Brava. Im Jahr 1967 ist in L'Escala eines","og_url":"https:\/\/www.boschapi.com\/de\/bosch-das-unternehmen\/","og_site_name":"BOSCH API","article_modified_time":"2016-11-15T11:53:43+00:00","og_image":[{"url":"http:\/\/www.boschapi.com\/wp-content\/uploads\/2016\/07\/web_dia-1024x813.jpg"}],"twitter_card":"summary_large_image","twitter_misc":{"Gesch\u00e4tzte Lesezeit":"1\u00a0Minute"},"schema":{"@context":"https:\/\/schema.org","@graph":[{"@type":"WebPage","@id":"https:\/\/www.boschapi.com\/de\/bosch-das-unternehmen\/","url":"https:\/\/www.boschapi.com\/de\/bosch-das-unternehmen\/","name":"Bosch, das Unternehmen | BOSCH API","isPartOf":{"@id":"https:\/\/www.boschapi.com\/fr\/#website"},"datePublished":"2016-07-29T10:36:19+00:00","dateModified":"2016-11-15T11:53:43+00:00","description":"Bosch API immobilien bauunternehmen, API, Hausverwalter, Versicherungsvertreter und designer in l'Escala-Costa Brava. Im Jahr 1967 ist in L'Escala eines","breadcrumb":{"@id":"https:\/\/www.boschapi.com\/de\/bosch-das-unternehmen\/#breadcrumb"},"inLanguage":"de","potentialAction":[{"@type":"ReadAction","target":["https:\/\/www.boschapi.com\/de\/bosch-das-unternehmen\/"]}]},{"@type":"BreadcrumbList","@id":"https:\/\/www.boschapi.com\/de\/bosch-das-unternehmen\/#breadcrumb","itemListElement":[{"@type":"ListItem","position":1,"name":"Inici","item":"https:\/\/www.boschapi.com\/fr\/"},{"@type":"ListItem","position":2,"name":"Bosch, das Unternehmen"}]},{"@type":"WebSite","@id":"https:\/\/www.boschapi.com\/fr\/#website","url":"https:\/\/www.boschapi.com\/fr\/","name":"BOSCH API","description":"Compra venda i lloguer de cases i apartaments a l&#039;Escala","potentialAction":[{"@type":"SearchAction","target":{"@type":"EntryPoint","urlTemplate":"https:\/\/www.boschapi.com\/fr\/?s={search_term_string}"},"query-input":"required name=search_term_string"}],"inLanguage":"de"}]}},"_links":{"self":[{"href":"https:\/\/www.boschapi.com\/de\/wp-json\/wp\/v2\/pages\/8332"}],"collection":[{"href":"https:\/\/www.boschapi.com\/de\/wp-json\/wp\/v2\/pages"}],"about":[{"href":"https:\/\/www.boschapi.com\/de\/wp-json\/wp\/v2\/types\/page"}],"author":[{"embeddable":true,"href":"https:\/\/www.boschapi.com\/de\/wp-json\/wp\/v2\/users\/1"}],"replies":[{"embeddable":true,"href":"https:\/\/www.boschapi.com\/de\/wp-json\/wp\/v2\/comments?post=8332"}],"version-history":[{"count":1,"href":"https:\/\/www.boschapi.com\/de\/wp-json\/wp\/v2\/pages\/8332\/revisions"}],"predecessor-version":[{"id":8340,"href":"https:\/\/www.boschapi.com\/de\/wp-json\/wp\/v2\/pages\/8332\/revisions\/8340"}],"wp:attachment":[{"href":"https:\/\/www.boschapi.com\/de\/wp-json\/wp\/v2\/media?parent=8332"}],"curies":[{"name":"wp","href":"https:\/\/api.w.org\/{rel}","templated":true}]}}