{"id":8232,"date":"2016-11-03T08:17:17","date_gmt":"2016-11-03T08:17:17","guid":{"rendered":"http:\/\/www.boschapi.com\/condicions-generals-lloguer\/?lang=de"},"modified":"2016-12-22T08:09:06","modified_gmt":"2016-12-22T08:09:06","slug":"allgemeinen-mieterbedingungen","status":"publish","type":"page","link":"https:\/\/www.boschapi.com\/de\/allgemeinen-mieterbedingungen\/","title":{"rendered":"Allgemeinen mieterbedingungen"},"content":{"rendered":"<h1>Allgemeinen mieterbedingungen<\/h1>\n<p><strong>BUCHUNG UND ZAHLUNG: <\/strong><br \/>\nUm die Reservierung des Objekts durch zu f\u00fchren muss der Kunde dass unterschriebene reservierungsformular nach Bosch API schicken, und 25% des gesamt miet Preis, als Anzahlung, dass in ein Zeitraum von 10 tagen des Ausstellungsdatum. Die Reservierung gilt als best\u00e4tigt wen die Anzahlung erhalten wurde, die Agentur wir dem Mieter eine Empfangsbest\u00e4tigung senden. Die restlichen 75% warden am anreiseTag bezahlt, wen der Mieter die Schl\u00fcssel \u00fcbergeben bekommt u dieser die Mietwohnung bezieht. Sie werden auch die Zahlung der Steuer f\u00fcr touristische Unterk\u00fcnfte durchf\u00fchren m\u00fcssen.diese wird sich zusammenstellen aus den tagen ihres Aufenthaltes (es werden maximal 7 tage berechnet) multipliziert durch 0,45 \u20ac und erwachsener (\u00fcber Sechsen).<\/p>\n<p><strong>UNTERKUNFTPREIS: <\/strong><br \/>\nDer Mietpreis enth\u00e4lt: a) normaler Strom, Wasser, Gasverbrauch. b) Ausstattung: K\u00fcchenzeile, Geschirr, und andere Alltagsgegenst\u00e4nde. c) steuern der Unterkunft.<br \/>\nAus dem miet Preis ausgeschlossen wird: \u00fcberm\u00e4\u00dfiger Strom, Wasser, Gas, heizungs Verbrauch, Bettw\u00e4sche und Endereinigung.<br \/>\nDie Agentur beh\u00e4lt sich dass recht den Listenpreis zu erh\u00f6hen, so lange es auf h\u00f6here Gewalt zur\u00fcckzuf\u00fchren ist. Wen dieses geschieht muss der Klient entscheiden ob her die Differenzen bezahlt oder ob er die Reservierung storniert, in diesem Fall zahlt die Agentur alles Geld zur\u00fcck, in keinem Fall wird der Klient Anspruch auf Schadensersatz haben.<\/p>\n<p><strong>STORNIERUNGEN:<\/strong> im Falle einer Stornierung einer best\u00e4tigten Reservierung, die Agentur wird dass bis da hin \u00fcberwiesene Geld als Schadenersatz behalten. Die Reservierung Verpflichtung frevelt wen der Mieter in den 48 Stunden nach Ankunftdatum nicht erschienen ist oder dieser sich gemeldet hat um zu versichern dass die Ankunft sich verschoben hat.<\/p>\n<p><strong>KAUTION: <\/strong><br \/>\nDer Mieter, muss am Ankunfttag, bevor dieser dass Mietobjekt bezieht, eine Kaution von 200\u20ac hinterlegen. Diese bekommt der Mieter am Abreisetag, nach dem festegestellt wurde dass dass Mietobjekt in einem guten Zustand hinterlasen wurde, zur\u00fcck. Dies ist nicht der Fall wen irgendwelche Besch\u00e4digungen oder irgendwas am oder im Mietobjekt verschwindet, der Betrag des Schadens wir von der Kaution abgezogen, wen die kosten die Kaution \u00fcbersteigt verpflichtet sich der Mieter die Differenz zu begleichen.<\/p>\n<p><strong>ANKUNFT: <\/strong><br \/>\nDer Mieter muss sich bei seiner Ankunft an die Agentur wenden, diese liegt in carrer del palau, 4 in L\u2019Escala.<br \/>\nWerktags von 09:00 bis 13:00 und von 15:00 bis 19:00<br \/>\nFeiertags von 10:00 bis 12:00<br \/>\nDie Mieter k\u00f6nnen dass Objekt am ersten Mied Tag von 16:00 bis 20:00 Uhr beziehen. Wen irgendwas ungew\u00f6hnlich am Objekt ist muss der Mieter dieses in den n\u00e4chsten 24 Stunden nach des beziehen melden. Nach dieser Frist wird keine Reklamationen m\u00f6glich sein. Der Mieter verpflichtet sich jeden schaden, die w\u00e4hrend des Aufenthalts geschehen, zu melden, der Mieter genehmigt diese Sch\u00e4den so schnell wie m\u00f6glich zu beheben. Um dass Mietobjekt zu beziehen ist es unerl\u00e4sslich ein Personalausweis oder Reisepass von jedem \u00fcber Sachsen j\u00e4hrigen vor zu legen.<\/p>\n<p><strong>ABREISE: <\/strong><br \/>\nEin Tag vor des abreise Termins muss der Mieter seine abreise Uhrzeit der Agentur melden, dann wird vereinbart wann die Endeabnahme gemacht wird. (bei keiner Vereinbarung wird die Endeabnahme ein Tag vor der abreise zwischen 18:00 und 19:00 durchgef\u00fchrt), dass Mietobjekt muss am Abreisetag vor 10:00 Uhr verlassen warden und die Schl\u00fcssel m\u00fcssen der Agentur \u00fcbergeben w\u00e4rden. Wen der Mieter aus pers\u00f6nlichen gr\u00fcnden entscheidet dass Mietobjekt vor dem abreise Termin zu verlasen hat dieser kein Anspruch auf Schadensersatz oder Ruckerstattung.<\/p>\n<p><strong>BESCHWERDEN: <\/strong><br \/>\nDie Agentur wird dem Mieter die maximale Aufmerksamkeit bei allen Reklamationen geben, diese werden \u00fcberpr\u00fcft um die beste L\u00f6sung des Problems zu finden. Wir warden jede Beschwerde zu Kenntnis nehmen nach den Vorschriften des Informantions und Tourismusministerium.<br \/>\nDie Agentur ist nicht verantwortlich f\u00fcr Diebst\u00e4hle, Verletzungen oder Unf\u00e4lle die den Mietern oder dessen hab und gut w\u00e4hrend des Aufenthaltes widerfahren k\u00f6nnen.<br \/>\nMieterverbote: die Mieter haben folgende Verbote: a) M\u00f6bel in die Unterkunft zu stellen b) mehr Personen zu beherbergen als im Vertrag stehen c) die Unterkunft als Gestehaus zu verwenden d) In die Unterkunft leicht entz\u00fcndliche, giftige oder andere gef\u00e4hrliche Materialien die dass Haus und Mobiliar sch\u00e4digen oder die Nachbarn bel\u00e4stigen k\u00f6nnten. e) T\u00e4tigkeiten durchf\u00fchren die gegen die \u00fcblichen Regel des Zusammenlebens, Moral, Anstand und \u00f6ffentliche Ordnung Versto\u00dfen f) Benutzung von Ger\u00e4ten die den normalen Verbrauch \u00fcbersteigen.<br \/>\nDer Versto\u00df von Seiten der Mieter dieser regeln erm\u00e4chtigt die Agentur den Vertrag zu kundigen ohne jeglichen Anspruch auf R\u00fcckerstattung.<\/p>\n","protected":false},"excerpt":{"rendered":"<p>Allgemeinen mieterbedingungen BUCHUNG UND ZAHLUNG: Um die Reservierung des Objekts durch zu f\u00fchren muss der Kunde dass unterschriebene reservierungsformular nach Bosch API schicken, und 25% des gesamt miet Preis, als Anzahlung, dass in ein Zeitraum von 10 tagen des Ausstellungsdatum. Die Reservierung gilt als best\u00e4tigt wen die Anzahlung erhalten wurde, die Agentur wir dem Mieter [&hellip;]<\/p>\n","protected":false},"author":1,"featured_media":0,"parent":0,"menu_order":0,"comment_status":"closed","ping_status":"closed","template":"","meta":[],"acf":[],"yoast_head":"<!-- This site is optimized with the Yoast SEO plugin v20.1 - https:\/\/yoast.com\/wordpress\/plugins\/seo\/ -->\n<title>Allgemeinen mieterbedingungen | BOSCH API<\/title>\n<meta name=\"description\" content=\"Allgemeinen mieterbedingungen BUCHUNG UND ZAHLUNG: Um die Reservierung des Objekts durch zu f\u00fchren muss der Kunde dass unterschriebene\" \/>\n<meta name=\"robots\" content=\"index, follow, max-snippet:-1, max-image-preview:large, max-video-preview:-1\" \/>\n<link rel=\"canonical\" href=\"https:\/\/www.boschapi.com\/condicions-generals-lloguer\/\" \/>\n<meta property=\"og:locale\" content=\"de_DE\" \/>\n<meta property=\"og:type\" content=\"article\" \/>\n<meta property=\"og:title\" content=\"Allgemeinen mieterbedingungen | BOSCH API\" \/>\n<meta property=\"og:description\" content=\"Allgemeinen mieterbedingungen BUCHUNG UND ZAHLUNG: Um die Reservierung des Objekts durch zu f\u00fchren muss der Kunde dass unterschriebene\" \/>\n<meta property=\"og:url\" content=\"https:\/\/www.boschapi.com\/condicions-generals-lloguer\/\" \/>\n<meta property=\"og:site_name\" content=\"BOSCH API\" \/>\n<meta property=\"article:modified_time\" content=\"2016-12-22T08:09:06+00:00\" \/>\n<meta name=\"twitter:card\" content=\"summary_large_image\" \/>\n<meta name=\"twitter:label1\" content=\"Gesch\u00e4tzte Lesezeit\" \/>\n\t<meta name=\"twitter:data1\" content=\"4\u00a0Minuten\" \/>\n<script type=\"application\/ld+json\" class=\"yoast-schema-graph\">{\"@context\":\"https:\/\/schema.org\",\"@graph\":[{\"@type\":\"WebPage\",\"@id\":\"https:\/\/www.boschapi.com\/condicions-generals-lloguer\/\",\"url\":\"https:\/\/www.boschapi.com\/condicions-generals-lloguer\/\",\"name\":\"Allgemeinen mieterbedingungen | BOSCH API\",\"isPartOf\":{\"@id\":\"https:\/\/www.boschapi.com\/fr\/#website\"},\"datePublished\":\"2016-11-03T08:17:17+00:00\",\"dateModified\":\"2016-12-22T08:09:06+00:00\",\"description\":\"Allgemeinen mieterbedingungen BUCHUNG UND ZAHLUNG: Um die Reservierung des Objekts durch zu f\u00fchren muss der Kunde dass unterschriebene\",\"breadcrumb\":{\"@id\":\"https:\/\/www.boschapi.com\/condicions-generals-lloguer\/#breadcrumb\"},\"inLanguage\":\"de\",\"potentialAction\":[{\"@type\":\"ReadAction\",\"target\":[\"https:\/\/www.boschapi.com\/condicions-generals-lloguer\/\"]}]},{\"@type\":\"BreadcrumbList\",\"@id\":\"https:\/\/www.boschapi.com\/condicions-generals-lloguer\/#breadcrumb\",\"itemListElement\":[{\"@type\":\"ListItem\",\"position\":1,\"name\":\"Inici\",\"item\":\"https:\/\/www.boschapi.com\/fr\/\"},{\"@type\":\"ListItem\",\"position\":2,\"name\":\"Allgemeinen mieterbedingungen\"}]},{\"@type\":\"WebSite\",\"@id\":\"https:\/\/www.boschapi.com\/fr\/#website\",\"url\":\"https:\/\/www.boschapi.com\/fr\/\",\"name\":\"BOSCH API\",\"description\":\"Compra venda i lloguer de cases i apartaments a l&#039;Escala\",\"potentialAction\":[{\"@type\":\"SearchAction\",\"target\":{\"@type\":\"EntryPoint\",\"urlTemplate\":\"https:\/\/www.boschapi.com\/fr\/?s={search_term_string}\"},\"query-input\":\"required name=search_term_string\"}],\"inLanguage\":\"de\"}]}<\/script>\n<!-- \/ Yoast SEO plugin. -->","yoast_head_json":{"title":"Allgemeinen mieterbedingungen | BOSCH API","description":"Allgemeinen mieterbedingungen BUCHUNG UND ZAHLUNG: Um die Reservierung des Objekts durch zu f\u00fchren muss der Kunde dass unterschriebene","robots":{"index":"index","follow":"follow","max-snippet":"max-snippet:-1","max-image-preview":"max-image-preview:large","max-video-preview":"max-video-preview:-1"},"canonical":"https:\/\/www.boschapi.com\/condicions-generals-lloguer\/","og_locale":"de_DE","og_type":"article","og_title":"Allgemeinen mieterbedingungen | BOSCH API","og_description":"Allgemeinen mieterbedingungen BUCHUNG UND ZAHLUNG: Um die Reservierung des Objekts durch zu f\u00fchren muss der Kunde dass unterschriebene","og_url":"https:\/\/www.boschapi.com\/condicions-generals-lloguer\/","og_site_name":"BOSCH API","article_modified_time":"2016-12-22T08:09:06+00:00","twitter_card":"summary_large_image","twitter_misc":{"Gesch\u00e4tzte Lesezeit":"4\u00a0Minuten"},"schema":{"@context":"https:\/\/schema.org","@graph":[{"@type":"WebPage","@id":"https:\/\/www.boschapi.com\/condicions-generals-lloguer\/","url":"https:\/\/www.boschapi.com\/condicions-generals-lloguer\/","name":"Allgemeinen mieterbedingungen | BOSCH API","isPartOf":{"@id":"https:\/\/www.boschapi.com\/fr\/#website"},"datePublished":"2016-11-03T08:17:17+00:00","dateModified":"2016-12-22T08:09:06+00:00","description":"Allgemeinen mieterbedingungen BUCHUNG UND ZAHLUNG: Um die Reservierung des Objekts durch zu f\u00fchren muss der Kunde dass unterschriebene","breadcrumb":{"@id":"https:\/\/www.boschapi.com\/condicions-generals-lloguer\/#breadcrumb"},"inLanguage":"de","potentialAction":[{"@type":"ReadAction","target":["https:\/\/www.boschapi.com\/condicions-generals-lloguer\/"]}]},{"@type":"BreadcrumbList","@id":"https:\/\/www.boschapi.com\/condicions-generals-lloguer\/#breadcrumb","itemListElement":[{"@type":"ListItem","position":1,"name":"Inici","item":"https:\/\/www.boschapi.com\/fr\/"},{"@type":"ListItem","position":2,"name":"Allgemeinen mieterbedingungen"}]},{"@type":"WebSite","@id":"https:\/\/www.boschapi.com\/fr\/#website","url":"https:\/\/www.boschapi.com\/fr\/","name":"BOSCH API","description":"Compra venda i lloguer de cases i apartaments a l&#039;Escala","potentialAction":[{"@type":"SearchAction","target":{"@type":"EntryPoint","urlTemplate":"https:\/\/www.boschapi.com\/fr\/?s={search_term_string}"},"query-input":"required name=search_term_string"}],"inLanguage":"de"}]}},"_links":{"self":[{"href":"https:\/\/www.boschapi.com\/de\/wp-json\/wp\/v2\/pages\/8232"}],"collection":[{"href":"https:\/\/www.boschapi.com\/de\/wp-json\/wp\/v2\/pages"}],"about":[{"href":"https:\/\/www.boschapi.com\/de\/wp-json\/wp\/v2\/types\/page"}],"author":[{"embeddable":true,"href":"https:\/\/www.boschapi.com\/de\/wp-json\/wp\/v2\/users\/1"}],"replies":[{"embeddable":true,"href":"https:\/\/www.boschapi.com\/de\/wp-json\/wp\/v2\/comments?post=8232"}],"version-history":[{"count":2,"href":"https:\/\/www.boschapi.com\/de\/wp-json\/wp\/v2\/pages\/8232\/revisions"}],"predecessor-version":[{"id":9075,"href":"https:\/\/www.boschapi.com\/de\/wp-json\/wp\/v2\/pages\/8232\/revisions\/9075"}],"wp:attachment":[{"href":"https:\/\/www.boschapi.com\/de\/wp-json\/wp\/v2\/media?parent=8232"}],"curies":[{"name":"wp","href":"https:\/\/api.w.org\/{rel}","templated":true}]}}