{"id":8183,"date":"2016-07-29T09:12:13","date_gmt":"2016-07-29T07:12:13","guid":{"rendered":"http:\/\/www.boschapi.com\/construccio\/?lang=de"},"modified":"2018-03-29T20:43:20","modified_gmt":"2018-03-29T18:43:20","slug":"bau-und-renovierung-von-hausern","status":"publish","type":"page","link":"https:\/\/www.boschapi.com\/de\/bau-und-renovierung-von-hausern\/","title":{"rendered":"Konstruktion"},"content":{"rendered":"<h1>Bosch: Neubauten und Renovierung von H\u00e4usern, Geb\u00e4uden, \u00f6ffentlichen Berufs-und Privatgeb\u00e4uden.<\/h1>\n<h2>Seid unseren Anf\u00e4ngen ist ein gro\u00dfteil unserer Arbeit gewesen dass wir unseren Kunden die M\u00f6glichkeiten gegeben haben zu renovieren, anbauen, oder neu zu bauen, ohne dass es f\u00fcr sie n\u00f6tig war ein neues unternehmen zu suchen. Wir haben einen Architekten als festangestellter Mitarbeiter, f\u00fcr jede Art von Projekt, und wir sind verantwortlich f\u00fcr die notwendigen Industrie-und Versorgungsunternehmen und den zust\u00e4ndigen Beh\u00f6rden, sie als Kunde haben einen einzigen Ansprechpartner: BOSCH.<\/h2>\n<p><img decoding=\"async\" loading=\"lazy\" class=\"alignnone wp-image-121 size-full\" title=\"Konstruktion BoschApi\" src=\"http:\/\/www.boschapi.com\/wp-content\/uploads\/2016\/07\/piscina.jpg\" alt=\"piscina\" width=\"510\" height=\"289\" srcset=\"https:\/\/www.boschapi.com\/wp-content\/uploads\/2016\/07\/piscina.jpg 510w, https:\/\/www.boschapi.com\/wp-content\/uploads\/2016\/07\/piscina-150x85.jpg 150w, https:\/\/www.boschapi.com\/wp-content\/uploads\/2016\/07\/piscina-316x179.jpg 316w, https:\/\/www.boschapi.com\/wp-content\/uploads\/2016\/07\/piscina-300x170.jpg 300w\" sizes=\"(max-width: 510px) 100vw, 510px\" \/><\/p>\n<p>Bosch Bauunternehmer ist ein Familienunternehmen, das vor \u00fcber vierzig Jahren gegr\u00fcndet wurde und seither die h\u00f6chste Qualit\u00e4t beim Baumaterial hat. Die gro\u00dfen Ver\u00e4nderungen in der Entwicklung des Marktes hat nie verhindern k\u00f6nnen dass wir einen offenen Geist haben. All diese Jahre Erfahrung sind ein gutes Empfehlungsschreiben, und hat bewiesen dass wir Erfolg mit unserer Philosophie und unserem Geist haben. Das Team von Profis, hat ,m\u00f6glich gemacht das unser Unternehmen nicht nur einen sehr pers\u00f6nlichen Stempel hat, sondern auch einen ausgezeichneten Ruf genie\u00dfen.<\/p>\n<p>&nbsp;<\/p>\n<h3>Privater Neubau<\/h3>\n<p><strong>Einfamilienhaus in L&#8217;Escala<\/strong><\/p>\n<p><a href=\"http:\/\/www.boschapi.com\/wp-content\/uploads\/2016\/07\/pilans_plantes.pdf\" target=\"_blank\">Plantes<\/a><\/p>\n<p>&nbsp;<\/p>\n<h3>Private renovierung<\/h3>\n<p><strong>Apartment in der Altstadt von L&#8217;Escala (Umbau vom Einzelhandel)<\/strong><\/p>\n<p><a href=\"http:\/\/www.boschapi.com\/wp-content\/uploads\/2016\/07\/pelly_web.pdf\" target=\"_blank\">Plantes estat inicial i projecte<\/a><\/p>\n<p><img decoding=\"async\" loading=\"lazy\" class=\"alignnone wp-image-136 size-full\" title=\"Apartment in der Altstadt von L'Escala (Umbau vom Einzelhandel)\" src=\"http:\/\/www.boschapi.com\/wp-content\/uploads\/2016\/07\/construccio1-1.jpg\" alt=\"construccio1\" width=\"510\" height=\"489\" srcset=\"https:\/\/www.boschapi.com\/wp-content\/uploads\/2016\/07\/construccio1-1.jpg 510w, https:\/\/www.boschapi.com\/wp-content\/uploads\/2016\/07\/construccio1-1-150x144.jpg 150w, https:\/\/www.boschapi.com\/wp-content\/uploads\/2016\/07\/construccio1-1-229x220.jpg 229w, https:\/\/www.boschapi.com\/wp-content\/uploads\/2016\/07\/construccio1-1-300x288.jpg 300w\" sizes=\"(max-width: 510px) 100vw, 510px\" \/><\/p>\n<p>&nbsp;<\/p>\n<h3>Erweiterung und Sanierung von Einfamilienh\u00e4usern<\/h3>\n<p><a href=\"http:\/\/www.boschapi.com\/wp-content\/uploads\/2016\/07\/escuin_ea.pdf\" target=\"_blank\">Planta estat inicial<\/a><br \/>\n<a href=\"http:\/\/www.boschapi.com\/wp-content\/uploads\/2016\/07\/escuin_proj.pdf\" target=\"_blank\">Planta projecte ampliaci\u00f3<\/a><br \/>\n<a href=\"http:\/\/www.boschapi.com\/wp-content\/uploads\/2016\/07\/escuin_seccio.pdf\" target=\"_blank\">Secci\u00f3<\/a><\/p>\n<p>&nbsp;<\/p>\n<h3>Innenraum Renovierung von einer Wohnung<\/h3>\n<p><strong>Vorher<\/strong><\/p>\n<p><img decoding=\"async\" loading=\"lazy\" class=\"alignnone wp-image-144 size-full\" title=\"Innenraum Renovierung von einer Wohnung\" src=\"http:\/\/www.boschapi.com\/wp-content\/uploads\/2016\/07\/construccions-abans.jpg\" alt=\"construccions-abans\" width=\"510\" height=\"242\" srcset=\"https:\/\/www.boschapi.com\/wp-content\/uploads\/2016\/07\/construccions-abans.jpg 510w, https:\/\/www.boschapi.com\/wp-content\/uploads\/2016\/07\/construccions-abans-150x71.jpg 150w, https:\/\/www.boschapi.com\/wp-content\/uploads\/2016\/07\/construccions-abans-316x150.jpg 316w, https:\/\/www.boschapi.com\/wp-content\/uploads\/2016\/07\/construccions-abans-300x142.jpg 300w\" sizes=\"(max-width: 510px) 100vw, 510px\" \/><\/p>\n<p>&nbsp;<\/p>\n<p><strong>Nacheher<\/strong><\/p>\n<p><img decoding=\"async\" loading=\"lazy\" class=\"alignnone wp-image-145 size-full\" title=\"Innenraum Renovierung von einer Wohnung\" src=\"http:\/\/www.boschapi.com\/wp-content\/uploads\/2016\/07\/construccions-reforma.jpg\" alt=\"construccions-reforma\" width=\"510\" height=\"487\" srcset=\"https:\/\/www.boschapi.com\/wp-content\/uploads\/2016\/07\/construccions-reforma.jpg 510w, https:\/\/www.boschapi.com\/wp-content\/uploads\/2016\/07\/construccions-reforma-150x143.jpg 150w, https:\/\/www.boschapi.com\/wp-content\/uploads\/2016\/07\/construccions-reforma-230x220.jpg 230w, https:\/\/www.boschapi.com\/wp-content\/uploads\/2016\/07\/construccions-reforma-300x286.jpg 300w\" sizes=\"(max-width: 510px) 100vw, 510px\" \/><\/p>\n<p>&nbsp;<\/p>\n<h3>\u00d6ffentliche Anlagen<\/h3>\n<p><img decoding=\"async\" loading=\"lazy\" class=\"alignnone wp-image-147 size-full\" title=\"\u00d6ffentliche Anlagen\" src=\"http:\/\/www.boschapi.com\/wp-content\/uploads\/2016\/07\/exterior_1.jpg\" alt=\"exterior_1\" width=\"565\" height=\"266\" srcset=\"https:\/\/www.boschapi.com\/wp-content\/uploads\/2016\/07\/exterior_1.jpg 565w, https:\/\/www.boschapi.com\/wp-content\/uploads\/2016\/07\/exterior_1-150x71.jpg 150w, https:\/\/www.boschapi.com\/wp-content\/uploads\/2016\/07\/exterior_1-316x149.jpg 316w, https:\/\/www.boschapi.com\/wp-content\/uploads\/2016\/07\/exterior_1-300x141.jpg 300w\" sizes=\"(max-width: 565px) 100vw, 565px\" \/><br \/>\n<img decoding=\"async\" loading=\"lazy\" class=\"alignnone wp-image-148 size-full\" title=\"\u00d6ffentliche Anlagen\" src=\"http:\/\/www.boschapi.com\/wp-content\/uploads\/2016\/07\/exterior_2_p.jpg\" alt=\"exterior_2_p\" width=\"565\" height=\"275\" srcset=\"https:\/\/www.boschapi.com\/wp-content\/uploads\/2016\/07\/exterior_2_p.jpg 565w, https:\/\/www.boschapi.com\/wp-content\/uploads\/2016\/07\/exterior_2_p-150x73.jpg 150w, https:\/\/www.boschapi.com\/wp-content\/uploads\/2016\/07\/exterior_2_p-316x154.jpg 316w, https:\/\/www.boschapi.com\/wp-content\/uploads\/2016\/07\/exterior_2_p-300x146.jpg 300w\" sizes=\"(max-width: 565px) 100vw, 565px\" \/><br \/>\n<img decoding=\"async\" loading=\"lazy\" class=\"alignnone wp-image-149 size-full\" title=\"\u00d6ffentliche Anlagen\" src=\"http:\/\/www.boschapi.com\/wp-content\/uploads\/2016\/07\/exterior_3.jpg\" alt=\"exterior_3\" width=\"565\" height=\"388\" srcset=\"https:\/\/www.boschapi.com\/wp-content\/uploads\/2016\/07\/exterior_3.jpg 565w, https:\/\/www.boschapi.com\/wp-content\/uploads\/2016\/07\/exterior_3-150x103.jpg 150w, https:\/\/www.boschapi.com\/wp-content\/uploads\/2016\/07\/exterior_3-316x217.jpg 316w, https:\/\/www.boschapi.com\/wp-content\/uploads\/2016\/07\/exterior_3-300x206.jpg 300w\" sizes=\"(max-width: 565px) 100vw, 565px\" \/><\/p>\n<p>&nbsp;<\/p>\n<p><strong>Klubhaus<\/strong><\/p>\n<p><img decoding=\"async\" loading=\"lazy\" class=\"alignnone wp-image-151 size-full\" title=\"Klubhaus\" src=\"http:\/\/www.boschapi.com\/wp-content\/uploads\/2016\/07\/albons.jpg\" alt=\"albons\" width=\"510\" height=\"705\" srcset=\"https:\/\/www.boschapi.com\/wp-content\/uploads\/2016\/07\/albons.jpg 510w, https:\/\/www.boschapi.com\/wp-content\/uploads\/2016\/07\/albons-109x150.jpg 109w, https:\/\/www.boschapi.com\/wp-content\/uploads\/2016\/07\/albons-159x220.jpg 159w, https:\/\/www.boschapi.com\/wp-content\/uploads\/2016\/07\/albons-217x300.jpg 217w\" sizes=\"(max-width: 510px) 100vw, 510px\" \/><\/p>\n","protected":false},"excerpt":{"rendered":"<p>Bosch: Neubauten und Renovierung von H\u00e4usern, Geb\u00e4uden, \u00f6ffentlichen Berufs-und Privatgeb\u00e4uden. Seid unseren Anf\u00e4ngen ist ein gro\u00dfteil unserer Arbeit gewesen dass wir unseren Kunden die M\u00f6glichkeiten gegeben haben zu renovieren, anbauen, oder neu zu bauen, ohne dass es f\u00fcr sie n\u00f6tig war ein neues unternehmen zu suchen. Wir haben einen Architekten als festangestellter Mitarbeiter, f\u00fcr jede [&hellip;]<\/p>\n","protected":false},"author":1,"featured_media":0,"parent":0,"menu_order":0,"comment_status":"closed","ping_status":"closed","template":"","meta":[],"acf":[],"yoast_head":"<!-- This site is optimized with the Yoast SEO plugin v20.1 - https:\/\/yoast.com\/wordpress\/plugins\/seo\/ -->\n<title>Bau und Reparatur: H\u00e4user, Geb\u00e4ude | BOSCH API<\/title>\n<meta name=\"description\" content=\"Bau und Renovierung von H\u00e4usern, Wohngeb\u00e4uden, privaten Werken und \u00f6ffentlichen Arbeiten. Wir haben Architekten f\u00fcr jede Art von Projekt.\" \/>\n<meta name=\"robots\" content=\"index, follow, max-snippet:-1, max-image-preview:large, max-video-preview:-1\" \/>\n<link rel=\"canonical\" href=\"https:\/\/www.boschapi.com\/de\/bau-und-renovierung-von-hausern\/\" \/>\n<meta property=\"og:locale\" content=\"de_DE\" \/>\n<meta property=\"og:type\" content=\"article\" \/>\n<meta property=\"og:title\" content=\"Bau und Reparatur: H\u00e4user, Geb\u00e4ude | BOSCH API\" \/>\n<meta property=\"og:description\" content=\"Bau und Renovierung von H\u00e4usern, Wohngeb\u00e4uden, privaten Werken und \u00f6ffentlichen Arbeiten. Wir haben Architekten f\u00fcr jede Art von Projekt.\" \/>\n<meta property=\"og:url\" content=\"https:\/\/www.boschapi.com\/de\/bau-und-renovierung-von-hausern\/\" \/>\n<meta property=\"og:site_name\" content=\"BOSCH API\" \/>\n<meta property=\"article:modified_time\" content=\"2018-03-29T18:43:20+00:00\" \/>\n<meta property=\"og:image\" content=\"http:\/\/www.boschapi.com\/wp-content\/uploads\/2016\/07\/piscina.jpg\" \/>\n<meta name=\"twitter:card\" content=\"summary_large_image\" \/>\n<meta name=\"twitter:label1\" content=\"Gesch\u00e4tzte Lesezeit\" \/>\n\t<meta name=\"twitter:data1\" content=\"1\u00a0Minute\" \/>\n<script type=\"application\/ld+json\" class=\"yoast-schema-graph\">{\"@context\":\"https:\/\/schema.org\",\"@graph\":[{\"@type\":\"WebPage\",\"@id\":\"https:\/\/www.boschapi.com\/de\/bau-und-renovierung-von-hausern\/\",\"url\":\"https:\/\/www.boschapi.com\/de\/bau-und-renovierung-von-hausern\/\",\"name\":\"Bau und Reparatur: H\u00e4user, Geb\u00e4ude | BOSCH API\",\"isPartOf\":{\"@id\":\"https:\/\/www.boschapi.com\/fr\/#website\"},\"datePublished\":\"2016-07-29T07:12:13+00:00\",\"dateModified\":\"2018-03-29T18:43:20+00:00\",\"description\":\"Bau und Renovierung von H\u00e4usern, Wohngeb\u00e4uden, privaten Werken und \u00f6ffentlichen Arbeiten. Wir haben Architekten f\u00fcr jede Art von Projekt.\",\"breadcrumb\":{\"@id\":\"https:\/\/www.boschapi.com\/de\/bau-und-renovierung-von-hausern\/#breadcrumb\"},\"inLanguage\":\"de\",\"potentialAction\":[{\"@type\":\"ReadAction\",\"target\":[\"https:\/\/www.boschapi.com\/de\/bau-und-renovierung-von-hausern\/\"]}]},{\"@type\":\"BreadcrumbList\",\"@id\":\"https:\/\/www.boschapi.com\/de\/bau-und-renovierung-von-hausern\/#breadcrumb\",\"itemListElement\":[{\"@type\":\"ListItem\",\"position\":1,\"name\":\"Inici\",\"item\":\"https:\/\/www.boschapi.com\/fr\/\"},{\"@type\":\"ListItem\",\"position\":2,\"name\":\"Konstruktion\"}]},{\"@type\":\"WebSite\",\"@id\":\"https:\/\/www.boschapi.com\/fr\/#website\",\"url\":\"https:\/\/www.boschapi.com\/fr\/\",\"name\":\"BOSCH API\",\"description\":\"Compra venda i lloguer de cases i apartaments a l&#039;Escala\",\"potentialAction\":[{\"@type\":\"SearchAction\",\"target\":{\"@type\":\"EntryPoint\",\"urlTemplate\":\"https:\/\/www.boschapi.com\/fr\/?s={search_term_string}\"},\"query-input\":\"required name=search_term_string\"}],\"inLanguage\":\"de\"}]}<\/script>\n<!-- \/ Yoast SEO plugin. -->","yoast_head_json":{"title":"Bau und Reparatur: H\u00e4user, Geb\u00e4ude | BOSCH API","description":"Bau und Renovierung von H\u00e4usern, Wohngeb\u00e4uden, privaten Werken und \u00f6ffentlichen Arbeiten. Wir haben Architekten f\u00fcr jede Art von Projekt.","robots":{"index":"index","follow":"follow","max-snippet":"max-snippet:-1","max-image-preview":"max-image-preview:large","max-video-preview":"max-video-preview:-1"},"canonical":"https:\/\/www.boschapi.com\/de\/bau-und-renovierung-von-hausern\/","og_locale":"de_DE","og_type":"article","og_title":"Bau und Reparatur: H\u00e4user, Geb\u00e4ude | BOSCH API","og_description":"Bau und Renovierung von H\u00e4usern, Wohngeb\u00e4uden, privaten Werken und \u00f6ffentlichen Arbeiten. Wir haben Architekten f\u00fcr jede Art von Projekt.","og_url":"https:\/\/www.boschapi.com\/de\/bau-und-renovierung-von-hausern\/","og_site_name":"BOSCH API","article_modified_time":"2018-03-29T18:43:20+00:00","og_image":[{"url":"http:\/\/www.boschapi.com\/wp-content\/uploads\/2016\/07\/piscina.jpg"}],"twitter_card":"summary_large_image","twitter_misc":{"Gesch\u00e4tzte Lesezeit":"1\u00a0Minute"},"schema":{"@context":"https:\/\/schema.org","@graph":[{"@type":"WebPage","@id":"https:\/\/www.boschapi.com\/de\/bau-und-renovierung-von-hausern\/","url":"https:\/\/www.boschapi.com\/de\/bau-und-renovierung-von-hausern\/","name":"Bau und Reparatur: H\u00e4user, Geb\u00e4ude | BOSCH API","isPartOf":{"@id":"https:\/\/www.boschapi.com\/fr\/#website"},"datePublished":"2016-07-29T07:12:13+00:00","dateModified":"2018-03-29T18:43:20+00:00","description":"Bau und Renovierung von H\u00e4usern, Wohngeb\u00e4uden, privaten Werken und \u00f6ffentlichen Arbeiten. Wir haben Architekten f\u00fcr jede Art von Projekt.","breadcrumb":{"@id":"https:\/\/www.boschapi.com\/de\/bau-und-renovierung-von-hausern\/#breadcrumb"},"inLanguage":"de","potentialAction":[{"@type":"ReadAction","target":["https:\/\/www.boschapi.com\/de\/bau-und-renovierung-von-hausern\/"]}]},{"@type":"BreadcrumbList","@id":"https:\/\/www.boschapi.com\/de\/bau-und-renovierung-von-hausern\/#breadcrumb","itemListElement":[{"@type":"ListItem","position":1,"name":"Inici","item":"https:\/\/www.boschapi.com\/fr\/"},{"@type":"ListItem","position":2,"name":"Konstruktion"}]},{"@type":"WebSite","@id":"https:\/\/www.boschapi.com\/fr\/#website","url":"https:\/\/www.boschapi.com\/fr\/","name":"BOSCH API","description":"Compra venda i lloguer de cases i apartaments a l&#039;Escala","potentialAction":[{"@type":"SearchAction","target":{"@type":"EntryPoint","urlTemplate":"https:\/\/www.boschapi.com\/fr\/?s={search_term_string}"},"query-input":"required name=search_term_string"}],"inLanguage":"de"}]}},"_links":{"self":[{"href":"https:\/\/www.boschapi.com\/de\/wp-json\/wp\/v2\/pages\/8183"}],"collection":[{"href":"https:\/\/www.boschapi.com\/de\/wp-json\/wp\/v2\/pages"}],"about":[{"href":"https:\/\/www.boschapi.com\/de\/wp-json\/wp\/v2\/types\/page"}],"author":[{"embeddable":true,"href":"https:\/\/www.boschapi.com\/de\/wp-json\/wp\/v2\/users\/1"}],"replies":[{"embeddable":true,"href":"https:\/\/www.boschapi.com\/de\/wp-json\/wp\/v2\/comments?post=8183"}],"version-history":[{"count":3,"href":"https:\/\/www.boschapi.com\/de\/wp-json\/wp\/v2\/pages\/8183\/revisions"}],"predecessor-version":[{"id":12358,"href":"https:\/\/www.boschapi.com\/de\/wp-json\/wp\/v2\/pages\/8183\/revisions\/12358"}],"wp:attachment":[{"href":"https:\/\/www.boschapi.com\/de\/wp-json\/wp\/v2\/media?parent=8183"}],"curies":[{"name":"wp","href":"https:\/\/api.w.org\/{rel}","templated":true}]}}