{"id":8164,"date":"2016-07-29T08:30:54","date_gmt":"2016-07-29T06:30:54","guid":{"rendered":"http:\/\/www.boschapi.com\/assegurances\/?lang=de"},"modified":"2018-03-29T20:49:21","modified_gmt":"2018-03-29T18:49:21","slug":"versicherungen","status":"publish","type":"page","link":"https:\/\/www.boschapi.com\/de\/versicherungen\/","title":{"rendered":"Versicherungen"},"content":{"rendered":"<h1>Versicherungen mit Catalana Occident<\/h1>\n<h2>Bosch bietet und verwaltet eine breite Palette von Versicherungen in l&#8217;Escala<\/h2>\n<p>wir sind versicherungsvertreter der Catalana Occidente und wir k\u00f6nnen Ihnen alle Arten von Versicherungen anbieten: Versicherungen ihren Bau, Familie, Haus, Auto, Leben, etc &#8230;<\/p>\n<p>&nbsp;<\/p>\n<h3>Multi-Risiko-Versicherung f\u00fcr Haus und Familie<\/h3>\n<p>Mit dieser versicherung k\u00f6nnen Sie Ihre Familie und Ihr Zuhause gegen die h\u00e4ufigsten Risiken sch\u00fctzen.<br \/>\nDie Verm\u00f6genswerte und Verbindlichkeitensind:<\/p>\n<ul>\n<li><strong>Kontinent:<\/strong> ist das Geb\u00e4ude oder einen Teil davon, wo der Versicherte wohnt.<\/li>\n<li><strong>Inhalt:<\/strong> beinhaltet Elemente, die im Inneren des Hauses sind.<\/li>\n<li><strong>Familienhaftung:<\/strong> im Falle dass Sch\u00e4den an Dritte auf tauchen k\u00f6nnen sie uns kontaktieren.<\/li>\n<li><strong>Die Rechtskosten der Verteidigung:<\/strong> Die Verteidigung ihrer Interessen f\u00fcr Anspr\u00fcche ab oder Anspr\u00fcche die an sie gestellt werden k\u00f6nnen.<\/li>\n<\/ul>\n<p>Die Garantien der Versicherung k\u00f6nnen kombiniert werden, um Risiken wie Feuer, Diebstahl, Wassersch\u00e4den, usw. ab zu deken.<\/p>\n<h3><\/h3>\n<p>&nbsp;<\/p>\n<p><strong>Versicherung mit allen Vorteilen<\/strong><\/p>\n<p>Multirisk-Haus Versicherung deckt dieh\u00e4ufigsten Risikogruppen ab, verwenden und genie\u00dfen Sie eine Wohnung.<\/p>\n<p>&nbsp;<\/p>\n<h3>Dienst Asitur<\/h3>\n<p>F\u00fcr ihre Familie zur Verf\u00fcgung Asitur Service, der L\u00f6sungen f\u00fcr Notf\u00e4lle (Schlosser, Elektro) und Unterst\u00fctzung (Senden Profis f\u00fcr Reparaturen durch den Kunden, W\u00e4schereien, Restaurants, Hotels setzen. ..).<\/p>\n<p>Durch den Aufruf <strong>902 100 326<\/strong> erhalten unsere Kunden sofortige Aufmerksamkeit.<\/p>\n<p>&nbsp;<\/p>\n<h3>Telefon Service<\/h3>\n<p>Bietet unsere Versicherten eine sofort Beratung, <strong>24 Stunden am Tag, 365 Tage im Jahr<\/strong>. Durch den Aufruf <strong>900 369 369<\/strong>, dient der medizinischen Ausr\u00fcstung in \u00dcbereinstimmung mit den folgenden Feldern:<\/p>\n<ul>\n<li>Der Spezialist Zuhause f\u00fcr diejenigen Notf\u00e4lle, Krankheit, Unfall oder Situationen, die den Rat eines professionellen erfordert.<\/li>\n<li>Informationen \u00fcber Sozialhilfe und Annahme-Zentren, Altersbetreuung, Beh\u00f6rdenverfahren, Missbrauch, etc..<\/li>\n<li>Medizinische Beratung oder soziale angesprochen H\u00f6rbehinderte und \u00fcber Fax 902 158 742.<\/li>\n<li>Beratung. Ein Team von Psychologen wird kostenlos zu verf\u00fcgung gestellt ohne Termin.<\/li>\n<\/ul>\n<p>&nbsp;<\/p>\n<h3>Sonstige Versicherungen<\/h3>\n<ul>\n<li>Kfz-Versicherung<\/li>\n<li>Motorrad-Versicherung<\/li>\n<li>Wohngeb\u00e4udeversicherung<\/li>\n<li>Versicherung f\u00fcr Vermietungen<\/li>\n<li>Gemeinde versicherungen<\/li>\n<li>Lebensversicherung<\/li>\n<li>Versicherungen Fernversorgung<\/li>\n<li>Krankenversicherung<\/li>\n<li>Beerdigungs Versicherungen<\/li>\n<li>Unfallversicherung<\/li>\n<li>Sparen f\u00fcr den Ruhestand<\/li>\n<li>Investmentfonds<\/li>\n<li>PIAS (Individual Savings Plan Sistm\u00e0tic)<\/li>\n<li>Vorsorge<\/li>\n<\/ul>\n<p>&nbsp;<\/p>\n<p><img decoding=\"async\" loading=\"lazy\" class=\"alignnone size-full wp-image-103\" src=\"http:\/\/www.boschapi.com\/wp-content\/uploads\/2016\/07\/logo-cat.gif\" alt=\"logo-cat\" width=\"193\" height=\"70\" srcset=\"https:\/\/www.boschapi.com\/wp-content\/uploads\/2016\/07\/logo-cat.gif 193w, https:\/\/www.boschapi.com\/wp-content\/uploads\/2016\/07\/logo-cat-150x54.gif 150w\" sizes=\"(max-width: 193px) 100vw, 193px\" \/><\/p>\n<p>F\u00fcr mer informationen\u00a0<a href=\"http:\/\/www.seguroscatalanaoccidente.com\/cat\" target=\"_blank\">www.seguroscatalanaoccidente.com\/cat<\/a><\/p>\n","protected":false},"excerpt":{"rendered":"<p>Versicherungen mit Catalana Occident Bosch bietet und verwaltet eine breite Palette von Versicherungen in l&#8217;Escala wir sind versicherungsvertreter der Catalana Occidente und wir k\u00f6nnen Ihnen alle Arten von Versicherungen anbieten: Versicherungen ihren Bau, Familie, Haus, Auto, Leben, etc &#8230; &nbsp; Multi-Risiko-Versicherung f\u00fcr Haus und Familie Mit dieser versicherung k\u00f6nnen Sie Ihre Familie und Ihr Zuhause [&hellip;]<\/p>\n","protected":false},"author":1,"featured_media":0,"parent":0,"menu_order":0,"comment_status":"closed","ping_status":"closed","template":"","meta":[],"acf":[],"yoast_head":"<!-- This site is optimized with the Yoast SEO plugin v20.1 - https:\/\/yoast.com\/wordpress\/plugins\/seo\/ -->\n<title>Versicherung mit Catalana Occident in L&#039;Escala | BOSCH API<\/title>\n<meta name=\"description\" content=\"Versicherungen aller Art mit der Garantie der Firma Catalana Occident. Bosch bietet und verwaltet eine breite Palette von Versicherungen in L&#039;Escala\" \/>\n<meta name=\"robots\" content=\"index, follow, max-snippet:-1, max-image-preview:large, max-video-preview:-1\" \/>\n<link rel=\"canonical\" href=\"https:\/\/www.boschapi.com\/de\/versicherungen\/\" \/>\n<meta property=\"og:locale\" content=\"de_DE\" \/>\n<meta property=\"og:type\" content=\"article\" \/>\n<meta property=\"og:title\" content=\"Versicherung mit Catalana Occident in L&#039;Escala | BOSCH API\" \/>\n<meta property=\"og:description\" content=\"Versicherungen aller Art mit der Garantie der Firma Catalana Occident. Bosch bietet und verwaltet eine breite Palette von Versicherungen in L&#039;Escala\" \/>\n<meta property=\"og:url\" content=\"https:\/\/www.boschapi.com\/de\/versicherungen\/\" \/>\n<meta property=\"og:site_name\" content=\"BOSCH API\" \/>\n<meta property=\"article:modified_time\" content=\"2018-03-29T18:49:21+00:00\" \/>\n<meta property=\"og:image\" content=\"http:\/\/www.boschapi.com\/wp-content\/uploads\/2016\/07\/logo-cat.gif\" \/>\n<meta name=\"twitter:card\" content=\"summary_large_image\" \/>\n<meta name=\"twitter:label1\" content=\"Gesch\u00e4tzte Lesezeit\" \/>\n\t<meta name=\"twitter:data1\" content=\"2\u00a0Minuten\" \/>\n<script type=\"application\/ld+json\" class=\"yoast-schema-graph\">{\"@context\":\"https:\/\/schema.org\",\"@graph\":[{\"@type\":\"WebPage\",\"@id\":\"https:\/\/www.boschapi.com\/de\/versicherungen\/\",\"url\":\"https:\/\/www.boschapi.com\/de\/versicherungen\/\",\"name\":\"Versicherung mit Catalana Occident in L'Escala | BOSCH API\",\"isPartOf\":{\"@id\":\"https:\/\/www.boschapi.com\/fr\/#website\"},\"datePublished\":\"2016-07-29T06:30:54+00:00\",\"dateModified\":\"2018-03-29T18:49:21+00:00\",\"description\":\"Versicherungen aller Art mit der Garantie der Firma Catalana Occident. Bosch bietet und verwaltet eine breite Palette von Versicherungen in L'Escala\",\"breadcrumb\":{\"@id\":\"https:\/\/www.boschapi.com\/de\/versicherungen\/#breadcrumb\"},\"inLanguage\":\"de\",\"potentialAction\":[{\"@type\":\"ReadAction\",\"target\":[\"https:\/\/www.boschapi.com\/de\/versicherungen\/\"]}]},{\"@type\":\"BreadcrumbList\",\"@id\":\"https:\/\/www.boschapi.com\/de\/versicherungen\/#breadcrumb\",\"itemListElement\":[{\"@type\":\"ListItem\",\"position\":1,\"name\":\"Inici\",\"item\":\"https:\/\/www.boschapi.com\/fr\/\"},{\"@type\":\"ListItem\",\"position\":2,\"name\":\"Versicherungen\"}]},{\"@type\":\"WebSite\",\"@id\":\"https:\/\/www.boschapi.com\/fr\/#website\",\"url\":\"https:\/\/www.boschapi.com\/fr\/\",\"name\":\"BOSCH API\",\"description\":\"Compra venda i lloguer de cases i apartaments a l&#039;Escala\",\"potentialAction\":[{\"@type\":\"SearchAction\",\"target\":{\"@type\":\"EntryPoint\",\"urlTemplate\":\"https:\/\/www.boschapi.com\/fr\/?s={search_term_string}\"},\"query-input\":\"required name=search_term_string\"}],\"inLanguage\":\"de\"}]}<\/script>\n<!-- \/ Yoast SEO plugin. -->","yoast_head_json":{"title":"Versicherung mit Catalana Occident in L'Escala | BOSCH API","description":"Versicherungen aller Art mit der Garantie der Firma Catalana Occident. Bosch bietet und verwaltet eine breite Palette von Versicherungen in L'Escala","robots":{"index":"index","follow":"follow","max-snippet":"max-snippet:-1","max-image-preview":"max-image-preview:large","max-video-preview":"max-video-preview:-1"},"canonical":"https:\/\/www.boschapi.com\/de\/versicherungen\/","og_locale":"de_DE","og_type":"article","og_title":"Versicherung mit Catalana Occident in L'Escala | BOSCH API","og_description":"Versicherungen aller Art mit der Garantie der Firma Catalana Occident. Bosch bietet und verwaltet eine breite Palette von Versicherungen in L'Escala","og_url":"https:\/\/www.boschapi.com\/de\/versicherungen\/","og_site_name":"BOSCH API","article_modified_time":"2018-03-29T18:49:21+00:00","og_image":[{"url":"http:\/\/www.boschapi.com\/wp-content\/uploads\/2016\/07\/logo-cat.gif"}],"twitter_card":"summary_large_image","twitter_misc":{"Gesch\u00e4tzte Lesezeit":"2\u00a0Minuten"},"schema":{"@context":"https:\/\/schema.org","@graph":[{"@type":"WebPage","@id":"https:\/\/www.boschapi.com\/de\/versicherungen\/","url":"https:\/\/www.boschapi.com\/de\/versicherungen\/","name":"Versicherung mit Catalana Occident in L'Escala | BOSCH API","isPartOf":{"@id":"https:\/\/www.boschapi.com\/fr\/#website"},"datePublished":"2016-07-29T06:30:54+00:00","dateModified":"2018-03-29T18:49:21+00:00","description":"Versicherungen aller Art mit der Garantie der Firma Catalana Occident. Bosch bietet und verwaltet eine breite Palette von Versicherungen in L'Escala","breadcrumb":{"@id":"https:\/\/www.boschapi.com\/de\/versicherungen\/#breadcrumb"},"inLanguage":"de","potentialAction":[{"@type":"ReadAction","target":["https:\/\/www.boschapi.com\/de\/versicherungen\/"]}]},{"@type":"BreadcrumbList","@id":"https:\/\/www.boschapi.com\/de\/versicherungen\/#breadcrumb","itemListElement":[{"@type":"ListItem","position":1,"name":"Inici","item":"https:\/\/www.boschapi.com\/fr\/"},{"@type":"ListItem","position":2,"name":"Versicherungen"}]},{"@type":"WebSite","@id":"https:\/\/www.boschapi.com\/fr\/#website","url":"https:\/\/www.boschapi.com\/fr\/","name":"BOSCH API","description":"Compra venda i lloguer de cases i apartaments a l&#039;Escala","potentialAction":[{"@type":"SearchAction","target":{"@type":"EntryPoint","urlTemplate":"https:\/\/www.boschapi.com\/fr\/?s={search_term_string}"},"query-input":"required name=search_term_string"}],"inLanguage":"de"}]}},"_links":{"self":[{"href":"https:\/\/www.boschapi.com\/de\/wp-json\/wp\/v2\/pages\/8164"}],"collection":[{"href":"https:\/\/www.boschapi.com\/de\/wp-json\/wp\/v2\/pages"}],"about":[{"href":"https:\/\/www.boschapi.com\/de\/wp-json\/wp\/v2\/types\/page"}],"author":[{"embeddable":true,"href":"https:\/\/www.boschapi.com\/de\/wp-json\/wp\/v2\/users\/1"}],"replies":[{"embeddable":true,"href":"https:\/\/www.boschapi.com\/de\/wp-json\/wp\/v2\/comments?post=8164"}],"version-history":[{"count":2,"href":"https:\/\/www.boschapi.com\/de\/wp-json\/wp\/v2\/pages\/8164\/revisions"}],"predecessor-version":[{"id":8176,"href":"https:\/\/www.boschapi.com\/de\/wp-json\/wp\/v2\/pages\/8164\/revisions\/8176"}],"wp:attachment":[{"href":"https:\/\/www.boschapi.com\/de\/wp-json\/wp\/v2\/media?parent=8164"}],"curies":[{"name":"wp","href":"https:\/\/api.w.org\/{rel}","templated":true}]}}